{"id":110818,"date":"2025-05-18T20:54:04","date_gmt":"2025-05-18T20:54:04","guid":{"rendered":"https:\/\/staging2.stylingagenten.com\/da\/produkt\/calvin-klein-women-edp-50ml\/"},"modified":"2025-11-19T11:58:32","modified_gmt":"2025-11-19T11:58:32","slug":"calvin-klein-women-edp-50ml","status":"publish","type":"product","link":"https:\/\/stylingagenten.com\/da\/produkt\/calvin-klein-women-edp-50ml\/","title":{"rendered":"Calvin Klein Women Edp 50ml"},"content":{"rendered":"<p>Calvin Klein Women er en feminin duft med et dejligt strejf af sensualitet. Duften er baseret p\u00e5 sp\u00e6ndingen mellem en let og aromatisk blomsterfriskhed og en moderne vanedannende blanding af tr\u00e6agtige noter. Den orange blomsts lethed blandes med eukalyptusbladenes sensualitet for at skabe en duft med en unik struktur uden gr\u00e6nser. Calvin Klein Women er en ukonventionel frisk og tr\u00e6agtig duft til KVINDER. <\/p>\n<p>Topnoter: eukalyptus, sort peber, citrus <br \/>Hjertenoter: appelsinblomst, magnolia, jasmin absolut <br \/>Basenoter: Alaska cedertr\u00e6, olibanum, ambrox<\/p>\n","protected":false},"excerpt":{"rendered":"<p>Calvin Klein Women er en feminin duft med et dejligt strejf af sensualitet. Duften er baseret p\u00e5 sp\u00e6ndingen mellem en let og aromatisk blomsterfriskhed og en moderne vanedannende blanding af tr\u00e6agtige noter. Den orange blomsts lethed blandes med eukalyptusbladenes sensualitet for at skabe en duft med en unik struktur uden gr\u00e6nser. Calvin Klein Women er [&hellip;]<\/p>\n","protected":false},"featured_media":110816,"comment_status":"open","ping_status":"closed","template":"","meta":{"_trash_the_other_posts":false},"product_brand":[],"product_cat":[737,706],"product_tag":[2670],"berocket_brand":[1014],"class_list":{"0":"post-110818","1":"product","2":"type-product","3":"status-publish","4":"has-post-thumbnail","6":"product_cat-calvin-klein-women","7":"product_cat-eau-de-parfum-dame","8":"product_tag-calvin-klein-women-edp","9":"pa_brand-calvin-klein","10":"pa_variant-50ml","11":"berocket_brand-calvin-klein","13":"first","14":"outofstock","15":"sale","16":"taxable","17":"shipping-taxable","18":"purchasable","19":"product-type-simple"},"_links":{"self":[{"href":"https:\/\/stylingagenten.com\/da\/wp-json\/wp\/v2\/product\/110818","targetHints":{"allow":["GET"]}}],"collection":[{"href":"https:\/\/stylingagenten.com\/da\/wp-json\/wp\/v2\/product"}],"about":[{"href":"https:\/\/stylingagenten.com\/da\/wp-json\/wp\/v2\/types\/product"}],"replies":[{"embeddable":true,"href":"https:\/\/stylingagenten.com\/da\/wp-json\/wp\/v2\/comments?post=110818"}],"version-history":[{"count":0,"href":"https:\/\/stylingagenten.com\/da\/wp-json\/wp\/v2\/product\/110818\/revisions"}],"wp:featuredmedia":[{"embeddable":true,"href":"https:\/\/stylingagenten.com\/da\/wp-json\/wp\/v2\/media\/110816"}],"wp:attachment":[{"href":"https:\/\/stylingagenten.com\/da\/wp-json\/wp\/v2\/media?parent=110818"}],"wp:term":[{"taxonomy":"product_brand","embeddable":true,"href":"https:\/\/stylingagenten.com\/da\/wp-json\/wp\/v2\/product_brand?post=110818"},{"taxonomy":"product_cat","embeddable":true,"href":"https:\/\/stylingagenten.com\/da\/wp-json\/wp\/v2\/product_cat?post=110818"},{"taxonomy":"product_tag","embeddable":true,"href":"https:\/\/stylingagenten.com\/da\/wp-json\/wp\/v2\/product_tag?post=110818"},{"taxonomy":"berocket_brand","embeddable":true,"href":"https:\/\/stylingagenten.com\/da\/wp-json\/wp\/v2\/berocket_brand?post=110818"}],"curies":[{"name":"wp","href":"https:\/\/api.w.org\/{rel}","templated":true}]}}