{"id":110809,"date":"2025-05-18T20:54:01","date_gmt":"2025-05-18T20:54:01","guid":{"rendered":"https:\/\/staging2.stylingagenten.com\/da\/produkt\/calvin-klein-one-shock-for-her-edt-100ml\/"},"modified":"2026-04-12T14:58:30","modified_gmt":"2026-04-12T14:58:30","slug":"calvin-klein-one-shock-for-her-edt-100ml","status":"publish","type":"product","link":"https:\/\/stylingagenten.com\/da\/produkt\/calvin-klein-one-shock-for-her-edt-100ml\/","title":{"rendered":"Calvin Klein One Shock For Her Edt 100ml"},"content":{"rendered":"<p>Calvin Klein One Shock For Her &auml;er en feminin og forfriskende parfume, der giver et vildt indtryk.<\/p>\n<p><strong>Duftnoter:&nbsp;<\/strong>passionsblomst, pink p\u00e6on, valmue, b\u00e6r , jasmin, p\u00e5skeliljer, m\u00f8rk kakao, rav, vanilje, moskus &amp; patchouli.<\/p>\n","protected":false},"excerpt":{"rendered":"<p>Calvin Klein One Shock For Her &auml;er en feminin og forfriskende parfume, der giver et vildt indtryk. Duftnoter:&nbsp;passionsblomst, pink p\u00e6on, valmue, b\u00e6r , jasmin, p\u00e5skeliljer, m\u00f8rk kakao, rav, vanilje, moskus &amp; patchouli.<\/p>\n","protected":false},"featured_media":110801,"comment_status":"open","ping_status":"closed","template":"","meta":{"_trash_the_other_posts":false},"product_brand":[],"product_cat":[707,735,999],"product_tag":[2663],"berocket_brand":[1014],"class_list":{"0":"post-110809","1":"product","2":"type-product","3":"status-publish","4":"has-post-thumbnail","6":"product_cat-eau-de-toilette-dame","7":"product_cat-kampagne","8":"product_cat-kampagnetilbud-til-hende","9":"product_tag-calvin-klein-one-shock-for-her-edt","10":"pa_brand-calvin-klein","11":"pa_variant-100ml","12":"berocket_brand-calvin-klein","14":"first","15":"instock","16":"sale","17":"taxable","18":"shipping-taxable","19":"purchasable","20":"product-type-simple"},"_links":{"self":[{"href":"https:\/\/stylingagenten.com\/da\/wp-json\/wp\/v2\/product\/110809","targetHints":{"allow":["GET"]}}],"collection":[{"href":"https:\/\/stylingagenten.com\/da\/wp-json\/wp\/v2\/product"}],"about":[{"href":"https:\/\/stylingagenten.com\/da\/wp-json\/wp\/v2\/types\/product"}],"replies":[{"embeddable":true,"href":"https:\/\/stylingagenten.com\/da\/wp-json\/wp\/v2\/comments?post=110809"}],"version-history":[{"count":0,"href":"https:\/\/stylingagenten.com\/da\/wp-json\/wp\/v2\/product\/110809\/revisions"}],"wp:featuredmedia":[{"embeddable":true,"href":"https:\/\/stylingagenten.com\/da\/wp-json\/wp\/v2\/media\/110801"}],"wp:attachment":[{"href":"https:\/\/stylingagenten.com\/da\/wp-json\/wp\/v2\/media?parent=110809"}],"wp:term":[{"taxonomy":"product_brand","embeddable":true,"href":"https:\/\/stylingagenten.com\/da\/wp-json\/wp\/v2\/product_brand?post=110809"},{"taxonomy":"product_cat","embeddable":true,"href":"https:\/\/stylingagenten.com\/da\/wp-json\/wp\/v2\/product_cat?post=110809"},{"taxonomy":"product_tag","embeddable":true,"href":"https:\/\/stylingagenten.com\/da\/wp-json\/wp\/v2\/product_tag?post=110809"},{"taxonomy":"berocket_brand","embeddable":true,"href":"https:\/\/stylingagenten.com\/da\/wp-json\/wp\/v2\/berocket_brand?post=110809"}],"curies":[{"name":"wp","href":"https:\/\/api.w.org\/{rel}","templated":true}]}}