{"id":110781,"date":"2025-05-18T20:53:55","date_gmt":"2025-05-18T20:53:55","guid":{"rendered":"https:\/\/staging2.stylingagenten.com\/da\/produkt\/aquolina-pink-sugar-berry-blast-edt-100ml\/"},"modified":"2026-03-17T21:47:36","modified_gmt":"2026-03-17T21:47:36","slug":"aquolina-pink-sugar-berry-blast-edt-100ml","status":"publish","type":"product","link":"https:\/\/stylingagenten.com\/da\/produkt\/aquolina-pink-sugar-berry-blast-edt-100ml\/","title":{"rendered":"Aquolina Pink Sugar Berry Blast Edt 100ml"},"content":{"rendered":"<p>Pink Sugar Berry Blast fra Aquolina er en blomstret frugtig gourmandduft til kvinder.<br \/>Topnoter: Bl\u00e5b\u00e6r, bromb\u00e6r, appelsin og bergamot<br \/>Hjertenoter: Candy, kirseb\u00e6r, vild donut og kork<br \/>Basenoter: Karamel , vanilje, tonkab\u00f8nner, cedertr\u00e6 og mos<\/p>\n","protected":false},"excerpt":{"rendered":"<p>Pink Sugar Berry Blast fra Aquolina er en blomstret frugtig gourmandduft til kvinder.Topnoter: Bl\u00e5b\u00e6r, bromb\u00e6r, appelsin og bergamotHjertenoter: Candy, kirseb\u00e6r, vild donut og korkBasenoter: Karamel , vanilje, tonkab\u00f8nner, cedertr\u00e6 og mos<\/p>\n","protected":false},"featured_media":110777,"comment_status":"open","ping_status":"closed","template":"","meta":{"_trash_the_other_posts":false},"product_brand":[],"product_cat":[707,735,999],"product_tag":[],"berocket_brand":[1061],"class_list":{"0":"post-110781","1":"product","2":"type-product","3":"status-publish","4":"has-post-thumbnail","6":"product_cat-eau-de-toilette-dame","7":"product_cat-kampagne","8":"product_cat-kampagnetilbud-til-hende","9":"pa_brand-aquolina","10":"berocket_brand-aquolina","12":"first","13":"instock","14":"sale","15":"taxable","16":"shipping-taxable","17":"purchasable","18":"product-type-simple"},"_links":{"self":[{"href":"https:\/\/stylingagenten.com\/da\/wp-json\/wp\/v2\/product\/110781","targetHints":{"allow":["GET"]}}],"collection":[{"href":"https:\/\/stylingagenten.com\/da\/wp-json\/wp\/v2\/product"}],"about":[{"href":"https:\/\/stylingagenten.com\/da\/wp-json\/wp\/v2\/types\/product"}],"replies":[{"embeddable":true,"href":"https:\/\/stylingagenten.com\/da\/wp-json\/wp\/v2\/comments?post=110781"}],"version-history":[{"count":0,"href":"https:\/\/stylingagenten.com\/da\/wp-json\/wp\/v2\/product\/110781\/revisions"}],"wp:featuredmedia":[{"embeddable":true,"href":"https:\/\/stylingagenten.com\/da\/wp-json\/wp\/v2\/media\/110777"}],"wp:attachment":[{"href":"https:\/\/stylingagenten.com\/da\/wp-json\/wp\/v2\/media?parent=110781"}],"wp:term":[{"taxonomy":"product_brand","embeddable":true,"href":"https:\/\/stylingagenten.com\/da\/wp-json\/wp\/v2\/product_brand?post=110781"},{"taxonomy":"product_cat","embeddable":true,"href":"https:\/\/stylingagenten.com\/da\/wp-json\/wp\/v2\/product_cat?post=110781"},{"taxonomy":"product_tag","embeddable":true,"href":"https:\/\/stylingagenten.com\/da\/wp-json\/wp\/v2\/product_tag?post=110781"},{"taxonomy":"berocket_brand","embeddable":true,"href":"https:\/\/stylingagenten.com\/da\/wp-json\/wp\/v2\/berocket_brand?post=110781"}],"curies":[{"name":"wp","href":"https:\/\/api.w.org\/{rel}","templated":true}]}}