{"id":110763,"date":"2025-05-18T20:53:52","date_gmt":"2025-05-18T20:53:52","guid":{"rendered":"https:\/\/staging2.stylingagenten.com\/da\/produkt\/replay-earth-made-amazonian-green-edt-200ml\/"},"modified":"2025-11-19T12:13:05","modified_gmt":"2025-11-19T12:13:05","slug":"replay-earth-made-amazonian-green-edt-200ml","status":"publish","type":"product","link":"https:\/\/stylingagenten.com\/da\/produkt\/replay-earth-made-amazonian-green-edt-200ml\/","title":{"rendered":"Replay Earth Made Amazonian Green Edt 200ml"},"content":{"rendered":"<p id=\"isPasted\">AMAZONISK GR\u00d8N &#8211; Naturlig kropsduft 200 ml \u2013 Eau de Toilette<\/p>\n<p style=\"text-align: left\">Skovens sj\u00e6l i en flaske beriget med Phytogaia\u2122 ekstrakt til bring alle fordelene ved naturlige planteekstrakter i \u00e9n duft. Topnoterne er en cocktail af frisk lime blandet med tropisk ananas og oplyst af pink peber. Gr\u00f8nne noter vises sammen med den uafh\u00e6ngige karakter af iris og cedertr\u00e6. Det hele hviler p\u00e5 en sikker sky af moskus og vanedannende tonkab\u00f8nne.<\/p>\n<p>Topnoter: Gr\u00f8n citron, limeblink, peruviansk rosenpeber, ananascocktail-orpur, italiensk citron-orpur<br \/>Hjertenoter: Orris Butter Orpur Frankrig, gr\u00f8nne st\u00e6ngler, texas cedertr\u00e6, sort peber Madagaskar Orpur<br \/>Basenoter: \u00c6del sandeltr\u00e6, tonkab\u00f8nne, moskus<br \/>&nbsp;<\/ p><\/p>\n<p>PHYTOGAIA\u2122 &#8211; Plantevelv\u00e6re i en duft af Givaudan<br \/>Inspireret af den japanske kunst at bade i skov, fanger Phytogaia\u2122 fordelene ved velv\u00e6re gennem molekyler udskilles af skovtr\u00e6er, der har vist sig at have en positiv effekt p\u00e5 mennesker. Disse molekyler, kaldet phytoncider, giver velv\u00e6refordele, n\u00e5r de bruges i dufte ved at forbedre forbrugernes hum\u00f8r og reducere stress og tr\u00e6thed. Givaudans videnskabelige team udf\u00f8rte en analyse for at forst\u00e5 dets flygtighed og sammens\u00e6tning, og resultaterne blev omsat til parfumeaftaler for parfum\u00f8rer for at skabe dufte, der positivt p\u00e5virker forbrugernes liv.<br \/>&nbsp;<\/p>\n<p>Earth made var inspireret af en kapsel fra Replays t\u00f8jlinje, som udelukkende er lavet af organiske fibre og farvet med ZDHC-certificerede organiske mineralpigmenter og \u00e6gtef\u00e6ller filosofien om at genoprette forbindelsen til jorden.<br \/>Fire naturlige kropsdufte, hvis navne hylder naturligheden af \u200b\u200bjordens farver &#8211; Toscana Gul, Antartica Blue, Amazonian Green, Arizona Orange &#8211; er oversat til en farverig palet af genbrugte essentielle glasflasker.<br \/>Duftene er k\u00f8nsneutral eau de toilette af certificeret naturlig oprindelse, 100% vegansk og med vegetabilske alkoholer, der sikrer langvarig og vedvarende duft. En helt \u00f8kologisk emballage skaber den perfekte ramme for disse innovative dufte. Antartica Blue og Amazonian Green er beriget med Thalassogaia\u2122 og Phytogaia\u2122 ekstrakter, hvilket sikrer maksimalt fysisk og mentalt velv\u00e6re og fordelene ved naturlige ekstrakter.<\/p>\n","protected":false},"excerpt":{"rendered":"<p>AMAZONISK GR\u00d8N &#8211; Naturlig kropsduft 200 ml \u2013 Eau de Toilette Skovens sj\u00e6l i en flaske beriget med Phytogaia\u2122 ekstrakt til bring alle fordelene ved naturlige planteekstrakter i \u00e9n duft. Topnoterne er en cocktail af frisk lime blandet med tropisk ananas og oplyst af pink peber. Gr\u00f8nne noter vises sammen med den uafh\u00e6ngige karakter af [&hellip;]<\/p>\n","protected":false},"featured_media":110746,"comment_status":"open","ping_status":"closed","template":"","meta":{"_trash_the_other_posts":false},"product_brand":[],"product_cat":[730,735,999,1005],"product_tag":[],"berocket_brand":[1120],"class_list":{"0":"post-110763","1":"product","2":"type-product","3":"status-publish","4":"has-post-thumbnail","6":"product_cat-eau-de-toilette-unisex","7":"product_cat-kampagne","8":"product_cat-kampagnetilbud-til-hende","9":"product_cat-outlet","10":"pa_brand-replay","11":"berocket_brand-replay","13":"first","14":"instock","15":"sale","16":"taxable","17":"shipping-taxable","18":"purchasable","19":"product-type-simple"},"_links":{"self":[{"href":"https:\/\/stylingagenten.com\/da\/wp-json\/wp\/v2\/product\/110763","targetHints":{"allow":["GET"]}}],"collection":[{"href":"https:\/\/stylingagenten.com\/da\/wp-json\/wp\/v2\/product"}],"about":[{"href":"https:\/\/stylingagenten.com\/da\/wp-json\/wp\/v2\/types\/product"}],"replies":[{"embeddable":true,"href":"https:\/\/stylingagenten.com\/da\/wp-json\/wp\/v2\/comments?post=110763"}],"version-history":[{"count":0,"href":"https:\/\/stylingagenten.com\/da\/wp-json\/wp\/v2\/product\/110763\/revisions"}],"wp:featuredmedia":[{"embeddable":true,"href":"https:\/\/stylingagenten.com\/da\/wp-json\/wp\/v2\/media\/110746"}],"wp:attachment":[{"href":"https:\/\/stylingagenten.com\/da\/wp-json\/wp\/v2\/media?parent=110763"}],"wp:term":[{"taxonomy":"product_brand","embeddable":true,"href":"https:\/\/stylingagenten.com\/da\/wp-json\/wp\/v2\/product_brand?post=110763"},{"taxonomy":"product_cat","embeddable":true,"href":"https:\/\/stylingagenten.com\/da\/wp-json\/wp\/v2\/product_cat?post=110763"},{"taxonomy":"product_tag","embeddable":true,"href":"https:\/\/stylingagenten.com\/da\/wp-json\/wp\/v2\/product_tag?post=110763"},{"taxonomy":"berocket_brand","embeddable":true,"href":"https:\/\/stylingagenten.com\/da\/wp-json\/wp\/v2\/berocket_brand?post=110763"}],"curies":[{"name":"wp","href":"https:\/\/api.w.org\/{rel}","templated":true}]}}