{"id":110759,"date":"2025-05-18T20:53:51","date_gmt":"2025-05-18T20:53:51","guid":{"rendered":"https:\/\/staging2.stylingagenten.com\/da\/produkt\/replay-earth-made-tuscany-yellow-edt-200ml\/"},"modified":"2025-11-19T12:13:04","modified_gmt":"2025-11-19T12:13:04","slug":"replay-earth-made-tuscany-yellow-edt-200ml","status":"publish","type":"product","link":"https:\/\/stylingagenten.com\/da\/produkt\/replay-earth-made-tuscany-yellow-edt-200ml\/","title":{"rendered":"Replay Earth Made Tuscany Yellow Edt 200ml"},"content":{"rendered":"<p>TUSCANY YELLOW &#8211; Naturlig kropsduft 200 ml \u2013 Eau de Toilette<\/p>\n<p>En frugtagtig, energigivende brise, der behageligt afk\u00f8ler den varme toscanske luft. Duften \u00e5bner med friskheden af \u200b\u200bhesperider, blandet med fl\u00f8jlsbl\u00f8de ferskner og forf\u00f8rende jasmin, pakket ind i cremet sandeltr\u00e6 og behagelig moskus.<\/p>\n<p>Topnoter: Green Mandarin Italy Orpur, Pink Grapefruit, Williams Pear, Italian Lemon<br \/> Hjertenoter: Jasmine Sambac India Orpur, Nectarine, Virginia Cedar Essence<br \/>Basenoter: Benzoin Resinoid Laos, Creamy Sandalwood Orpur, Sublime Musk<\/p>\n<p>Earth made var inspireret af en kapsel fra Replays t\u00f8jkollektion, som er lavet udelukkende af organiske fibre og farvet med ZDHC-certificerede organiske mineralpigmenter og g\u00e5r ind for filosofien om at genoprette forbindelsen til jorden. Fire naturlige kropsdufte, hvis navne hylder naturligheden af \u200b\u200bjordens farver &#8211; Tuscany Yellow, Antartica Blue, Amazonian Green, Arizona Orange &#8211; er oversat til en farverig palet af genbrugte essentielle glasflasker. Duftene er k\u00f8nsneutral eau de toilette af certificeret naturlig oprindelse, 100% vegansk og med vegetabilske alkoholer, der sikrer en langvarig og vedvarende duft. En helt \u00f8kologisk emballage skaber den perfekte ramme for disse innovative dufte. Antartica Blue og Amazonian Green er beriget med Thalassogaia\u2122 og Phytogaia\u2122 ekstrakter, hvilket sikrer maksimalt fysisk og mentalt velv\u00e6re og fordelene ved naturlige ekstrakter.<\/p>\n","protected":false},"excerpt":{"rendered":"<p>TUSCANY YELLOW &#8211; Naturlig kropsduft 200 ml \u2013 Eau de Toilette En frugtagtig, energigivende brise, der behageligt afk\u00f8ler den varme toscanske luft. Duften \u00e5bner med friskheden af \u200b\u200bhesperider, blandet med fl\u00f8jlsbl\u00f8de ferskner og forf\u00f8rende jasmin, pakket ind i cremet sandeltr\u00e6 og behagelig moskus. Topnoter: Green Mandarin Italy Orpur, Pink Grapefruit, Williams Pear, Italian Lemon Hjertenoter: [&hellip;]<\/p>\n","protected":false},"featured_media":110745,"comment_status":"open","ping_status":"closed","template":"","meta":{"_trash_the_other_posts":false},"product_brand":[],"product_cat":[730,735,999],"product_tag":[],"berocket_brand":[1120],"class_list":{"0":"post-110759","1":"product","2":"type-product","3":"status-publish","4":"has-post-thumbnail","6":"product_cat-eau-de-toilette-unisex","7":"product_cat-kampagne","8":"product_cat-kampagnetilbud-til-hende","9":"pa_brand-replay","10":"berocket_brand-replay","12":"first","13":"instock","14":"sale","15":"taxable","16":"shipping-taxable","17":"purchasable","18":"product-type-simple"},"_links":{"self":[{"href":"https:\/\/stylingagenten.com\/da\/wp-json\/wp\/v2\/product\/110759","targetHints":{"allow":["GET"]}}],"collection":[{"href":"https:\/\/stylingagenten.com\/da\/wp-json\/wp\/v2\/product"}],"about":[{"href":"https:\/\/stylingagenten.com\/da\/wp-json\/wp\/v2\/types\/product"}],"replies":[{"embeddable":true,"href":"https:\/\/stylingagenten.com\/da\/wp-json\/wp\/v2\/comments?post=110759"}],"version-history":[{"count":0,"href":"https:\/\/stylingagenten.com\/da\/wp-json\/wp\/v2\/product\/110759\/revisions"}],"wp:featuredmedia":[{"embeddable":true,"href":"https:\/\/stylingagenten.com\/da\/wp-json\/wp\/v2\/media\/110745"}],"wp:attachment":[{"href":"https:\/\/stylingagenten.com\/da\/wp-json\/wp\/v2\/media?parent=110759"}],"wp:term":[{"taxonomy":"product_brand","embeddable":true,"href":"https:\/\/stylingagenten.com\/da\/wp-json\/wp\/v2\/product_brand?post=110759"},{"taxonomy":"product_cat","embeddable":true,"href":"https:\/\/stylingagenten.com\/da\/wp-json\/wp\/v2\/product_cat?post=110759"},{"taxonomy":"product_tag","embeddable":true,"href":"https:\/\/stylingagenten.com\/da\/wp-json\/wp\/v2\/product_tag?post=110759"},{"taxonomy":"berocket_brand","embeddable":true,"href":"https:\/\/stylingagenten.com\/da\/wp-json\/wp\/v2\/berocket_brand?post=110759"}],"curies":[{"name":"wp","href":"https:\/\/api.w.org\/{rel}","templated":true}]}}