{"id":110747,"date":"2025-05-18T20:53:49","date_gmt":"2025-05-18T20:53:49","guid":{"rendered":"https:\/\/staging2.stylingagenten.com\/da\/produkt\/moschino-cheap-and-chic-i-love-love-edt-50ml\/"},"modified":"2026-04-13T18:27:31","modified_gmt":"2026-04-13T18:27:31","slug":"moschino-cheap-and-chic-i-love-love-edt-50ml","status":"publish","type":"product","link":"https:\/\/stylingagenten.com\/da\/produkt\/moschino-cheap-and-chic-i-love-love-edt-50ml\/","title":{"rendered":"Moschino Cheap And Chic I Love Love Edt 50ml"},"content":{"rendered":"<p>Moschino Cheap And Chic I Love Love er en farverig, legende og drilsk duft. Oplev duften af \u200b\u200bk\u00e6rlighed, mens den italienske modedesigner Moschino ser k\u00e6rligheden.<\/p>\n<p><strong>Duftnoter:&nbsp;<\/strong>appelsin, citron, grapefrugt, r\u00f8de druer, liljekonval, rose, kanelblad , tanaka tr\u00e6, moskus &amp; cedertr\u00e6&auml;.<\/p>\n","protected":false},"excerpt":{"rendered":"<p>Moschino Cheap And Chic I Love Love er en farverig, legende og drilsk duft. Oplev duften af \u200b\u200bk\u00e6rlighed, mens den italienske modedesigner Moschino ser k\u00e6rligheden. Duftnoter:&nbsp;appelsin, citron, grapefrugt, r\u00f8de druer, liljekonval, rose, kanelblad , tanaka tr\u00e6, moskus &amp; cedertr\u00e6&auml;.<\/p>\n","protected":false},"featured_media":110743,"comment_status":"open","ping_status":"closed","template":"","meta":{"_trash_the_other_posts":false},"product_brand":[],"product_cat":[1003,707,735,999],"product_tag":[3618],"berocket_brand":[1084],"class_list":{"0":"post-110747","1":"product","2":"type-product","3":"status-publish","4":"has-post-thumbnail","6":"product_cat-bestsellere","7":"product_cat-eau-de-toilette-dame","8":"product_cat-kampagne","9":"product_cat-kampagnetilbud-til-hende","10":"product_tag-moschino-cheap-and-chic-i-love-love-edt","11":"pa_brand-moschino","12":"pa_variant-50ml","13":"berocket_brand-moschino","15":"first","16":"outofstock","17":"sale","18":"taxable","19":"shipping-taxable","20":"purchasable","21":"product-type-simple"},"_links":{"self":[{"href":"https:\/\/stylingagenten.com\/da\/wp-json\/wp\/v2\/product\/110747","targetHints":{"allow":["GET"]}}],"collection":[{"href":"https:\/\/stylingagenten.com\/da\/wp-json\/wp\/v2\/product"}],"about":[{"href":"https:\/\/stylingagenten.com\/da\/wp-json\/wp\/v2\/types\/product"}],"replies":[{"embeddable":true,"href":"https:\/\/stylingagenten.com\/da\/wp-json\/wp\/v2\/comments?post=110747"}],"version-history":[{"count":0,"href":"https:\/\/stylingagenten.com\/da\/wp-json\/wp\/v2\/product\/110747\/revisions"}],"wp:featuredmedia":[{"embeddable":true,"href":"https:\/\/stylingagenten.com\/da\/wp-json\/wp\/v2\/media\/110743"}],"wp:attachment":[{"href":"https:\/\/stylingagenten.com\/da\/wp-json\/wp\/v2\/media?parent=110747"}],"wp:term":[{"taxonomy":"product_brand","embeddable":true,"href":"https:\/\/stylingagenten.com\/da\/wp-json\/wp\/v2\/product_brand?post=110747"},{"taxonomy":"product_cat","embeddable":true,"href":"https:\/\/stylingagenten.com\/da\/wp-json\/wp\/v2\/product_cat?post=110747"},{"taxonomy":"product_tag","embeddable":true,"href":"https:\/\/stylingagenten.com\/da\/wp-json\/wp\/v2\/product_tag?post=110747"},{"taxonomy":"berocket_brand","embeddable":true,"href":"https:\/\/stylingagenten.com\/da\/wp-json\/wp\/v2\/berocket_brand?post=110747"}],"curies":[{"name":"wp","href":"https:\/\/api.w.org\/{rel}","templated":true}]}}