{"id":110735,"date":"2025-05-18T20:53:47","date_gmt":"2025-05-18T20:53:47","guid":{"rendered":"https:\/\/staging2.stylingagenten.com\/da\/produkt\/replay-tank-plate-for-her-edt-100ml\/"},"modified":"2026-04-11T09:18:42","modified_gmt":"2026-04-11T09:18:42","slug":"replay-tank-plate-for-her-edt-100ml","status":"publish","type":"product","link":"https:\/\/stylingagenten.com\/da\/produkt\/replay-tank-plate-for-her-edt-100ml\/","title":{"rendered":"Replay # Tank Plate For Her Edt 100ml"},"content":{"rendered":"<p>Replay #TANK Plate for Her har den originale tankformede flaske beriget med en i\u00f8jnefaldende metallisk pink finish. Denne nye kreation, dedikeret til Replay-piger, er en berusende duft, der kombinerer feminin forf\u00f8relse og farverig lykke. S\u00f8de r\u00f8de frugter spiller med frisk fresia og bl\u00f8d mandel i topnoterne. Forf\u00f8rende hjertenoter af jasmin, saftig fersken og pulveragtig iris er forseglet af cremet vanilje, rav og tonkab\u00f8nner.<\/p>\n<p>Topnoter: Mandel, R\u00f8de frugter, Freesia<br \/>Hjertenoter: Fersken, Iris, Tuberose, Jasmin <br \/>Basenoter: Vanilje, Tonkab\u00f8nne, Sandeltr\u00e6, Rav<\/p>\n","protected":false},"excerpt":{"rendered":"<p>Replay #TANK Plate for Her har den originale tankformede flaske beriget med en i\u00f8jnefaldende metallisk pink finish. Denne nye kreation, dedikeret til Replay-piger, er en berusende duft, der kombinerer feminin forf\u00f8relse og farverig lykke. S\u00f8de r\u00f8de frugter spiller med frisk fresia og bl\u00f8d mandel i topnoterne. Forf\u00f8rende hjertenoter af jasmin, saftig fersken og pulveragtig iris [&hellip;]<\/p>\n","protected":false},"featured_media":110730,"comment_status":"open","ping_status":"closed","template":"","meta":{"_trash_the_other_posts":false},"product_brand":[],"product_cat":[707,735,999],"product_tag":[3895],"berocket_brand":[1120],"class_list":{"0":"post-110735","1":"product","2":"type-product","3":"status-publish","4":"has-post-thumbnail","6":"product_cat-eau-de-toilette-dame","7":"product_cat-kampagne","8":"product_cat-kampagnetilbud-til-hende","9":"product_tag-replay-tank-plate-for-her-edt","10":"pa_brand-replay","11":"pa_variant-100ml","12":"berocket_brand-replay","14":"first","15":"instock","16":"sale","17":"taxable","18":"shipping-taxable","19":"purchasable","20":"product-type-simple"},"_links":{"self":[{"href":"https:\/\/stylingagenten.com\/da\/wp-json\/wp\/v2\/product\/110735","targetHints":{"allow":["GET"]}}],"collection":[{"href":"https:\/\/stylingagenten.com\/da\/wp-json\/wp\/v2\/product"}],"about":[{"href":"https:\/\/stylingagenten.com\/da\/wp-json\/wp\/v2\/types\/product"}],"replies":[{"embeddable":true,"href":"https:\/\/stylingagenten.com\/da\/wp-json\/wp\/v2\/comments?post=110735"}],"version-history":[{"count":0,"href":"https:\/\/stylingagenten.com\/da\/wp-json\/wp\/v2\/product\/110735\/revisions"}],"wp:featuredmedia":[{"embeddable":true,"href":"https:\/\/stylingagenten.com\/da\/wp-json\/wp\/v2\/media\/110730"}],"wp:attachment":[{"href":"https:\/\/stylingagenten.com\/da\/wp-json\/wp\/v2\/media?parent=110735"}],"wp:term":[{"taxonomy":"product_brand","embeddable":true,"href":"https:\/\/stylingagenten.com\/da\/wp-json\/wp\/v2\/product_brand?post=110735"},{"taxonomy":"product_cat","embeddable":true,"href":"https:\/\/stylingagenten.com\/da\/wp-json\/wp\/v2\/product_cat?post=110735"},{"taxonomy":"product_tag","embeddable":true,"href":"https:\/\/stylingagenten.com\/da\/wp-json\/wp\/v2\/product_tag?post=110735"},{"taxonomy":"berocket_brand","embeddable":true,"href":"https:\/\/stylingagenten.com\/da\/wp-json\/wp\/v2\/berocket_brand?post=110735"}],"curies":[{"name":"wp","href":"https:\/\/api.w.org\/{rel}","templated":true}]}}