{"id":110719,"date":"2025-05-18T20:53:44","date_gmt":"2025-05-18T20:53:44","guid":{"rendered":"https:\/\/staging2.stylingagenten.com\/da\/produkt\/replay-tank-custom-for-her-edt-50ml\/"},"modified":"2025-11-19T12:13:09","modified_gmt":"2025-11-19T12:13:09","slug":"replay-tank-custom-for-her-edt-50ml","status":"publish","type":"product","link":"https:\/\/stylingagenten.com\/da\/produkt\/replay-tank-custom-for-her-edt-50ml\/","title":{"rendered":"Replay # Tank Custom For Her Edt 50ml"},"content":{"rendered":"<p>Dedikeret til beslutsomme og selvsikre piger giver #TANK CUSTOM FOR HER en f\u00f8lelse af energi hver dag. Duften er et skjult m\u00f8de mellem forf\u00f8rende honning og en elegant blomsterbuket. En eksplosion af femininitet, der beruser sanserne. Basen er en magnetisk omfavnelse af sensuel Patchouli, varm vanilje og eksklusiv Orcanox.<br id=\"isPasted\"><br \/>Topnoter: Honning, Sorbet, \u00c6ble, Petitgrain<br \/>Hjertenoter: Appelsinblomst, Jasmin, Lily of dalen<br \/>Basenoter: Vanilje, Ambroxan, Patchouli<\/p>\n","protected":false},"excerpt":{"rendered":"<p>Dedikeret til beslutsomme og selvsikre piger giver #TANK CUSTOM FOR HER en f\u00f8lelse af energi hver dag. Duften er et skjult m\u00f8de mellem forf\u00f8rende honning og en elegant blomsterbuket. En eksplosion af femininitet, der beruser sanserne. Basen er en magnetisk omfavnelse af sensuel Patchouli, varm vanilje og eksklusiv Orcanox.Topnoter: Honning, Sorbet, \u00c6ble, PetitgrainHjertenoter: Appelsinblomst, Jasmin, [&hellip;]<\/p>\n","protected":false},"featured_media":110710,"comment_status":"open","ping_status":"closed","template":"","meta":{"_trash_the_other_posts":false},"product_brand":[],"product_cat":[707,735,999],"product_tag":[3891],"berocket_brand":[1120],"class_list":{"0":"post-110719","1":"product","2":"type-product","3":"status-publish","4":"has-post-thumbnail","6":"product_cat-eau-de-toilette-dame","7":"product_cat-kampagne","8":"product_cat-kampagnetilbud-til-hende","9":"product_tag-replay-tank-custom-for-her-edt","10":"pa_brand-replay","11":"pa_variant-50ml","12":"berocket_brand-replay","14":"first","15":"instock","16":"sale","17":"taxable","18":"shipping-taxable","19":"purchasable","20":"product-type-simple"},"_links":{"self":[{"href":"https:\/\/stylingagenten.com\/da\/wp-json\/wp\/v2\/product\/110719","targetHints":{"allow":["GET"]}}],"collection":[{"href":"https:\/\/stylingagenten.com\/da\/wp-json\/wp\/v2\/product"}],"about":[{"href":"https:\/\/stylingagenten.com\/da\/wp-json\/wp\/v2\/types\/product"}],"replies":[{"embeddable":true,"href":"https:\/\/stylingagenten.com\/da\/wp-json\/wp\/v2\/comments?post=110719"}],"version-history":[{"count":0,"href":"https:\/\/stylingagenten.com\/da\/wp-json\/wp\/v2\/product\/110719\/revisions"}],"wp:featuredmedia":[{"embeddable":true,"href":"https:\/\/stylingagenten.com\/da\/wp-json\/wp\/v2\/media\/110710"}],"wp:attachment":[{"href":"https:\/\/stylingagenten.com\/da\/wp-json\/wp\/v2\/media?parent=110719"}],"wp:term":[{"taxonomy":"product_brand","embeddable":true,"href":"https:\/\/stylingagenten.com\/da\/wp-json\/wp\/v2\/product_brand?post=110719"},{"taxonomy":"product_cat","embeddable":true,"href":"https:\/\/stylingagenten.com\/da\/wp-json\/wp\/v2\/product_cat?post=110719"},{"taxonomy":"product_tag","embeddable":true,"href":"https:\/\/stylingagenten.com\/da\/wp-json\/wp\/v2\/product_tag?post=110719"},{"taxonomy":"berocket_brand","embeddable":true,"href":"https:\/\/stylingagenten.com\/da\/wp-json\/wp\/v2\/berocket_brand?post=110719"}],"curies":[{"name":"wp","href":"https:\/\/api.w.org\/{rel}","templated":true}]}}