{"id":110718,"date":"2025-05-18T20:53:44","date_gmt":"2025-05-18T20:53:44","guid":{"rendered":"https:\/\/staging2.stylingagenten.com\/da\/produkt\/replay-tank-for-her-edt-30ml\/"},"modified":"2026-03-29T11:18:39","modified_gmt":"2026-03-29T11:18:39","slug":"replay-tank-for-her-edt-30ml","status":"publish","type":"product","link":"https:\/\/stylingagenten.com\/da\/produkt\/replay-tank-for-her-edt-30ml\/","title":{"rendered":"Replay # Tank For Her Edt 30ml"},"content":{"rendered":"<p>Replay #TANK FOR HER fanger de mest ikoniske aspekter af Replays industrielle \u00e5nd. En eksklusiv flaske i pudderrosa, forst\u00e6rket med metalliske elementer. Livlighed og dynamik koncentreret i en krukke med ren energi. Duften er glad og sensuel med forf\u00f8rende gourmandnoter. Sammens\u00e6tningen \u00e5bner med et strejf af frisk \u00e6ble og sprudlende appelsin, som smelter sammen i hjertet med volumen af \u200b\u200bfortryllende rose og de vanedannende hints af tuberose og jasmin. Basen er sofistikeret og forf\u00f8rende og tilbyder dybde og varme gennem en kombination af cremet sandeltr\u00e6 og moskus sammen med en moderne vaniljepraline.<\/p>\n<p>Topnoter: Pomeranian, \u00c6ble<br \/>Hjertenoter: Tuberose, Jasmin, Rose <br \/>Basenoter: Pralin, Vanilje, Sandeltr\u00e6, Moskus<\/p>\n","protected":false},"excerpt":{"rendered":"<p>Replay #TANK FOR HER fanger de mest ikoniske aspekter af Replays industrielle \u00e5nd. En eksklusiv flaske i pudderrosa, forst\u00e6rket med metalliske elementer. Livlighed og dynamik koncentreret i en krukke med ren energi. Duften er glad og sensuel med forf\u00f8rende gourmandnoter. Sammens\u00e6tningen \u00e5bner med et strejf af frisk \u00e6ble og sprudlende appelsin, som smelter sammen i [&hellip;]<\/p>\n","protected":false},"featured_media":110711,"comment_status":"open","ping_status":"closed","template":"","meta":{"_trash_the_other_posts":false},"product_brand":[],"product_cat":[707,735,999,1005],"product_tag":[3893],"berocket_brand":[1120],"class_list":{"0":"post-110718","1":"product","2":"type-product","3":"status-publish","4":"has-post-thumbnail","6":"product_cat-eau-de-toilette-dame","7":"product_cat-kampagne","8":"product_cat-kampagnetilbud-til-hende","9":"product_cat-outlet","10":"product_tag-replay-tank-for-her-edt","11":"pa_brand-replay","12":"pa_variant-30ml","13":"berocket_brand-replay","15":"first","16":"instock","17":"sale","18":"taxable","19":"shipping-taxable","20":"purchasable","21":"product-type-simple"},"_links":{"self":[{"href":"https:\/\/stylingagenten.com\/da\/wp-json\/wp\/v2\/product\/110718","targetHints":{"allow":["GET"]}}],"collection":[{"href":"https:\/\/stylingagenten.com\/da\/wp-json\/wp\/v2\/product"}],"about":[{"href":"https:\/\/stylingagenten.com\/da\/wp-json\/wp\/v2\/types\/product"}],"replies":[{"embeddable":true,"href":"https:\/\/stylingagenten.com\/da\/wp-json\/wp\/v2\/comments?post=110718"}],"version-history":[{"count":0,"href":"https:\/\/stylingagenten.com\/da\/wp-json\/wp\/v2\/product\/110718\/revisions"}],"wp:featuredmedia":[{"embeddable":true,"href":"https:\/\/stylingagenten.com\/da\/wp-json\/wp\/v2\/media\/110711"}],"wp:attachment":[{"href":"https:\/\/stylingagenten.com\/da\/wp-json\/wp\/v2\/media?parent=110718"}],"wp:term":[{"taxonomy":"product_brand","embeddable":true,"href":"https:\/\/stylingagenten.com\/da\/wp-json\/wp\/v2\/product_brand?post=110718"},{"taxonomy":"product_cat","embeddable":true,"href":"https:\/\/stylingagenten.com\/da\/wp-json\/wp\/v2\/product_cat?post=110718"},{"taxonomy":"product_tag","embeddable":true,"href":"https:\/\/stylingagenten.com\/da\/wp-json\/wp\/v2\/product_tag?post=110718"},{"taxonomy":"berocket_brand","embeddable":true,"href":"https:\/\/stylingagenten.com\/da\/wp-json\/wp\/v2\/berocket_brand?post=110718"}],"curies":[{"name":"wp","href":"https:\/\/api.w.org\/{rel}","templated":true}]}}