{"id":110698,"date":"2025-05-18T20:53:39","date_gmt":"2025-05-18T20:53:39","guid":{"rendered":"https:\/\/staging2.stylingagenten.com\/da\/produkt\/replay-signature-for-woman-edp-100ml\/"},"modified":"2026-03-27T15:03:34","modified_gmt":"2026-03-27T15:03:34","slug":"replay-signature-for-woman-edp-100ml","status":"publish","type":"product","link":"https:\/\/stylingagenten.com\/da\/produkt\/replay-signature-for-woman-edp-100ml\/","title":{"rendered":"Replay Signature For Woman Edp 100ml"},"content":{"rendered":"<p>Med sit innovative design sigter Replay Signature p\u00e5 at overf\u00f8re \u00e5nden i Replay-modekollektionen til parfumeverdenen. Flaskens institutionelle form er forst\u00e6rket af nitter p\u00e5 begge sider. Blomstermotivet dekorerer hele flasken og g\u00f8r den utrolig elegant. Duften er en distinkt chypre-komposition med en moderne femininitet og forf\u00f8rende kraft. I topnoten spreder citrusfrugter deres duft for at skabe en f\u00f8lelse af naturlig friskhed. Luften er duftende med s\u00f8d mandarin og saftig nektarin. Den fortryllende hjertenote kombinerer en buket af sensuel geranium, bed\u00f8vende jasmin og eksotisk ylang ylang, der smelter sammen og spreder ren charme. Den elegante base af m\u00f8rk vetiver, jordagtig patchouli, \u00e6delt rav og ren moskus harmoniserer dette enest\u00e5ende mesterv\u00e6rk.<\/p>\n<p>Topnoter: Nektarin, Mandarin, Citrus<br \/>Hjertenoter: Ylang Ylang, Jasmin, Geranium<br \/>Base noter: Patchouli, moskus, rav, vetiver<\/p>\n","protected":false},"excerpt":{"rendered":"<p>Med sit innovative design sigter Replay Signature p\u00e5 at overf\u00f8re \u00e5nden i Replay-modekollektionen til parfumeverdenen. Flaskens institutionelle form er forst\u00e6rket af nitter p\u00e5 begge sider. Blomstermotivet dekorerer hele flasken og g\u00f8r den utrolig elegant. Duften er en distinkt chypre-komposition med en moderne femininitet og forf\u00f8rende kraft. I topnoten spreder citrusfrugter deres duft for at skabe [&hellip;]<\/p>\n","protected":false},"featured_media":110692,"comment_status":"open","ping_status":"closed","template":"","meta":{"_trash_the_other_posts":false},"product_brand":[],"product_cat":[707,735,999],"product_tag":[3900],"berocket_brand":[1120],"class_list":{"0":"post-110698","1":"product","2":"type-product","3":"status-publish","4":"has-post-thumbnail","6":"product_cat-eau-de-toilette-dame","7":"product_cat-kampagne","8":"product_cat-kampagnetilbud-til-hende","9":"product_tag-replay-signature-for-woman-edp","10":"pa_brand-replay","11":"pa_variant-100ml","12":"berocket_brand-replay","14":"first","15":"instock","16":"sale","17":"taxable","18":"shipping-taxable","19":"purchasable","20":"product-type-simple"},"_links":{"self":[{"href":"https:\/\/stylingagenten.com\/da\/wp-json\/wp\/v2\/product\/110698","targetHints":{"allow":["GET"]}}],"collection":[{"href":"https:\/\/stylingagenten.com\/da\/wp-json\/wp\/v2\/product"}],"about":[{"href":"https:\/\/stylingagenten.com\/da\/wp-json\/wp\/v2\/types\/product"}],"replies":[{"embeddable":true,"href":"https:\/\/stylingagenten.com\/da\/wp-json\/wp\/v2\/comments?post=110698"}],"version-history":[{"count":0,"href":"https:\/\/stylingagenten.com\/da\/wp-json\/wp\/v2\/product\/110698\/revisions"}],"wp:featuredmedia":[{"embeddable":true,"href":"https:\/\/stylingagenten.com\/da\/wp-json\/wp\/v2\/media\/110692"}],"wp:attachment":[{"href":"https:\/\/stylingagenten.com\/da\/wp-json\/wp\/v2\/media?parent=110698"}],"wp:term":[{"taxonomy":"product_brand","embeddable":true,"href":"https:\/\/stylingagenten.com\/da\/wp-json\/wp\/v2\/product_brand?post=110698"},{"taxonomy":"product_cat","embeddable":true,"href":"https:\/\/stylingagenten.com\/da\/wp-json\/wp\/v2\/product_cat?post=110698"},{"taxonomy":"product_tag","embeddable":true,"href":"https:\/\/stylingagenten.com\/da\/wp-json\/wp\/v2\/product_tag?post=110698"},{"taxonomy":"berocket_brand","embeddable":true,"href":"https:\/\/stylingagenten.com\/da\/wp-json\/wp\/v2\/berocket_brand?post=110698"}],"curies":[{"name":"wp","href":"https:\/\/api.w.org\/{rel}","templated":true}]}}