{"id":110677,"date":"2025-05-18T20:53:36","date_gmt":"2025-05-18T20:53:36","guid":{"rendered":"https:\/\/staging2.stylingagenten.com\/da\/produkt\/samba-ladies-edt-100ml\/"},"modified":"2026-04-13T19:27:31","modified_gmt":"2026-04-13T19:27:31","slug":"samba-ladies-edt-100ml","status":"publish","type":"product","link":"https:\/\/stylingagenten.com\/da\/produkt\/samba-ladies-edt-100ml\/","title":{"rendered":"Samba Ladies Edt 100ml"},"content":{"rendered":"<p>SAMBA Ladies<br \/>Parfumen SAMBA er f\u00f8dt af sj\u00e6lfulde rytmer og levende farver fra Brasilien. Det er en flerlagsduft, der bev\u00e6ger sig og \u00e6ndrer sig i b\u00f8lger af forn\u00f8jelse.<br \/>Det er en \u00e5benlys flirt af naturens friske frugtagtige noter og sensuelle blomstermotiver over en varm, sexet musky base. SAMBAs topnoter eksploderer til en sp\u00e6ndende og levende harmoni af citrusnoter. Hjertet af SAMBA har blomsterrigdommen fra den brasilianske jungle, forst\u00e6rket med jasmin, rose og appelsinblomst. Dens base sk\u00e6lver af varmt, eksotisk rav, moskus og myrra, der dv\u00e6ler l\u00e6nge ud i natten.<\/p>\n<p>Topnoter: fersken, solb\u00e6r, citrus, tagetes, galbanum<br \/>Hjertenoter: rose, nellike, magnolia, viol , Liljekonval, Hyacint, Jasmin<br \/>Basenoter: Moskus, Myrra, Egemos, Viol, Sandeltr\u00e6, Patchouli<\/p>\n","protected":false},"excerpt":{"rendered":"<p>SAMBA LadiesParfumen SAMBA er f\u00f8dt af sj\u00e6lfulde rytmer og levende farver fra Brasilien. Det er en flerlagsduft, der bev\u00e6ger sig og \u00e6ndrer sig i b\u00f8lger af forn\u00f8jelse.Det er en \u00e5benlys flirt af naturens friske frugtagtige noter og sensuelle blomstermotiver over en varm, sexet musky base. SAMBAs topnoter eksploderer til en sp\u00e6ndende og levende harmoni af [&hellip;]<\/p>\n","protected":false},"featured_media":110667,"comment_status":"open","ping_status":"closed","template":"","meta":{"_trash_the_other_posts":false},"product_brand":[],"product_cat":[707,735,999],"product_tag":[],"berocket_brand":[1381],"class_list":{"0":"post-110677","1":"product","2":"type-product","3":"status-publish","4":"has-post-thumbnail","6":"product_cat-eau-de-toilette-dame","7":"product_cat-kampagne","8":"product_cat-kampagnetilbud-til-hende","9":"pa_brand-samba","10":"berocket_brand-samba","12":"first","13":"instock","14":"sale","15":"taxable","16":"shipping-taxable","17":"purchasable","18":"product-type-simple"},"_links":{"self":[{"href":"https:\/\/stylingagenten.com\/da\/wp-json\/wp\/v2\/product\/110677","targetHints":{"allow":["GET"]}}],"collection":[{"href":"https:\/\/stylingagenten.com\/da\/wp-json\/wp\/v2\/product"}],"about":[{"href":"https:\/\/stylingagenten.com\/da\/wp-json\/wp\/v2\/types\/product"}],"replies":[{"embeddable":true,"href":"https:\/\/stylingagenten.com\/da\/wp-json\/wp\/v2\/comments?post=110677"}],"version-history":[{"count":0,"href":"https:\/\/stylingagenten.com\/da\/wp-json\/wp\/v2\/product\/110677\/revisions"}],"wp:featuredmedia":[{"embeddable":true,"href":"https:\/\/stylingagenten.com\/da\/wp-json\/wp\/v2\/media\/110667"}],"wp:attachment":[{"href":"https:\/\/stylingagenten.com\/da\/wp-json\/wp\/v2\/media?parent=110677"}],"wp:term":[{"taxonomy":"product_brand","embeddable":true,"href":"https:\/\/stylingagenten.com\/da\/wp-json\/wp\/v2\/product_brand?post=110677"},{"taxonomy":"product_cat","embeddable":true,"href":"https:\/\/stylingagenten.com\/da\/wp-json\/wp\/v2\/product_cat?post=110677"},{"taxonomy":"product_tag","embeddable":true,"href":"https:\/\/stylingagenten.com\/da\/wp-json\/wp\/v2\/product_tag?post=110677"},{"taxonomy":"berocket_brand","embeddable":true,"href":"https:\/\/stylingagenten.com\/da\/wp-json\/wp\/v2\/berocket_brand?post=110677"}],"curies":[{"name":"wp","href":"https:\/\/api.w.org\/{rel}","templated":true}]}}