{"id":110663,"date":"2025-05-18T20:53:33","date_gmt":"2025-05-18T20:53:33","guid":{"rendered":"https:\/\/staging2.stylingagenten.com\/da\/produkt\/replay-signature-lovers-for-woman-edt-30ml\/"},"modified":"2026-03-27T11:10:33","modified_gmt":"2026-03-27T11:10:33","slug":"replay-signature-lovers-for-woman-edt-30ml","status":"publish","type":"product","link":"https:\/\/stylingagenten.com\/da\/produkt\/replay-signature-lovers-for-woman-edt-30ml\/","title":{"rendered":"Replay Signature Lovers For Woman Edt 30ml"},"content":{"rendered":"<p>Replay Signature Lovers Woman er en ekstraordin\u00e6r kreation, hvor tatoveringerne gengivet p\u00e5 emballagen ikke er prangende, men snarere et element til at kommunikere et k\u00e6rlighedsbudskab. Duften \u00e5bner med elegant rose kombineret med passioneret gardenia, som bindes sammen med en buket blomster i hjertenoterne. Denne feminine attraktion afsluttes bl\u00f8dt med orkid\u00e9 og luksuri\u00f8se blandinger af sj\u00e6ldent rav og vanilje.<\/p>\n<p>Topnoter: Hindb\u00e6r, Mandarin, Pink peber, Bergamot<br \/>Hjertenoter: Gardenia, Rose, Ylang Ylang, Jasmin Sambac<br \/>Basenoter: Vaniljeid\u00e9, Amberwood, Sandelwood, Patchouli<\/p>\n","protected":false},"excerpt":{"rendered":"<p>Replay Signature Lovers Woman er en ekstraordin\u00e6r kreation, hvor tatoveringerne gengivet p\u00e5 emballagen ikke er prangende, men snarere et element til at kommunikere et k\u00e6rlighedsbudskab. Duften \u00e5bner med elegant rose kombineret med passioneret gardenia, som bindes sammen med en buket blomster i hjertenoterne. Denne feminine attraktion afsluttes bl\u00f8dt med orkid\u00e9 og luksuri\u00f8se blandinger af sj\u00e6ldent [&hellip;]<\/p>\n","protected":false},"featured_media":110654,"comment_status":"open","ping_status":"closed","template":"","meta":{"_trash_the_other_posts":false},"product_brand":[],"product_cat":[707,735,999],"product_tag":[3902],"berocket_brand":[1120],"class_list":{"0":"post-110663","1":"product","2":"type-product","3":"status-publish","4":"has-post-thumbnail","6":"product_cat-eau-de-toilette-dame","7":"product_cat-kampagne","8":"product_cat-kampagnetilbud-til-hende","9":"product_tag-replay-signature-lovers-for-woman-edt","10":"pa_brand-replay","11":"pa_variant-30ml","12":"berocket_brand-replay","14":"first","15":"instock","16":"sale","17":"taxable","18":"shipping-taxable","19":"purchasable","20":"product-type-simple"},"_links":{"self":[{"href":"https:\/\/stylingagenten.com\/da\/wp-json\/wp\/v2\/product\/110663","targetHints":{"allow":["GET"]}}],"collection":[{"href":"https:\/\/stylingagenten.com\/da\/wp-json\/wp\/v2\/product"}],"about":[{"href":"https:\/\/stylingagenten.com\/da\/wp-json\/wp\/v2\/types\/product"}],"replies":[{"embeddable":true,"href":"https:\/\/stylingagenten.com\/da\/wp-json\/wp\/v2\/comments?post=110663"}],"version-history":[{"count":0,"href":"https:\/\/stylingagenten.com\/da\/wp-json\/wp\/v2\/product\/110663\/revisions"}],"wp:featuredmedia":[{"embeddable":true,"href":"https:\/\/stylingagenten.com\/da\/wp-json\/wp\/v2\/media\/110654"}],"wp:attachment":[{"href":"https:\/\/stylingagenten.com\/da\/wp-json\/wp\/v2\/media?parent=110663"}],"wp:term":[{"taxonomy":"product_brand","embeddable":true,"href":"https:\/\/stylingagenten.com\/da\/wp-json\/wp\/v2\/product_brand?post=110663"},{"taxonomy":"product_cat","embeddable":true,"href":"https:\/\/stylingagenten.com\/da\/wp-json\/wp\/v2\/product_cat?post=110663"},{"taxonomy":"product_tag","embeddable":true,"href":"https:\/\/stylingagenten.com\/da\/wp-json\/wp\/v2\/product_tag?post=110663"},{"taxonomy":"berocket_brand","embeddable":true,"href":"https:\/\/stylingagenten.com\/da\/wp-json\/wp\/v2\/berocket_brand?post=110663"}],"curies":[{"name":"wp","href":"https:\/\/api.w.org\/{rel}","templated":true}]}}