{"id":110662,"date":"2025-05-18T20:53:33","date_gmt":"2025-05-18T20:53:33","guid":{"rendered":"https:\/\/staging2.stylingagenten.com\/da\/produkt\/replay-source-of-life-woman-edp-30ml\/"},"modified":"2026-03-16T10:49:30","modified_gmt":"2026-03-16T10:49:30","slug":"replay-source-of-life-woman-edp-30ml","status":"publish","type":"product","link":"https:\/\/stylingagenten.com\/da\/produkt\/replay-source-of-life-woman-edp-30ml\/","title":{"rendered":"Replay Source Of Life Woman Edp 30ml"},"content":{"rendered":"<p>Source of Life Woman Eau de Parfum<br \/>En feminin duft inspireret af den majest\u00e6tiske sk\u00f8nhed i jordens floder. Med sine forfriskende akvatiske noter fanger denne rene og spr\u00f8de duft essensen af \u200b\u200ben forfriskende str\u00f8mning gennem floden og giver en flydende fornemmelse, der v\u00e6kker sanserne og fungerer som et st\u00e6nk af k\u00f8lende gl\u00e6de.<\/p>\n<p>Topnoter: Bergamot fra Italien, Mandarin fra Italien Orpur \u00ae, Lime fra Italien Orpur \u00ae<br \/>Hjertenoter: Geranium fra Egypten Orpur\u00ae, Jasmin<br \/>Basenoter: Patchouli fra Indonesien Orpur \u00ae, Ylang Ylang Extra Comores Orpur \u00ae, Naturlig Vanillin (fra nelliker )<\/p>\n","protected":false},"excerpt":{"rendered":"<p>Source of Life Woman Eau de ParfumEn feminin duft inspireret af den majest\u00e6tiske sk\u00f8nhed i jordens floder. Med sine forfriskende akvatiske noter fanger denne rene og spr\u00f8de duft essensen af \u200b\u200ben forfriskende str\u00f8mning gennem floden og giver en flydende fornemmelse, der v\u00e6kker sanserne og fungerer som et st\u00e6nk af k\u00f8lende gl\u00e6de. Topnoter: Bergamot fra Italien, [&hellip;]<\/p>\n","protected":false},"featured_media":110652,"comment_status":"open","ping_status":"closed","template":"","meta":{"_trash_the_other_posts":false},"product_brand":[],"product_cat":[706,735,999],"product_tag":[3907],"berocket_brand":[1120],"class_list":{"0":"post-110662","1":"product","2":"type-product","3":"status-publish","4":"has-post-thumbnail","6":"product_cat-eau-de-parfum-dame","7":"product_cat-kampagne","8":"product_cat-kampagnetilbud-til-hende","9":"product_tag-replay-source-of-life-woman-edp","10":"pa_brand-replay","11":"pa_variant-30ml","12":"berocket_brand-replay","14":"first","15":"instock","16":"sale","17":"taxable","18":"shipping-taxable","19":"purchasable","20":"product-type-simple"},"_links":{"self":[{"href":"https:\/\/stylingagenten.com\/da\/wp-json\/wp\/v2\/product\/110662","targetHints":{"allow":["GET"]}}],"collection":[{"href":"https:\/\/stylingagenten.com\/da\/wp-json\/wp\/v2\/product"}],"about":[{"href":"https:\/\/stylingagenten.com\/da\/wp-json\/wp\/v2\/types\/product"}],"replies":[{"embeddable":true,"href":"https:\/\/stylingagenten.com\/da\/wp-json\/wp\/v2\/comments?post=110662"}],"version-history":[{"count":0,"href":"https:\/\/stylingagenten.com\/da\/wp-json\/wp\/v2\/product\/110662\/revisions"}],"wp:featuredmedia":[{"embeddable":true,"href":"https:\/\/stylingagenten.com\/da\/wp-json\/wp\/v2\/media\/110652"}],"wp:attachment":[{"href":"https:\/\/stylingagenten.com\/da\/wp-json\/wp\/v2\/media?parent=110662"}],"wp:term":[{"taxonomy":"product_brand","embeddable":true,"href":"https:\/\/stylingagenten.com\/da\/wp-json\/wp\/v2\/product_brand?post=110662"},{"taxonomy":"product_cat","embeddable":true,"href":"https:\/\/stylingagenten.com\/da\/wp-json\/wp\/v2\/product_cat?post=110662"},{"taxonomy":"product_tag","embeddable":true,"href":"https:\/\/stylingagenten.com\/da\/wp-json\/wp\/v2\/product_tag?post=110662"},{"taxonomy":"berocket_brand","embeddable":true,"href":"https:\/\/stylingagenten.com\/da\/wp-json\/wp\/v2\/berocket_brand?post=110662"}],"curies":[{"name":"wp","href":"https:\/\/api.w.org\/{rel}","templated":true}]}}