{"id":110634,"date":"2025-05-18T20:53:29","date_gmt":"2025-05-18T20:53:29","guid":{"rendered":"https:\/\/staging2.stylingagenten.com\/da\/produkt\/jennifer-lopez-enduring-glow-edp-100ml\/"},"modified":"2026-03-11T22:00:45","modified_gmt":"2026-03-11T22:00:45","slug":"jennifer-lopez-enduring-glow-edp-100ml","status":"publish","type":"product","link":"https:\/\/stylingagenten.com\/da\/produkt\/jennifer-lopez-enduring-glow-edp-100ml\/","title":{"rendered":"Jennifer Lopez Enduring Glow Edp 100ml"},"content":{"rendered":"<p>Jennifer Lopez Enduring Glow Edp 100ml<br \/>Enduring Glow er en hyldest til kvinden og hendes indre styrke. Duften er lavet efter Jennifer Lopez&#8217; egne yndlingsnoter og passer til den selvbevidste kvinde. Duften \u00e5bner med noter af italiensk bergamot, p\u00e6re og litchi.<br \/>I hjertet er der friske og blomsteragtige noter af magnolia, pink p\u00e6on og viol, som i kombination med moskus og rav i bunden skaber en vanedannende duft.<br \/>Top: Bergamot, P\u00e6re, Litchi<br \/>Hjerte: Magnolia, P\u00e6on, Violet<br \/>Base: Moskus, Rav, Sandeltr\u00e6<\/p>\n","protected":false},"excerpt":{"rendered":"<p>Jennifer Lopez Enduring Glow Edp 100mlEnduring Glow er en hyldest til kvinden og hendes indre styrke. Duften er lavet efter Jennifer Lopez&#8217; egne yndlingsnoter og passer til den selvbevidste kvinde. Duften \u00e5bner med noter af italiensk bergamot, p\u00e6re og litchi.I hjertet er der friske og blomsteragtige noter af magnolia, pink p\u00e6on og viol, som i [&hellip;]<\/p>\n","protected":false},"featured_media":110629,"comment_status":"open","ping_status":"closed","template":"","meta":{"_trash_the_other_posts":false},"product_brand":[],"product_cat":[706,735,1006,999,534],"product_tag":[],"berocket_brand":[1354],"class_list":{"0":"post-110634","1":"product","2":"type-product","3":"status-publish","4":"has-post-thumbnail","6":"product_cat-eau-de-parfum-dame","7":"product_cat-kampagne","8":"product_cat-kampagnepris","9":"product_cat-kampagnetilbud-til-hende","10":"product_cat-parfume-dame","11":"pa_brand-jennifer-lopez","12":"berocket_brand-jennifer-lopez","14":"first","15":"instock","16":"sale","17":"taxable","18":"shipping-taxable","19":"purchasable","20":"product-type-simple"},"_links":{"self":[{"href":"https:\/\/stylingagenten.com\/da\/wp-json\/wp\/v2\/product\/110634","targetHints":{"allow":["GET"]}}],"collection":[{"href":"https:\/\/stylingagenten.com\/da\/wp-json\/wp\/v2\/product"}],"about":[{"href":"https:\/\/stylingagenten.com\/da\/wp-json\/wp\/v2\/types\/product"}],"replies":[{"embeddable":true,"href":"https:\/\/stylingagenten.com\/da\/wp-json\/wp\/v2\/comments?post=110634"}],"version-history":[{"count":0,"href":"https:\/\/stylingagenten.com\/da\/wp-json\/wp\/v2\/product\/110634\/revisions"}],"wp:featuredmedia":[{"embeddable":true,"href":"https:\/\/stylingagenten.com\/da\/wp-json\/wp\/v2\/media\/110629"}],"wp:attachment":[{"href":"https:\/\/stylingagenten.com\/da\/wp-json\/wp\/v2\/media?parent=110634"}],"wp:term":[{"taxonomy":"product_brand","embeddable":true,"href":"https:\/\/stylingagenten.com\/da\/wp-json\/wp\/v2\/product_brand?post=110634"},{"taxonomy":"product_cat","embeddable":true,"href":"https:\/\/stylingagenten.com\/da\/wp-json\/wp\/v2\/product_cat?post=110634"},{"taxonomy":"product_tag","embeddable":true,"href":"https:\/\/stylingagenten.com\/da\/wp-json\/wp\/v2\/product_tag?post=110634"},{"taxonomy":"berocket_brand","embeddable":true,"href":"https:\/\/stylingagenten.com\/da\/wp-json\/wp\/v2\/berocket_brand?post=110634"}],"curies":[{"name":"wp","href":"https:\/\/api.w.org\/{rel}","templated":true}]}}