{"id":110624,"date":"2025-05-18T20:53:26","date_gmt":"2025-05-18T20:53:26","guid":{"rendered":"https:\/\/staging2.stylingagenten.com\/da\/produkt\/abercrombie-fitch-first-instinct-blue-for-her-edp-100ml\/"},"modified":"2026-03-28T19:18:48","modified_gmt":"2026-03-28T19:18:48","slug":"abercrombie-fitch-first-instinct-blue-for-her-edp-100ml","status":"publish","type":"product","link":"https:\/\/stylingagenten.com\/da\/produkt\/abercrombie-fitch-first-instinct-blue-for-her-edp-100ml\/","title":{"rendered":"Abercrombie &amp; Fitch First Instinct Blue for Her Edp 100ml"},"content":{"rendered":"<p>Abercrombie &amp; Fitch First Instinct Blue for Her Edp 100ml<br \/>En duft inspireret af impulsiv energi og holdningen til at &#8220;leve i \u00f8jeblikket&#8221;. En naturlig sund duftoplevelse, der r\u00f8rer alle sanser. Duftens noter fokuserer p\u00e5 kontraster, friske toner af salt havluft kombineret med solvarme s\u00f8de bromb\u00e6r. Mild abrikosnektar kombineret med s\u00f8dme fra vanilje og patchouli. <br \/>Top: Salt havluft, bergamot, bromb\u00e6r og hjerte: Abrikosnektar, p\u00e6on, jasmin og base: patchouli, vanilje, sandeltr\u00e6<\/p>\n","protected":false},"excerpt":{"rendered":"<p>Abercrombie &amp; Fitch First Instinct Blue for Her Edp 100mlEn duft inspireret af impulsiv energi og holdningen til at &#8220;leve i \u00f8jeblikket&#8221;. En naturlig sund duftoplevelse, der r\u00f8rer alle sanser. Duftens noter fokuserer p\u00e5 kontraster, friske toner af salt havluft kombineret med solvarme s\u00f8de bromb\u00e6r. Mild abrikosnektar kombineret med s\u00f8dme fra vanilje og patchouli. Top: [&hellip;]<\/p>\n","protected":false},"featured_media":110619,"comment_status":"open","ping_status":"closed","template":"","meta":{"_trash_the_other_posts":false},"product_brand":[],"product_cat":[706,735,1006,999,534],"product_tag":[],"berocket_brand":[1278],"class_list":{"0":"post-110624","1":"product","2":"type-product","3":"status-publish","4":"has-post-thumbnail","6":"product_cat-eau-de-parfum-dame","7":"product_cat-kampagne","8":"product_cat-kampagnepris","9":"product_cat-kampagnetilbud-til-hende","10":"product_cat-parfume-dame","11":"pa_brand-abercrombie-fitch","12":"berocket_brand-abercrombie-fitch","14":"first","15":"instock","16":"sale","17":"taxable","18":"shipping-taxable","19":"purchasable","20":"product-type-simple"},"_links":{"self":[{"href":"https:\/\/stylingagenten.com\/da\/wp-json\/wp\/v2\/product\/110624","targetHints":{"allow":["GET"]}}],"collection":[{"href":"https:\/\/stylingagenten.com\/da\/wp-json\/wp\/v2\/product"}],"about":[{"href":"https:\/\/stylingagenten.com\/da\/wp-json\/wp\/v2\/types\/product"}],"replies":[{"embeddable":true,"href":"https:\/\/stylingagenten.com\/da\/wp-json\/wp\/v2\/comments?post=110624"}],"version-history":[{"count":0,"href":"https:\/\/stylingagenten.com\/da\/wp-json\/wp\/v2\/product\/110624\/revisions"}],"wp:featuredmedia":[{"embeddable":true,"href":"https:\/\/stylingagenten.com\/da\/wp-json\/wp\/v2\/media\/110619"}],"wp:attachment":[{"href":"https:\/\/stylingagenten.com\/da\/wp-json\/wp\/v2\/media?parent=110624"}],"wp:term":[{"taxonomy":"product_brand","embeddable":true,"href":"https:\/\/stylingagenten.com\/da\/wp-json\/wp\/v2\/product_brand?post=110624"},{"taxonomy":"product_cat","embeddable":true,"href":"https:\/\/stylingagenten.com\/da\/wp-json\/wp\/v2\/product_cat?post=110624"},{"taxonomy":"product_tag","embeddable":true,"href":"https:\/\/stylingagenten.com\/da\/wp-json\/wp\/v2\/product_tag?post=110624"},{"taxonomy":"berocket_brand","embeddable":true,"href":"https:\/\/stylingagenten.com\/da\/wp-json\/wp\/v2\/berocket_brand?post=110624"}],"curies":[{"name":"wp","href":"https:\/\/api.w.org\/{rel}","templated":true}]}}