{"id":110617,"date":"2025-05-18T20:53:25","date_gmt":"2025-05-18T20:53:25","guid":{"rendered":"https:\/\/staging2.stylingagenten.com\/da\/produkt\/moschino-femme-edt-25ml\/"},"modified":"2026-03-11T21:55:13","modified_gmt":"2026-03-11T21:55:13","slug":"moschino-femme-edt-25ml","status":"publish","type":"product","link":"https:\/\/stylingagenten.com\/da\/produkt\/moschino-femme-edt-25ml\/","title":{"rendered":"Moschino Femme Edt 25ml"},"content":{"rendered":"<p>Moschino Femme Edt 25ml<br \/>Moschino Femme er en Eau de Toilette til kvinder, der hurtigt bliver din nye passion og umulig at give op. Den vil fortrylle dig fra det allerf\u00f8rste \u00f8jeblik og overbevise dig om, at den absolut fortjener sin plads p\u00e5 dit toiletbord.<br \/>\u2022Topnoter: Galbanum, engelsk morgenfrue, Freesia, Honeysuckle og Plum<br \/>\u2022Hjertenoter: Muskatn\u00f8d, Nellike, Gardenia, Peber, Ylang-Ylang og Rose<br \/>\u2022Basenoter: Amber, Moskus, Vanilje, Sandeltr\u00e6 og Patchouli<\/p>\n","protected":false},"excerpt":{"rendered":"<p>Moschino Femme Edt 25mlMoschino Femme er en Eau de Toilette til kvinder, der hurtigt bliver din nye passion og umulig at give op. Den vil fortrylle dig fra det allerf\u00f8rste \u00f8jeblik og overbevise dig om, at den absolut fortjener sin plads p\u00e5 dit toiletbord.\u2022Topnoter: Galbanum, engelsk morgenfrue, Freesia, Honeysuckle og Plum\u2022Hjertenoter: Muskatn\u00f8d, Nellike, Gardenia, Peber, [&hellip;]<\/p>\n","protected":false},"featured_media":110615,"comment_status":"open","ping_status":"closed","template":"","meta":{"_trash_the_other_posts":false},"product_brand":[],"product_cat":[707,735,1006,999,534],"product_tag":[3619],"berocket_brand":[1084],"class_list":{"0":"post-110617","1":"product","2":"type-product","3":"status-publish","4":"has-post-thumbnail","6":"product_cat-eau-de-toilette-dame","7":"product_cat-kampagne","8":"product_cat-kampagnepris","9":"product_cat-kampagnetilbud-til-hende","10":"product_cat-parfume-dame","11":"product_tag-moschino-femme-edt","12":"pa_brand-moschino","13":"pa_variant-25ml","14":"berocket_brand-moschino","16":"first","17":"instock","18":"sale","19":"taxable","20":"shipping-taxable","21":"purchasable","22":"product-type-simple"},"_links":{"self":[{"href":"https:\/\/stylingagenten.com\/da\/wp-json\/wp\/v2\/product\/110617","targetHints":{"allow":["GET"]}}],"collection":[{"href":"https:\/\/stylingagenten.com\/da\/wp-json\/wp\/v2\/product"}],"about":[{"href":"https:\/\/stylingagenten.com\/da\/wp-json\/wp\/v2\/types\/product"}],"replies":[{"embeddable":true,"href":"https:\/\/stylingagenten.com\/da\/wp-json\/wp\/v2\/comments?post=110617"}],"version-history":[{"count":0,"href":"https:\/\/stylingagenten.com\/da\/wp-json\/wp\/v2\/product\/110617\/revisions"}],"wp:featuredmedia":[{"embeddable":true,"href":"https:\/\/stylingagenten.com\/da\/wp-json\/wp\/v2\/media\/110615"}],"wp:attachment":[{"href":"https:\/\/stylingagenten.com\/da\/wp-json\/wp\/v2\/media?parent=110617"}],"wp:term":[{"taxonomy":"product_brand","embeddable":true,"href":"https:\/\/stylingagenten.com\/da\/wp-json\/wp\/v2\/product_brand?post=110617"},{"taxonomy":"product_cat","embeddable":true,"href":"https:\/\/stylingagenten.com\/da\/wp-json\/wp\/v2\/product_cat?post=110617"},{"taxonomy":"product_tag","embeddable":true,"href":"https:\/\/stylingagenten.com\/da\/wp-json\/wp\/v2\/product_tag?post=110617"},{"taxonomy":"berocket_brand","embeddable":true,"href":"https:\/\/stylingagenten.com\/da\/wp-json\/wp\/v2\/berocket_brand?post=110617"}],"curies":[{"name":"wp","href":"https:\/\/api.w.org\/{rel}","templated":true}]}}