{"id":110601,"date":"2025-05-18T20:53:22","date_gmt":"2025-05-18T20:53:22","guid":{"rendered":"https:\/\/staging2.stylingagenten.com\/da\/produkt\/moschino-cheap-chic-so-real-edt-100ml\/"},"modified":"2026-03-11T22:00:35","modified_gmt":"2026-03-11T22:00:35","slug":"moschino-cheap-chic-so-real-edt-100ml","status":"publish","type":"product","link":"https:\/\/stylingagenten.com\/da\/produkt\/moschino-cheap-chic-so-real-edt-100ml\/","title":{"rendered":"Moschino Cheap &amp; Chic So Real Edt 100ml"},"content":{"rendered":"<p>Moschino Billig &amp; Chic So Real Edt 100ml<br \/>S\u00c5 RIGTIG BILLIG &amp; CHIC MOSCHINO overrasker med innovative ingredienser. I starten m\u00e6rker du funklende akkorder af bitter appelsin sammen med l\u00e6kker mandarin. Nuancerne af hindb\u00e6r- og ribssorbet runder topnoten af, som er pr\u00e6get af citrus-akkorder. Hjertenoten er gl\u00e6delig og forn\u00f8jelig: En udstilling af lyser\u00f8de p\u00e6oner med deres uendeligt varierede facetter, sammen med luftige, solrige jasminblomster og et elegant strejf af magnolia. Denne livlige, meget livlige blomsterbuket udstr\u00e5ler en meget speciel alkymi og f\u00f8rer til den uimodst\u00e5eligt charmerende finale med lokkende nuancer af cedertr\u00e6, egemos og ambroxan-krystaller.<\/p>\n<p>Topnoter: Bitterappelsin, mandarin, hindb\u00e6r og ribs. sorbet<br \/>Hjertenoter: P\u00e6oner, jasminblomster, magnolia<br \/>Basenote: Cedertr\u00e6, egemos, ambroxankrystaller<\/p>\n","protected":false},"excerpt":{"rendered":"<p>Moschino Billig &amp; Chic So Real Edt 100mlS\u00c5 RIGTIG BILLIG &amp; CHIC MOSCHINO overrasker med innovative ingredienser. I starten m\u00e6rker du funklende akkorder af bitter appelsin sammen med l\u00e6kker mandarin. Nuancerne af hindb\u00e6r- og ribssorbet runder topnoten af, som er pr\u00e6get af citrus-akkorder. Hjertenoten er gl\u00e6delig og forn\u00f8jelig: En udstilling af lyser\u00f8de p\u00e6oner med deres [&hellip;]<\/p>\n","protected":false},"featured_media":110596,"comment_status":"open","ping_status":"closed","template":"","meta":{"_trash_the_other_posts":false},"product_brand":[],"product_cat":[707,735,1006,999,534],"product_tag":[3615],"berocket_brand":[1084],"class_list":{"0":"post-110601","1":"product","2":"type-product","3":"status-publish","4":"has-post-thumbnail","6":"product_cat-eau-de-toilette-dame","7":"product_cat-kampagne","8":"product_cat-kampagnepris","9":"product_cat-kampagnetilbud-til-hende","10":"product_cat-parfume-dame","11":"product_tag-moschino-cheap-chic-so-real-edt","12":"pa_brand-moschino","13":"pa_variant-100ml","14":"berocket_brand-moschino","16":"first","17":"instock","18":"sale","19":"taxable","20":"shipping-taxable","21":"purchasable","22":"product-type-simple"},"_links":{"self":[{"href":"https:\/\/stylingagenten.com\/da\/wp-json\/wp\/v2\/product\/110601","targetHints":{"allow":["GET"]}}],"collection":[{"href":"https:\/\/stylingagenten.com\/da\/wp-json\/wp\/v2\/product"}],"about":[{"href":"https:\/\/stylingagenten.com\/da\/wp-json\/wp\/v2\/types\/product"}],"replies":[{"embeddable":true,"href":"https:\/\/stylingagenten.com\/da\/wp-json\/wp\/v2\/comments?post=110601"}],"version-history":[{"count":0,"href":"https:\/\/stylingagenten.com\/da\/wp-json\/wp\/v2\/product\/110601\/revisions"}],"wp:featuredmedia":[{"embeddable":true,"href":"https:\/\/stylingagenten.com\/da\/wp-json\/wp\/v2\/media\/110596"}],"wp:attachment":[{"href":"https:\/\/stylingagenten.com\/da\/wp-json\/wp\/v2\/media?parent=110601"}],"wp:term":[{"taxonomy":"product_brand","embeddable":true,"href":"https:\/\/stylingagenten.com\/da\/wp-json\/wp\/v2\/product_brand?post=110601"},{"taxonomy":"product_cat","embeddable":true,"href":"https:\/\/stylingagenten.com\/da\/wp-json\/wp\/v2\/product_cat?post=110601"},{"taxonomy":"product_tag","embeddable":true,"href":"https:\/\/stylingagenten.com\/da\/wp-json\/wp\/v2\/product_tag?post=110601"},{"taxonomy":"berocket_brand","embeddable":true,"href":"https:\/\/stylingagenten.com\/da\/wp-json\/wp\/v2\/berocket_brand?post=110601"}],"curies":[{"name":"wp","href":"https:\/\/api.w.org\/{rel}","templated":true}]}}