{"id":110592,"date":"2025-05-18T20:53:20","date_gmt":"2025-05-18T20:53:20","guid":{"rendered":"https:\/\/staging2.stylingagenten.com\/da\/produkt\/jimmy-choo-flash-edp-100ml\/"},"modified":"2026-04-09T05:48:34","modified_gmt":"2026-04-09T05:48:34","slug":"jimmy-choo-flash-edp-100ml","status":"publish","type":"product","link":"https:\/\/stylingagenten.com\/da\/produkt\/jimmy-choo-flash-edp-100ml\/","title":{"rendered":"Jimmy Choo Flash Edp 100ml"},"content":{"rendered":"<p>Jimmy Choos Flash eau de parfum 100ml er en duft, der udstr\u00e5ler glamour og luksus. Med en blomster- og frugtagtig duftsammens\u00e6tning skaber den en uimodst\u00e5elig aura af sofistikering og selvtillid. Dens unikke egenskaber giver dig en langvarig duftoplevelse, der er perfekt til alle lejligheder. G\u00f8r din hverdag til en fest med denne fantastiske duft fra Jimmy Choo<br \/>Duftnoter<br \/>\u2022Topnoter: Jordb\u00e6r, pink peber og mandarin.<br \/>\u2022Hjertenoter: Tuberose, jasmin og liljekonval.<br \/>\u2022Base noter: Tr\u00e6agtige noter og heliotrop.<\/p>\n","protected":false},"excerpt":{"rendered":"<p>Jimmy Choos Flash eau de parfum 100ml er en duft, der udstr\u00e5ler glamour og luksus. Med en blomster- og frugtagtig duftsammens\u00e6tning skaber den en uimodst\u00e5elig aura af sofistikering og selvtillid. Dens unikke egenskaber giver dig en langvarig duftoplevelse, der er perfekt til alle lejligheder. G\u00f8r din hverdag til en fest med denne fantastiske duft fra [&hellip;]<\/p>\n","protected":false},"featured_media":110587,"comment_status":"open","ping_status":"closed","template":"","meta":{"_trash_the_other_posts":false},"product_brand":[],"product_cat":[707,735,1006,999,534],"product_tag":[],"berocket_brand":[1122],"class_list":{"0":"post-110592","1":"product","2":"type-product","3":"status-publish","4":"has-post-thumbnail","6":"product_cat-eau-de-toilette-dame","7":"product_cat-kampagne","8":"product_cat-kampagnepris","9":"product_cat-kampagnetilbud-til-hende","10":"product_cat-parfume-dame","11":"pa_brand-jimmy-choo","12":"berocket_brand-jimmy-choo","14":"first","15":"instock","16":"sale","17":"taxable","18":"shipping-taxable","19":"purchasable","20":"product-type-simple"},"_links":{"self":[{"href":"https:\/\/stylingagenten.com\/da\/wp-json\/wp\/v2\/product\/110592","targetHints":{"allow":["GET"]}}],"collection":[{"href":"https:\/\/stylingagenten.com\/da\/wp-json\/wp\/v2\/product"}],"about":[{"href":"https:\/\/stylingagenten.com\/da\/wp-json\/wp\/v2\/types\/product"}],"replies":[{"embeddable":true,"href":"https:\/\/stylingagenten.com\/da\/wp-json\/wp\/v2\/comments?post=110592"}],"version-history":[{"count":0,"href":"https:\/\/stylingagenten.com\/da\/wp-json\/wp\/v2\/product\/110592\/revisions"}],"wp:featuredmedia":[{"embeddable":true,"href":"https:\/\/stylingagenten.com\/da\/wp-json\/wp\/v2\/media\/110587"}],"wp:attachment":[{"href":"https:\/\/stylingagenten.com\/da\/wp-json\/wp\/v2\/media?parent=110592"}],"wp:term":[{"taxonomy":"product_brand","embeddable":true,"href":"https:\/\/stylingagenten.com\/da\/wp-json\/wp\/v2\/product_brand?post=110592"},{"taxonomy":"product_cat","embeddable":true,"href":"https:\/\/stylingagenten.com\/da\/wp-json\/wp\/v2\/product_cat?post=110592"},{"taxonomy":"product_tag","embeddable":true,"href":"https:\/\/stylingagenten.com\/da\/wp-json\/wp\/v2\/product_tag?post=110592"},{"taxonomy":"berocket_brand","embeddable":true,"href":"https:\/\/stylingagenten.com\/da\/wp-json\/wp\/v2\/berocket_brand?post=110592"}],"curies":[{"name":"wp","href":"https:\/\/api.w.org\/{rel}","templated":true}]}}