{"id":110578,"date":"2025-05-18T20:53:16","date_gmt":"2025-05-18T20:53:16","guid":{"rendered":"https:\/\/staging2.stylingagenten.com\/da\/produkt\/lancome-la-vie-est-belle-iris-absolu-edp-30ml\/"},"modified":"2026-03-11T22:05:53","modified_gmt":"2026-03-11T22:05:53","slug":"lancome-la-vie-est-belle-iris-absolu-edp-30ml","status":"publish","type":"product","link":"https:\/\/stylingagenten.com\/da\/produkt\/lancome-la-vie-est-belle-iris-absolu-edp-30ml\/","title":{"rendered":"Lancome La Vie Est Belle Iris Absolu Edp 30ml"},"content":{"rendered":"<p>Lancome La Vie Est Belle Iris Absolu Edp 30ml<br \/>LYKKE LYKKE er ikke bare en stemning, det er en ren f\u00f8lelse. En kraftfuld, vibrerende og universel f\u00f8lelse i konstant bev\u00e6gelse.<br \/>&#8211;<br \/>LYKKE spreder sig fra \u00e9n person til en anden, og hver gang bliver den mere kraftfuld og bringer os sammen. EN VANDENDE NY FORTOLKNING La Vie est Belle Iris Absolu Eau de Parfum er en str\u00e5lende, sofistikeret og sensuel fortolkning af ikoniske La Vie est Belle Eau de Parfum.<br \/>&#8211;<br \/>La Vie est Belle Iris Absolu er en vanedannende duft med en utrolig h\u00f8j koncentration af iris, 10 gange mere iris end den klassiske La vie est Belle Eau de Parfum, og derfor indg\u00e5r irisen ogs\u00e5 i duftens navn for f\u00f8rste gang.<br \/>&#8211;<br \/>DUFTEN La vie est Belle Iris Absolu er en str\u00e5lende blomsterduft med en sofistikeret duftsammens\u00e6tning best\u00e5ende af frugtige topnoter af mandarin og en solrig figenaccord blandet med solb\u00e6rknopper.<br \/>&#8211;<br \/>Duftens hjerte best\u00e5r af en gener\u00f8s blomsterbuket bundet omkring rige noter af rose og med friskheden af \u200b\u200bjasmin, der giver duften str\u00e5lende og feminine tr\u00e6k.<br \/>&#8211;<br \/>I basisnoterne er iris dominerende for at fremh\u00e6ve den vanedannende Iris Absolu-signatur. Der er ogs\u00e5 noter af patchouli, og sensualiteten forst\u00e6rkes af en sandeltr\u00e6-accord og en vanedannende gourmand-accord.<br \/>&#8211;<br \/>FLASKEN La Vie est Belle-flasken, med sit ikoniske krystalsmil, er blevet nyfortolket i en moderne og \u00e6stetisk udgave. Flasken har et endel\u00f8st smil og symboliserer en glad og fri kvinde.<br \/>&#8211;<br \/>Som symbol p\u00e5 frihed er flaskehalsen omgivet af et b\u00e5nd med to vinger i organza &#8211; frihedens vinger. FAMILIEN La vie est Belle Iris Absolu er en del af La vie est Belle-familien.<br \/>&#8211;<br \/>La vie est Belle er en overbevisning, en meddelelse til verden om, at livet er smukt, n\u00e5r du v\u00e6lger din egen vej til lykke .<\/p>\n","protected":false},"excerpt":{"rendered":"<p>Lancome La Vie Est Belle Iris Absolu Edp 30mlLYKKE LYKKE er ikke bare en stemning, det er en ren f\u00f8lelse. En kraftfuld, vibrerende og universel f\u00f8lelse i konstant bev\u00e6gelse.&#8211;LYKKE spreder sig fra \u00e9n person til en anden, og hver gang bliver den mere kraftfuld og bringer os sammen. EN VANDENDE NY FORTOLKNING La Vie est [&hellip;]<\/p>\n","protected":false},"featured_media":110571,"comment_status":"open","ping_status":"closed","template":"","meta":{"_trash_the_other_posts":false},"product_brand":[],"product_cat":[706,735,1006,999,1005,534],"product_tag":[3191],"berocket_brand":[1128],"class_list":{"0":"post-110578","1":"product","2":"type-product","3":"status-publish","4":"has-post-thumbnail","6":"product_cat-eau-de-parfum-dame","7":"product_cat-kampagne","8":"product_cat-kampagnepris","9":"product_cat-kampagnetilbud-til-hende","10":"product_cat-outlet","11":"product_cat-parfume-dame","12":"product_tag-lancome-la-vie-est-belle-iris-absolu-edp","13":"pa_brand-lancome","14":"pa_variant-30ml","15":"berocket_brand-lancome","17":"first","18":"instock","19":"sale","20":"taxable","21":"shipping-taxable","22":"purchasable","23":"product-type-simple"},"_links":{"self":[{"href":"https:\/\/stylingagenten.com\/da\/wp-json\/wp\/v2\/product\/110578","targetHints":{"allow":["GET"]}}],"collection":[{"href":"https:\/\/stylingagenten.com\/da\/wp-json\/wp\/v2\/product"}],"about":[{"href":"https:\/\/stylingagenten.com\/da\/wp-json\/wp\/v2\/types\/product"}],"replies":[{"embeddable":true,"href":"https:\/\/stylingagenten.com\/da\/wp-json\/wp\/v2\/comments?post=110578"}],"version-history":[{"count":0,"href":"https:\/\/stylingagenten.com\/da\/wp-json\/wp\/v2\/product\/110578\/revisions"}],"wp:featuredmedia":[{"embeddable":true,"href":"https:\/\/stylingagenten.com\/da\/wp-json\/wp\/v2\/media\/110571"}],"wp:attachment":[{"href":"https:\/\/stylingagenten.com\/da\/wp-json\/wp\/v2\/media?parent=110578"}],"wp:term":[{"taxonomy":"product_brand","embeddable":true,"href":"https:\/\/stylingagenten.com\/da\/wp-json\/wp\/v2\/product_brand?post=110578"},{"taxonomy":"product_cat","embeddable":true,"href":"https:\/\/stylingagenten.com\/da\/wp-json\/wp\/v2\/product_cat?post=110578"},{"taxonomy":"product_tag","embeddable":true,"href":"https:\/\/stylingagenten.com\/da\/wp-json\/wp\/v2\/product_tag?post=110578"},{"taxonomy":"berocket_brand","embeddable":true,"href":"https:\/\/stylingagenten.com\/da\/wp-json\/wp\/v2\/berocket_brand?post=110578"}],"curies":[{"name":"wp","href":"https:\/\/api.w.org\/{rel}","templated":true}]}}