{"id":110573,"date":"2025-05-18T20:53:15","date_gmt":"2025-05-18T20:53:15","guid":{"rendered":"https:\/\/staging2.stylingagenten.com\/da\/produkt\/jennifer-lopez-one-edp-100ml\/"},"modified":"2026-03-11T22:01:08","modified_gmt":"2026-03-11T22:01:08","slug":"jennifer-lopez-one-edp-100ml","status":"publish","type":"product","link":"https:\/\/stylingagenten.com\/da\/produkt\/jennifer-lopez-one-edp-100ml\/","title":{"rendered":"Jennifer Lopez One Edp 100ml"},"content":{"rendered":"<p>One Eau de Parfum er en duft, der giver f\u00f8lelsen af \u200b\u200bharmoni, fred og energi. En parfume uden gr\u00e6nser \u2013 ekspansiv, s\u00e5rbar og kraftfuld. I dag har vores verden brug for &#8220;ONE-ness&#8221;, erkendelsen af, at vi er \u00e9n verden og \u00e9t folk, at vi lever for et f\u00e6lles h\u00e5b og en st\u00f8rre mening. Et m\u00e5l. En dr\u00f8m. Svejset sammen og ikke adskilt. Vi er EN.<br \/>Den veganske parfume \u00e5bner med noter af pink peber, fresia og ferskenblomst. I hjertet er der noter af klart tr\u00e6, cedertr\u00e6 og jasmin, som er kombineret med varme basisnoter af ruskind, sandeltr\u00e6 og egemos.<br \/>Duftnoter:<br \/>\u2022Topnoter: Pink peber, fresia, ferskenblomst.<br \/>\u2022Hjertenoter: Klart tr\u00e6, cedertr\u00e6, jasmin.<br \/>\u2022Basenoter: Ruskind, sandeltr\u00e6, egemos.<\/p>\n","protected":false},"excerpt":{"rendered":"<p>One Eau de Parfum er en duft, der giver f\u00f8lelsen af \u200b\u200bharmoni, fred og energi. En parfume uden gr\u00e6nser \u2013 ekspansiv, s\u00e5rbar og kraftfuld. I dag har vores verden brug for &#8220;ONE-ness&#8221;, erkendelsen af, at vi er \u00e9n verden og \u00e9t folk, at vi lever for et f\u00e6lles h\u00e5b og en st\u00f8rre mening. Et m\u00e5l. [&hellip;]<\/p>\n","protected":false},"featured_media":110563,"comment_status":"open","ping_status":"closed","template":"","meta":{"_trash_the_other_posts":false},"product_brand":[],"product_cat":[706,735,1006,999,534],"product_tag":[3044],"berocket_brand":[1354],"class_list":{"0":"post-110573","1":"product","2":"type-product","3":"status-publish","4":"has-post-thumbnail","6":"product_cat-eau-de-parfum-dame","7":"product_cat-kampagne","8":"product_cat-kampagnepris","9":"product_cat-kampagnetilbud-til-hende","10":"product_cat-parfume-dame","11":"product_tag-jennifer-lopez-one-edp","12":"pa_brand-jennifer-lopez","13":"pa_variant-100ml","14":"berocket_brand-jennifer-lopez","16":"first","17":"instock","18":"sale","19":"taxable","20":"shipping-taxable","21":"purchasable","22":"product-type-simple"},"_links":{"self":[{"href":"https:\/\/stylingagenten.com\/da\/wp-json\/wp\/v2\/product\/110573","targetHints":{"allow":["GET"]}}],"collection":[{"href":"https:\/\/stylingagenten.com\/da\/wp-json\/wp\/v2\/product"}],"about":[{"href":"https:\/\/stylingagenten.com\/da\/wp-json\/wp\/v2\/types\/product"}],"replies":[{"embeddable":true,"href":"https:\/\/stylingagenten.com\/da\/wp-json\/wp\/v2\/comments?post=110573"}],"version-history":[{"count":0,"href":"https:\/\/stylingagenten.com\/da\/wp-json\/wp\/v2\/product\/110573\/revisions"}],"wp:featuredmedia":[{"embeddable":true,"href":"https:\/\/stylingagenten.com\/da\/wp-json\/wp\/v2\/media\/110563"}],"wp:attachment":[{"href":"https:\/\/stylingagenten.com\/da\/wp-json\/wp\/v2\/media?parent=110573"}],"wp:term":[{"taxonomy":"product_brand","embeddable":true,"href":"https:\/\/stylingagenten.com\/da\/wp-json\/wp\/v2\/product_brand?post=110573"},{"taxonomy":"product_cat","embeddable":true,"href":"https:\/\/stylingagenten.com\/da\/wp-json\/wp\/v2\/product_cat?post=110573"},{"taxonomy":"product_tag","embeddable":true,"href":"https:\/\/stylingagenten.com\/da\/wp-json\/wp\/v2\/product_tag?post=110573"},{"taxonomy":"berocket_brand","embeddable":true,"href":"https:\/\/stylingagenten.com\/da\/wp-json\/wp\/v2\/berocket_brand?post=110573"}],"curies":[{"name":"wp","href":"https:\/\/api.w.org\/{rel}","templated":true}]}}