{"id":110566,"date":"2025-05-18T20:53:15","date_gmt":"2025-05-18T20:53:15","guid":{"rendered":"https:\/\/staging2.stylingagenten.com\/da\/produkt\/escada-show-me-love-edp-30ml\/"},"modified":"2025-12-18T21:31:58","modified_gmt":"2025-12-18T21:31:58","slug":"escada-show-me-love-edp-30ml","status":"publish","type":"product","link":"https:\/\/stylingagenten.com\/da\/produkt\/escada-show-me-love-edp-30ml\/","title":{"rendered":"Escada Show Me Love Edp 30ml"},"content":{"rendered":"<p>Escada Show Me Love Edp 30ml<br \/>Show Me Love Eau de Parfum er en parfume fra Escada. Der er en ny Broadway-favorit i byen, klar til at overtage rampelyset. Denne vinter pr\u00e6senterer Escada et nyt hjerte i kollektionen: Show Me Love er den f\u00f8rste Escada-parfume, der lader dig leve livet som en stjerne.<br \/>Show Me Love er en parfume til den selvsikre kvinde, der udstr\u00e5ler sensualitet og gejst for liv. Saftige noter af bl\u00e5b\u00e6r blander sig med sensuel jasmin, og vidunderlige noter af bl\u00e5b\u00e6rmakroner runder duften af \u200b\u200bmed en dejlig s\u00f8dme. Show Me Love er en vegansk blomsterparfume, der afspejler Escadas arbejde med at udvikle moderne dufte, der er stadig mere milj\u00f8venlige. Den skinnende, hjerteformede flaske er d\u00e6kket af m\u00f8rker\u00f8d fl\u00f8jl, som leder tankerne hen p\u00e5 teaterscenen. Escada-parfumen til kvinder kommer i en smuk \u00e6ske med ordet &#8220;k\u00e6rlighed&#8221; trykt som en ikonisk Broadway-plakat. Det er en fed parfume, der vil give dig den opm\u00e6rksomhed, du fortjener. \u00c5bn gardinet og indtag scenen som en \u00e6gte Broadway-stjerne.<\/p>\n","protected":false},"excerpt":{"rendered":"<p>Escada Show Me Love Edp 30mlShow Me Love Eau de Parfum er en parfume fra Escada. Der er en ny Broadway-favorit i byen, klar til at overtage rampelyset. Denne vinter pr\u00e6senterer Escada et nyt hjerte i kollektionen: Show Me Love er den f\u00f8rste Escada-parfume, der lader dig leve livet som en stjerne.Show Me Love er [&hellip;]<\/p>\n","protected":false},"featured_media":110560,"comment_status":"open","ping_status":"closed","template":"","meta":{"_trash_the_other_posts":false},"product_brand":[],"product_cat":[706,534],"product_tag":[2894],"berocket_brand":[1306],"class_list":{"0":"post-110566","1":"product","2":"type-product","3":"status-publish","4":"has-post-thumbnail","6":"product_cat-eau-de-parfum-dame","7":"product_cat-parfume-dame","8":"product_tag-escada-show-me-love-edp","9":"pa_brand-escada","10":"pa_variant-30ml","11":"berocket_brand-escada","13":"first","14":"outofstock","15":"sale","16":"taxable","17":"shipping-taxable","18":"purchasable","19":"product-type-simple"},"_links":{"self":[{"href":"https:\/\/stylingagenten.com\/da\/wp-json\/wp\/v2\/product\/110566","targetHints":{"allow":["GET"]}}],"collection":[{"href":"https:\/\/stylingagenten.com\/da\/wp-json\/wp\/v2\/product"}],"about":[{"href":"https:\/\/stylingagenten.com\/da\/wp-json\/wp\/v2\/types\/product"}],"replies":[{"embeddable":true,"href":"https:\/\/stylingagenten.com\/da\/wp-json\/wp\/v2\/comments?post=110566"}],"version-history":[{"count":0,"href":"https:\/\/stylingagenten.com\/da\/wp-json\/wp\/v2\/product\/110566\/revisions"}],"wp:featuredmedia":[{"embeddable":true,"href":"https:\/\/stylingagenten.com\/da\/wp-json\/wp\/v2\/media\/110560"}],"wp:attachment":[{"href":"https:\/\/stylingagenten.com\/da\/wp-json\/wp\/v2\/media?parent=110566"}],"wp:term":[{"taxonomy":"product_brand","embeddable":true,"href":"https:\/\/stylingagenten.com\/da\/wp-json\/wp\/v2\/product_brand?post=110566"},{"taxonomy":"product_cat","embeddable":true,"href":"https:\/\/stylingagenten.com\/da\/wp-json\/wp\/v2\/product_cat?post=110566"},{"taxonomy":"product_tag","embeddable":true,"href":"https:\/\/stylingagenten.com\/da\/wp-json\/wp\/v2\/product_tag?post=110566"},{"taxonomy":"berocket_brand","embeddable":true,"href":"https:\/\/stylingagenten.com\/da\/wp-json\/wp\/v2\/berocket_brand?post=110566"}],"curies":[{"name":"wp","href":"https:\/\/api.w.org\/{rel}","templated":true}]}}