{"id":110554,"date":"2025-05-18T20:53:10","date_gmt":"2025-05-18T20:53:10","guid":{"rendered":"https:\/\/staging2.stylingagenten.com\/da\/produkt\/paris-hilton-gold-rush-edp-100ml\/"},"modified":"2026-04-08T15:28:02","modified_gmt":"2026-04-08T15:28:02","slug":"paris-hilton-gold-rush-edp-100ml","status":"publish","type":"product","link":"https:\/\/stylingagenten.com\/da\/produkt\/paris-hilton-gold-rush-edp-100ml\/","title":{"rendered":"Paris Hilton Gold Rush Edp 100ml"},"content":{"rendered":"<p>Paris Hilton Gold Rush Edp 100ml<br \/>Parfumen fungerer bedst om dagen i l\u00f8bet af efter\u00e5ret og for\u00e5ret, men virker selvf\u00f8lgelig ogs\u00e5 om natten og p\u00e5 de andre \u00e5rstider.<br \/>Duften er m\u00e6rkbart s\u00f8d, let m\u00e6lkeagtig, pudret og n\u00f8ddeagtig. Den har ogs\u00e5 en dejlig vaniljeduft.<br \/>Topnoterne best\u00e5r af bergamot, citron og nektarin. F\u00f8lg derefter hjertenoterne med Orchid, Rose og Violet. Til sidst f\u00f8lger basisnoterne med praline, kashmirtr\u00e6 og vanilje.<\/p>\n","protected":false},"excerpt":{"rendered":"<p>Paris Hilton Gold Rush Edp 100mlParfumen fungerer bedst om dagen i l\u00f8bet af efter\u00e5ret og for\u00e5ret, men virker selvf\u00f8lgelig ogs\u00e5 om natten og p\u00e5 de andre \u00e5rstider.Duften er m\u00e6rkbart s\u00f8d, let m\u00e6lkeagtig, pudret og n\u00f8ddeagtig. Den har ogs\u00e5 en dejlig vaniljeduft.Topnoterne best\u00e5r af bergamot, citron og nektarin. F\u00f8lg derefter hjertenoterne med Orchid, Rose og Violet. [&hellip;]<\/p>\n","protected":false},"featured_media":110545,"comment_status":"open","ping_status":"closed","template":"","meta":{"_trash_the_other_posts":false},"product_brand":[],"product_cat":[706,735,1006,999,534],"product_tag":[],"berocket_brand":[1051],"class_list":{"0":"post-110554","1":"product","2":"type-product","3":"status-publish","4":"has-post-thumbnail","6":"product_cat-eau-de-parfum-dame","7":"product_cat-kampagne","8":"product_cat-kampagnepris","9":"product_cat-kampagnetilbud-til-hende","10":"product_cat-parfume-dame","11":"pa_brand-paris-hilton","12":"berocket_brand-paris-hilton","14":"first","15":"instock","16":"sale","17":"taxable","18":"shipping-taxable","19":"purchasable","20":"product-type-simple"},"_links":{"self":[{"href":"https:\/\/stylingagenten.com\/da\/wp-json\/wp\/v2\/product\/110554","targetHints":{"allow":["GET"]}}],"collection":[{"href":"https:\/\/stylingagenten.com\/da\/wp-json\/wp\/v2\/product"}],"about":[{"href":"https:\/\/stylingagenten.com\/da\/wp-json\/wp\/v2\/types\/product"}],"replies":[{"embeddable":true,"href":"https:\/\/stylingagenten.com\/da\/wp-json\/wp\/v2\/comments?post=110554"}],"version-history":[{"count":0,"href":"https:\/\/stylingagenten.com\/da\/wp-json\/wp\/v2\/product\/110554\/revisions"}],"wp:featuredmedia":[{"embeddable":true,"href":"https:\/\/stylingagenten.com\/da\/wp-json\/wp\/v2\/media\/110545"}],"wp:attachment":[{"href":"https:\/\/stylingagenten.com\/da\/wp-json\/wp\/v2\/media?parent=110554"}],"wp:term":[{"taxonomy":"product_brand","embeddable":true,"href":"https:\/\/stylingagenten.com\/da\/wp-json\/wp\/v2\/product_brand?post=110554"},{"taxonomy":"product_cat","embeddable":true,"href":"https:\/\/stylingagenten.com\/da\/wp-json\/wp\/v2\/product_cat?post=110554"},{"taxonomy":"product_tag","embeddable":true,"href":"https:\/\/stylingagenten.com\/da\/wp-json\/wp\/v2\/product_tag?post=110554"},{"taxonomy":"berocket_brand","embeddable":true,"href":"https:\/\/stylingagenten.com\/da\/wp-json\/wp\/v2\/berocket_brand?post=110554"}],"curies":[{"name":"wp","href":"https:\/\/api.w.org\/{rel}","templated":true}]}}