{"id":110550,"date":"2025-05-18T20:53:10","date_gmt":"2025-05-18T20:53:10","guid":{"rendered":"https:\/\/staging2.stylingagenten.com\/da\/produkt\/paris-hilton-platinum-rush-edp-100ml\/"},"modified":"2026-04-08T15:27:34","modified_gmt":"2026-04-08T15:27:34","slug":"paris-hilton-platinum-rush-edp-100ml","status":"publish","type":"product","link":"https:\/\/stylingagenten.com\/da\/produkt\/paris-hilton-platinum-rush-edp-100ml\/","title":{"rendered":"Paris Hilton Platinum Rush Edp 100ml"},"content":{"rendered":"<p>Paris Hilton Platinum Rush har en duft af asiatiske p\u00e6rer, r\u00f8de \u00e6bler, kashmir, moskus og flydende dr\u00e5ber af rav.<\/p>\n","protected":false},"excerpt":{"rendered":"<p>Paris Hilton Platinum Rush har en duft af asiatiske p\u00e6rer, r\u00f8de \u00e6bler, kashmir, moskus og flydende dr\u00e5ber af rav.<\/p>\n","protected":false},"featured_media":110544,"comment_status":"open","ping_status":"closed","template":"","meta":{"_trash_the_other_posts":false},"product_brand":[],"product_cat":[735,999,534],"product_tag":[],"berocket_brand":[1051],"class_list":{"0":"post-110550","1":"product","2":"type-product","3":"status-publish","4":"has-post-thumbnail","6":"product_cat-kampagne","7":"product_cat-kampagnetilbud-til-hende","8":"product_cat-parfume-dame","9":"pa_brand-paris-hilton","10":"berocket_brand-paris-hilton","12":"first","13":"instock","14":"sale","15":"taxable","16":"shipping-taxable","17":"purchasable","18":"product-type-simple"},"_links":{"self":[{"href":"https:\/\/stylingagenten.com\/da\/wp-json\/wp\/v2\/product\/110550","targetHints":{"allow":["GET"]}}],"collection":[{"href":"https:\/\/stylingagenten.com\/da\/wp-json\/wp\/v2\/product"}],"about":[{"href":"https:\/\/stylingagenten.com\/da\/wp-json\/wp\/v2\/types\/product"}],"replies":[{"embeddable":true,"href":"https:\/\/stylingagenten.com\/da\/wp-json\/wp\/v2\/comments?post=110550"}],"version-history":[{"count":0,"href":"https:\/\/stylingagenten.com\/da\/wp-json\/wp\/v2\/product\/110550\/revisions"}],"wp:featuredmedia":[{"embeddable":true,"href":"https:\/\/stylingagenten.com\/da\/wp-json\/wp\/v2\/media\/110544"}],"wp:attachment":[{"href":"https:\/\/stylingagenten.com\/da\/wp-json\/wp\/v2\/media?parent=110550"}],"wp:term":[{"taxonomy":"product_brand","embeddable":true,"href":"https:\/\/stylingagenten.com\/da\/wp-json\/wp\/v2\/product_brand?post=110550"},{"taxonomy":"product_cat","embeddable":true,"href":"https:\/\/stylingagenten.com\/da\/wp-json\/wp\/v2\/product_cat?post=110550"},{"taxonomy":"product_tag","embeddable":true,"href":"https:\/\/stylingagenten.com\/da\/wp-json\/wp\/v2\/product_tag?post=110550"},{"taxonomy":"berocket_brand","embeddable":true,"href":"https:\/\/stylingagenten.com\/da\/wp-json\/wp\/v2\/berocket_brand?post=110550"}],"curies":[{"name":"wp","href":"https:\/\/api.w.org\/{rel}","templated":true}]}}