{"id":110527,"date":"2025-05-18T20:53:06","date_gmt":"2025-05-18T20:53:06","guid":{"rendered":"https:\/\/staging2.stylingagenten.com\/da\/produkt\/lattafa-yara-edp-100ml\/"},"modified":"2026-03-30T02:18:43","modified_gmt":"2026-03-30T02:18:43","slug":"lattafa-yara-edp-100ml","status":"publish","type":"product","link":"https:\/\/stylingagenten.com\/da\/produkt\/lattafa-yara-edp-100ml\/","title":{"rendered":"Lattafa Yara Edp 100ml"},"content":{"rendered":"<p>Fork\u00e6l dig selv med en duft, der f\u00e5r dig til at f\u00f8le dig str\u00e5lende uanset hvor du er! Lattafa Yara er en Eau de Parfum til kvinder, der symboliserer luksus og eksklusivitet, og selv de mest kr\u00e6sne vil v\u00e6re mere end tilfredse med dens sofistikerede duftkomposition. <\/p>\n<p>Topnoter: Heliotrop, Mandarin, Orkid\u00e9<br \/>\n<br \/>Hjertenoter: Blomster, Tropisk frugt<br \/>\n<br \/>Basenoter: Vanilje, Sandeltr\u00e6, Musk<\/p>\n<p>100ml<\/p>\n","protected":false},"excerpt":{"rendered":"<p>Fork\u00e6l dig selv med en duft, der f\u00e5r dig til at f\u00f8le dig str\u00e5lende uanset hvor du er! Lattafa Yara er en Eau de Parfum til kvinder, der symboliserer luksus og eksklusivitet, og selv de mest kr\u00e6sne vil v\u00e6re mere end tilfredse med dens sofistikerede duftkomposition. Topnoter: Heliotrop, Mandarin, Orkid\u00e9 Hjertenoter: Blomster, Tropisk frugt Basenoter: [&hellip;]<\/p>\n","protected":false},"featured_media":110520,"comment_status":"open","ping_status":"closed","template":"","meta":{"_trash_the_other_posts":false},"product_brand":[],"product_cat":[706,735,999],"product_tag":[],"berocket_brand":[1414],"class_list":{"0":"post-110527","1":"product","2":"type-product","3":"status-publish","4":"has-post-thumbnail","6":"product_cat-eau-de-parfum-dame","7":"product_cat-kampagne","8":"product_cat-kampagnetilbud-til-hende","9":"pa_brand-lattafa","10":"berocket_brand-lattafa","12":"first","13":"instock","14":"sale","15":"taxable","16":"shipping-taxable","17":"purchasable","18":"product-type-simple"},"_links":{"self":[{"href":"https:\/\/stylingagenten.com\/da\/wp-json\/wp\/v2\/product\/110527","targetHints":{"allow":["GET"]}}],"collection":[{"href":"https:\/\/stylingagenten.com\/da\/wp-json\/wp\/v2\/product"}],"about":[{"href":"https:\/\/stylingagenten.com\/da\/wp-json\/wp\/v2\/types\/product"}],"replies":[{"embeddable":true,"href":"https:\/\/stylingagenten.com\/da\/wp-json\/wp\/v2\/comments?post=110527"}],"version-history":[{"count":0,"href":"https:\/\/stylingagenten.com\/da\/wp-json\/wp\/v2\/product\/110527\/revisions"}],"wp:featuredmedia":[{"embeddable":true,"href":"https:\/\/stylingagenten.com\/da\/wp-json\/wp\/v2\/media\/110520"}],"wp:attachment":[{"href":"https:\/\/stylingagenten.com\/da\/wp-json\/wp\/v2\/media?parent=110527"}],"wp:term":[{"taxonomy":"product_brand","embeddable":true,"href":"https:\/\/stylingagenten.com\/da\/wp-json\/wp\/v2\/product_brand?post=110527"},{"taxonomy":"product_cat","embeddable":true,"href":"https:\/\/stylingagenten.com\/da\/wp-json\/wp\/v2\/product_cat?post=110527"},{"taxonomy":"product_tag","embeddable":true,"href":"https:\/\/stylingagenten.com\/da\/wp-json\/wp\/v2\/product_tag?post=110527"},{"taxonomy":"berocket_brand","embeddable":true,"href":"https:\/\/stylingagenten.com\/da\/wp-json\/wp\/v2\/berocket_brand?post=110527"}],"curies":[{"name":"wp","href":"https:\/\/api.w.org\/{rel}","templated":true}]}}