{"id":110521,"date":"2025-05-18T20:53:05","date_gmt":"2025-05-18T20:53:05","guid":{"rendered":"https:\/\/staging2.stylingagenten.com\/da\/produkt\/calvin-klein-eternity-moment-edp-30ml\/"},"modified":"2026-03-26T12:48:33","modified_gmt":"2026-03-26T12:48:33","slug":"calvin-klein-eternity-moment-edp-30ml","status":"publish","type":"product","link":"https:\/\/stylingagenten.com\/da\/produkt\/calvin-klein-eternity-moment-edp-30ml\/","title":{"rendered":"Calvin Klein Eternity Moment Edp 30ml"},"content":{"rendered":"<p>Calvin Klein Eternity Moment er en frisk og blomstret duft skabt til den moderne unge kvinde.<\/p>\n<p><strong>Duftnoter:<\/strong> litchi, granat\u00e6bleblomster, \u00e5kande, rosenp\u00e6on, guava, moskus og tr\u00e6agtige noter.<\/p>\n","protected":false},"excerpt":{"rendered":"<p>Calvin Klein Eternity Moment er en frisk og blomstret duft skabt til den moderne unge kvinde. Duftnoter: litchi, granat\u00e6bleblomster, \u00e5kande, rosenp\u00e6on, guava, moskus og tr\u00e6agtige noter.<\/p>\n","protected":false},"featured_media":110513,"comment_status":"open","ping_status":"closed","template":"","meta":{"_trash_the_other_posts":false},"product_brand":[],"product_cat":[1003,795,706,735,999],"product_tag":[2653],"berocket_brand":[1014],"class_list":{"0":"post-110521","1":"product","2":"type-product","3":"status-publish","4":"has-post-thumbnail","6":"product_cat-bestsellere","7":"product_cat-calvin-klein-eternity-moment","8":"product_cat-eau-de-parfum-dame","9":"product_cat-kampagne","10":"product_cat-kampagnetilbud-til-hende","11":"product_tag-calvin-klein-eternity-moment-edp","12":"pa_brand-calvin-klein","13":"pa_variant-30ml","14":"berocket_brand-calvin-klein","16":"first","17":"outofstock","18":"sale","19":"taxable","20":"shipping-taxable","21":"purchasable","22":"product-type-simple"},"_links":{"self":[{"href":"https:\/\/stylingagenten.com\/da\/wp-json\/wp\/v2\/product\/110521","targetHints":{"allow":["GET"]}}],"collection":[{"href":"https:\/\/stylingagenten.com\/da\/wp-json\/wp\/v2\/product"}],"about":[{"href":"https:\/\/stylingagenten.com\/da\/wp-json\/wp\/v2\/types\/product"}],"replies":[{"embeddable":true,"href":"https:\/\/stylingagenten.com\/da\/wp-json\/wp\/v2\/comments?post=110521"}],"version-history":[{"count":0,"href":"https:\/\/stylingagenten.com\/da\/wp-json\/wp\/v2\/product\/110521\/revisions"}],"wp:featuredmedia":[{"embeddable":true,"href":"https:\/\/stylingagenten.com\/da\/wp-json\/wp\/v2\/media\/110513"}],"wp:attachment":[{"href":"https:\/\/stylingagenten.com\/da\/wp-json\/wp\/v2\/media?parent=110521"}],"wp:term":[{"taxonomy":"product_brand","embeddable":true,"href":"https:\/\/stylingagenten.com\/da\/wp-json\/wp\/v2\/product_brand?post=110521"},{"taxonomy":"product_cat","embeddable":true,"href":"https:\/\/stylingagenten.com\/da\/wp-json\/wp\/v2\/product_cat?post=110521"},{"taxonomy":"product_tag","embeddable":true,"href":"https:\/\/stylingagenten.com\/da\/wp-json\/wp\/v2\/product_tag?post=110521"},{"taxonomy":"berocket_brand","embeddable":true,"href":"https:\/\/stylingagenten.com\/da\/wp-json\/wp\/v2\/berocket_brand?post=110521"}],"curies":[{"name":"wp","href":"https:\/\/api.w.org\/{rel}","templated":true}]}}