{"id":110487,"date":"2025-05-18T20:52:59","date_gmt":"2025-05-18T20:52:59","guid":{"rendered":"https:\/\/staging2.stylingagenten.com\/da\/produkt\/lattafa-yara-moi-edp-100ml\/"},"modified":"2026-04-07T14:07:32","modified_gmt":"2026-04-07T14:07:32","slug":"lattafa-yara-moi-edp-100ml","status":"publish","type":"product","link":"https:\/\/stylingagenten.com\/da\/produkt\/lattafa-yara-moi-edp-100ml\/","title":{"rendered":"Lattafa Yara Moi Edp 100ml"},"content":{"rendered":"<p>Du beh\u00f8ver ikke l\u00e6ngere at skjule den lidenskabelige side af din personlighed. Lattafa Yara Moi er en Eau de Parfum til kvinder, fyldt med sp\u00e6nding, lyst og provokation, som vil skabe en sensuel atmosf\u00e6re omkring dig.<\/p>\n<p>Topnoter: Jasmin, Fersken<br \/>\n<br \/>Hjertenoter: Karamel, Rav<br \/>\n<br \/>Basenoter: Sandeltr\u00e6, Vanilje, Patchouli<\/p>\n<p>100ml<\/p>\n","protected":false},"excerpt":{"rendered":"<p>Du beh\u00f8ver ikke l\u00e6ngere at skjule den lidenskabelige side af din personlighed. Lattafa Yara Moi er en Eau de Parfum til kvinder, fyldt med sp\u00e6nding, lyst og provokation, som vil skabe en sensuel atmosf\u00e6re omkring dig. Topnoter: Jasmin, Fersken Hjertenoter: Karamel, Rav Basenoter: Sandeltr\u00e6, Vanilje, Patchouli 100ml<\/p>\n","protected":false},"featured_media":110485,"comment_status":"open","ping_status":"closed","template":"","meta":{"_trash_the_other_posts":false},"product_brand":[],"product_cat":[706,735,999],"product_tag":[],"berocket_brand":[1414],"class_list":{"0":"post-110487","1":"product","2":"type-product","3":"status-publish","4":"has-post-thumbnail","6":"product_cat-eau-de-parfum-dame","7":"product_cat-kampagne","8":"product_cat-kampagnetilbud-til-hende","9":"pa_brand-lattafa","10":"berocket_brand-lattafa","12":"first","13":"instock","14":"sale","15":"taxable","16":"shipping-taxable","17":"purchasable","18":"product-type-simple"},"_links":{"self":[{"href":"https:\/\/stylingagenten.com\/da\/wp-json\/wp\/v2\/product\/110487","targetHints":{"allow":["GET"]}}],"collection":[{"href":"https:\/\/stylingagenten.com\/da\/wp-json\/wp\/v2\/product"}],"about":[{"href":"https:\/\/stylingagenten.com\/da\/wp-json\/wp\/v2\/types\/product"}],"replies":[{"embeddable":true,"href":"https:\/\/stylingagenten.com\/da\/wp-json\/wp\/v2\/comments?post=110487"}],"version-history":[{"count":0,"href":"https:\/\/stylingagenten.com\/da\/wp-json\/wp\/v2\/product\/110487\/revisions"}],"wp:featuredmedia":[{"embeddable":true,"href":"https:\/\/stylingagenten.com\/da\/wp-json\/wp\/v2\/media\/110485"}],"wp:attachment":[{"href":"https:\/\/stylingagenten.com\/da\/wp-json\/wp\/v2\/media?parent=110487"}],"wp:term":[{"taxonomy":"product_brand","embeddable":true,"href":"https:\/\/stylingagenten.com\/da\/wp-json\/wp\/v2\/product_brand?post=110487"},{"taxonomy":"product_cat","embeddable":true,"href":"https:\/\/stylingagenten.com\/da\/wp-json\/wp\/v2\/product_cat?post=110487"},{"taxonomy":"product_tag","embeddable":true,"href":"https:\/\/stylingagenten.com\/da\/wp-json\/wp\/v2\/product_tag?post=110487"},{"taxonomy":"berocket_brand","embeddable":true,"href":"https:\/\/stylingagenten.com\/da\/wp-json\/wp\/v2\/berocket_brand?post=110487"}],"curies":[{"name":"wp","href":"https:\/\/api.w.org\/{rel}","templated":true}]}}