{"id":110484,"date":"2025-05-18T20:52:58","date_gmt":"2025-05-18T20:52:58","guid":{"rendered":"https:\/\/staging2.stylingagenten.com\/da\/produkt\/lattafa-oud-mood-reminiscence-edp-100ml\/"},"modified":"2026-03-11T21:48:39","modified_gmt":"2026-03-11T21:48:39","slug":"lattafa-oud-mood-reminiscence-edp-100ml","status":"publish","type":"product","link":"https:\/\/stylingagenten.com\/da\/produkt\/lattafa-oud-mood-reminiscence-edp-100ml\/","title":{"rendered":"Lattafa Oud Mood Reminiscence Edp 100ml"},"content":{"rendered":"<p>Eau de Parfum til m\u00e6nd, Lattafa Oud Mood Reminiscence, hj\u00e6lper dig med at finde din indre maskulinitet, styrke og mod. Duften overrasker med sin maskulinitet og fremh\u00e6ver perfekt din karakter i enhver situation.<\/p>\n<p>Topnoter: Bergamot, \u00c6ble, Ananas<br \/>\n<br \/>Hjertenoter: Rose, Patchouli, Bj\u00f8rk, Jasmin<br \/>\n<br \/>Basenoter: Sl\u00e5nlav, Musk, Amber, Vanilje<\/p>\n<p>100ml<\/p>\n","protected":false},"excerpt":{"rendered":"<p>Eau de Parfum til m\u00e6nd, Lattafa Oud Mood Reminiscence, hj\u00e6lper dig med at finde din indre maskulinitet, styrke og mod. Duften overrasker med sin maskulinitet og fremh\u00e6ver perfekt din karakter i enhver situation. Topnoter: Bergamot, \u00c6ble, Ananas Hjertenoter: Rose, Patchouli, Bj\u00f8rk, Jasmin Basenoter: Sl\u00e5nlav, Musk, Amber, Vanilje 100ml<\/p>\n","protected":false},"featured_media":110480,"comment_status":"open","ping_status":"closed","template":"","meta":{"_trash_the_other_posts":false},"product_brand":[],"product_cat":[708,735,999],"product_tag":[],"berocket_brand":[1414],"class_list":{"0":"post-110484","1":"product","2":"type-product","3":"status-publish","4":"has-post-thumbnail","6":"product_cat-eau-de-parfum-gentr","7":"product_cat-kampagne","8":"product_cat-kampagnetilbud-til-hende","9":"pa_brand-lattafa","10":"berocket_brand-lattafa","12":"first","13":"instock","14":"sale","15":"taxable","16":"shipping-taxable","17":"purchasable","18":"product-type-simple"},"_links":{"self":[{"href":"https:\/\/stylingagenten.com\/da\/wp-json\/wp\/v2\/product\/110484","targetHints":{"allow":["GET"]}}],"collection":[{"href":"https:\/\/stylingagenten.com\/da\/wp-json\/wp\/v2\/product"}],"about":[{"href":"https:\/\/stylingagenten.com\/da\/wp-json\/wp\/v2\/types\/product"}],"replies":[{"embeddable":true,"href":"https:\/\/stylingagenten.com\/da\/wp-json\/wp\/v2\/comments?post=110484"}],"version-history":[{"count":0,"href":"https:\/\/stylingagenten.com\/da\/wp-json\/wp\/v2\/product\/110484\/revisions"}],"wp:featuredmedia":[{"embeddable":true,"href":"https:\/\/stylingagenten.com\/da\/wp-json\/wp\/v2\/media\/110480"}],"wp:attachment":[{"href":"https:\/\/stylingagenten.com\/da\/wp-json\/wp\/v2\/media?parent=110484"}],"wp:term":[{"taxonomy":"product_brand","embeddable":true,"href":"https:\/\/stylingagenten.com\/da\/wp-json\/wp\/v2\/product_brand?post=110484"},{"taxonomy":"product_cat","embeddable":true,"href":"https:\/\/stylingagenten.com\/da\/wp-json\/wp\/v2\/product_cat?post=110484"},{"taxonomy":"product_tag","embeddable":true,"href":"https:\/\/stylingagenten.com\/da\/wp-json\/wp\/v2\/product_tag?post=110484"},{"taxonomy":"berocket_brand","embeddable":true,"href":"https:\/\/stylingagenten.com\/da\/wp-json\/wp\/v2\/berocket_brand?post=110484"}],"curies":[{"name":"wp","href":"https:\/\/api.w.org\/{rel}","templated":true}]}}