{"id":110477,"date":"2025-05-18T20:52:56","date_gmt":"2025-05-18T20:52:56","guid":{"rendered":"https:\/\/staging2.stylingagenten.com\/da\/produkt\/lattafa-asdaaf-ameerat-al-arab-edp-100ml\/"},"modified":"2026-04-07T12:18:38","modified_gmt":"2026-04-07T12:18:38","slug":"lattafa-asdaaf-ameerat-al-arab-edp-100ml","status":"publish","type":"product","link":"https:\/\/stylingagenten.com\/da\/produkt\/lattafa-asdaaf-ameerat-al-arab-edp-100ml\/","title":{"rendered":"Lattafa Asdaaf Ameerat Al Arab Edp 100ml"},"content":{"rendered":"<p>Oplev en eksotisk og blomstrende aroma. Asdaaf Ameerat Al Arab eau de parfum til kvinder er en forf\u00f8rende duft, der helt sikkert vil efterlade et varigt indtryk. Den er delikat blomsteragtig og orientalsk, hvilket g\u00f8r den perfekt til hverdagsbrug eller specielle lejligheder. Denne duft er perfekt til kvinder, der elsker at fange opm\u00e6rksomheden fra dem omkring sig.<\/p>\n<p>Duftnoter: Grapefrugt, Appelsin, Jasmin, Hvid Musk, Amber, Sandeltr\u00e6, Tonkab\u00f8nner<\/p>\n<p>100ml<\/p>\n","protected":false},"excerpt":{"rendered":"<p>Oplev en eksotisk og blomstrende aroma. Asdaaf Ameerat Al Arab eau de parfum til kvinder er en forf\u00f8rende duft, der helt sikkert vil efterlade et varigt indtryk. Den er delikat blomsteragtig og orientalsk, hvilket g\u00f8r den perfekt til hverdagsbrug eller specielle lejligheder. Denne duft er perfekt til kvinder, der elsker at fange opm\u00e6rksomheden fra dem [&hellip;]<\/p>\n","protected":false},"featured_media":110471,"comment_status":"open","ping_status":"closed","template":"","meta":{"_trash_the_other_posts":false},"product_brand":[],"product_cat":[706,735,999],"product_tag":[],"berocket_brand":[1414],"class_list":{"0":"post-110477","1":"product","2":"type-product","3":"status-publish","4":"has-post-thumbnail","6":"product_cat-eau-de-parfum-dame","7":"product_cat-kampagne","8":"product_cat-kampagnetilbud-til-hende","9":"pa_brand-lattafa","10":"berocket_brand-lattafa","12":"first","13":"outofstock","14":"sale","15":"taxable","16":"shipping-taxable","17":"purchasable","18":"product-type-simple"},"_links":{"self":[{"href":"https:\/\/stylingagenten.com\/da\/wp-json\/wp\/v2\/product\/110477","targetHints":{"allow":["GET"]}}],"collection":[{"href":"https:\/\/stylingagenten.com\/da\/wp-json\/wp\/v2\/product"}],"about":[{"href":"https:\/\/stylingagenten.com\/da\/wp-json\/wp\/v2\/types\/product"}],"replies":[{"embeddable":true,"href":"https:\/\/stylingagenten.com\/da\/wp-json\/wp\/v2\/comments?post=110477"}],"version-history":[{"count":0,"href":"https:\/\/stylingagenten.com\/da\/wp-json\/wp\/v2\/product\/110477\/revisions"}],"wp:featuredmedia":[{"embeddable":true,"href":"https:\/\/stylingagenten.com\/da\/wp-json\/wp\/v2\/media\/110471"}],"wp:attachment":[{"href":"https:\/\/stylingagenten.com\/da\/wp-json\/wp\/v2\/media?parent=110477"}],"wp:term":[{"taxonomy":"product_brand","embeddable":true,"href":"https:\/\/stylingagenten.com\/da\/wp-json\/wp\/v2\/product_brand?post=110477"},{"taxonomy":"product_cat","embeddable":true,"href":"https:\/\/stylingagenten.com\/da\/wp-json\/wp\/v2\/product_cat?post=110477"},{"taxonomy":"product_tag","embeddable":true,"href":"https:\/\/stylingagenten.com\/da\/wp-json\/wp\/v2\/product_tag?post=110477"},{"taxonomy":"berocket_brand","embeddable":true,"href":"https:\/\/stylingagenten.com\/da\/wp-json\/wp\/v2\/berocket_brand?post=110477"}],"curies":[{"name":"wp","href":"https:\/\/api.w.org\/{rel}","templated":true}]}}