{"id":110470,"date":"2025-05-18T20:52:55","date_gmt":"2025-05-18T20:52:55","guid":{"rendered":"https:\/\/staging2.stylingagenten.com\/da\/produkt\/lattafa-mayar-natural-intense-edp-100ml\/"},"modified":"2026-03-17T17:17:30","modified_gmt":"2026-03-17T17:17:30","slug":"lattafa-mayar-natural-intense-edp-100ml","status":"publish","type":"product","link":"https:\/\/stylingagenten.com\/da\/produkt\/lattafa-mayar-natural-intense-edp-100ml\/","title":{"rendered":"Lattafa Mayar Natural Intense Edp 100ml"},"content":{"rendered":"<p>Lad dig blive omfavnet af en duft, der f\u00e5r dig til at f\u00f8le dig fantastisk d\u00f8gnet rundt. Lattafa Mayar Natural Intense er en Eau de Parfum til kvinder, der st\u00e5r for optimisme og en f\u00f8lelse af fuldst\u00e6ndig lykke.<\/p>\n<p>Topnoter: Figen, Gr\u00f8n mandarin, Kokosvand, Melon<br \/>\n<br \/>Hjertenoter: Vandlilje, Jasmin, Lotus<br \/>\n<br \/>Basenoter: Vanilje, Sandeltr\u00e6, Ambroxan, Musk<\/p>\n<p>100ml<\/p>\n","protected":false},"excerpt":{"rendered":"<p>Lad dig blive omfavnet af en duft, der f\u00e5r dig til at f\u00f8le dig fantastisk d\u00f8gnet rundt. Lattafa Mayar Natural Intense er en Eau de Parfum til kvinder, der st\u00e5r for optimisme og en f\u00f8lelse af fuldst\u00e6ndig lykke. Topnoter: Figen, Gr\u00f8n mandarin, Kokosvand, Melon Hjertenoter: Vandlilje, Jasmin, Lotus Basenoter: Vanilje, Sandeltr\u00e6, Ambroxan, Musk 100ml<\/p>\n","protected":false},"featured_media":110464,"comment_status":"open","ping_status":"closed","template":"","meta":{"_trash_the_other_posts":false},"product_brand":[],"product_cat":[706,735,999],"product_tag":[],"berocket_brand":[1414],"class_list":{"0":"post-110470","1":"product","2":"type-product","3":"status-publish","4":"has-post-thumbnail","6":"product_cat-eau-de-parfum-dame","7":"product_cat-kampagne","8":"product_cat-kampagnetilbud-til-hende","9":"pa_brand-lattafa","10":"berocket_brand-lattafa","12":"first","13":"instock","14":"sale","15":"taxable","16":"shipping-taxable","17":"purchasable","18":"product-type-simple"},"_links":{"self":[{"href":"https:\/\/stylingagenten.com\/da\/wp-json\/wp\/v2\/product\/110470","targetHints":{"allow":["GET"]}}],"collection":[{"href":"https:\/\/stylingagenten.com\/da\/wp-json\/wp\/v2\/product"}],"about":[{"href":"https:\/\/stylingagenten.com\/da\/wp-json\/wp\/v2\/types\/product"}],"replies":[{"embeddable":true,"href":"https:\/\/stylingagenten.com\/da\/wp-json\/wp\/v2\/comments?post=110470"}],"version-history":[{"count":0,"href":"https:\/\/stylingagenten.com\/da\/wp-json\/wp\/v2\/product\/110470\/revisions"}],"wp:featuredmedia":[{"embeddable":true,"href":"https:\/\/stylingagenten.com\/da\/wp-json\/wp\/v2\/media\/110464"}],"wp:attachment":[{"href":"https:\/\/stylingagenten.com\/da\/wp-json\/wp\/v2\/media?parent=110470"}],"wp:term":[{"taxonomy":"product_brand","embeddable":true,"href":"https:\/\/stylingagenten.com\/da\/wp-json\/wp\/v2\/product_brand?post=110470"},{"taxonomy":"product_cat","embeddable":true,"href":"https:\/\/stylingagenten.com\/da\/wp-json\/wp\/v2\/product_cat?post=110470"},{"taxonomy":"product_tag","embeddable":true,"href":"https:\/\/stylingagenten.com\/da\/wp-json\/wp\/v2\/product_tag?post=110470"},{"taxonomy":"berocket_brand","embeddable":true,"href":"https:\/\/stylingagenten.com\/da\/wp-json\/wp\/v2\/berocket_brand?post=110470"}],"curies":[{"name":"wp","href":"https:\/\/api.w.org\/{rel}","templated":true}]}}