{"id":110469,"date":"2025-05-18T20:52:54","date_gmt":"2025-05-18T20:52:54","guid":{"rendered":"https:\/\/staging2.stylingagenten.com\/da\/produkt\/lattafa-mayar-edp-100ml\/"},"modified":"2026-04-13T22:48:33","modified_gmt":"2026-04-13T22:48:33","slug":"lattafa-mayar-edp-100ml","status":"publish","type":"product","link":"https:\/\/stylingagenten.com\/da\/produkt\/lattafa-mayar-edp-100ml\/","title":{"rendered":"Lattafa Mayar Edp 100ml"},"content":{"rendered":"<p>Lattafa Mayar er en Eau de Parfum til kvinder, som hurtigt bliver din nye passion og sv\u00e6r at give op. Den vil fortrylle dig fra f\u00f8rste \u00f8jeblik og overbevise dig om, at den bestemt fortjener sin plads p\u00e5 dit toilettbord.<\/p>\n<p>Duftnoter: Litchiblomst, Hvide blomster, Vanilje, Musk<\/p>\n<p>100ml<\/p>\n","protected":false},"excerpt":{"rendered":"<p>Lattafa Mayar er en Eau de Parfum til kvinder, som hurtigt bliver din nye passion og sv\u00e6r at give op. Den vil fortrylle dig fra f\u00f8rste \u00f8jeblik og overbevise dig om, at den bestemt fortjener sin plads p\u00e5 dit toilettbord. Duftnoter: Litchiblomst, Hvide blomster, Vanilje, Musk 100ml<\/p>\n","protected":false},"featured_media":110465,"comment_status":"open","ping_status":"closed","template":"","meta":{"_trash_the_other_posts":false},"product_brand":[],"product_cat":[706,735,999],"product_tag":[],"berocket_brand":[1414],"class_list":{"0":"post-110469","1":"product","2":"type-product","3":"status-publish","4":"has-post-thumbnail","6":"product_cat-eau-de-parfum-dame","7":"product_cat-kampagne","8":"product_cat-kampagnetilbud-til-hende","9":"pa_brand-lattafa","10":"berocket_brand-lattafa","12":"first","13":"instock","14":"sale","15":"taxable","16":"shipping-taxable","17":"purchasable","18":"product-type-simple"},"_links":{"self":[{"href":"https:\/\/stylingagenten.com\/da\/wp-json\/wp\/v2\/product\/110469","targetHints":{"allow":["GET"]}}],"collection":[{"href":"https:\/\/stylingagenten.com\/da\/wp-json\/wp\/v2\/product"}],"about":[{"href":"https:\/\/stylingagenten.com\/da\/wp-json\/wp\/v2\/types\/product"}],"replies":[{"embeddable":true,"href":"https:\/\/stylingagenten.com\/da\/wp-json\/wp\/v2\/comments?post=110469"}],"version-history":[{"count":0,"href":"https:\/\/stylingagenten.com\/da\/wp-json\/wp\/v2\/product\/110469\/revisions"}],"wp:featuredmedia":[{"embeddable":true,"href":"https:\/\/stylingagenten.com\/da\/wp-json\/wp\/v2\/media\/110465"}],"wp:attachment":[{"href":"https:\/\/stylingagenten.com\/da\/wp-json\/wp\/v2\/media?parent=110469"}],"wp:term":[{"taxonomy":"product_brand","embeddable":true,"href":"https:\/\/stylingagenten.com\/da\/wp-json\/wp\/v2\/product_brand?post=110469"},{"taxonomy":"product_cat","embeddable":true,"href":"https:\/\/stylingagenten.com\/da\/wp-json\/wp\/v2\/product_cat?post=110469"},{"taxonomy":"product_tag","embeddable":true,"href":"https:\/\/stylingagenten.com\/da\/wp-json\/wp\/v2\/product_tag?post=110469"},{"taxonomy":"berocket_brand","embeddable":true,"href":"https:\/\/stylingagenten.com\/da\/wp-json\/wp\/v2\/berocket_brand?post=110469"}],"curies":[{"name":"wp","href":"https:\/\/api.w.org\/{rel}","templated":true}]}}