{"id":110453,"date":"2025-05-18T20:52:51","date_gmt":"2025-05-18T20:52:51","guid":{"rendered":"https:\/\/staging2.stylingagenten.com\/da\/produkt\/gucci-flora-gorgeous-magnolia-edp-30ml\/"},"modified":"2026-03-30T13:35:30","modified_gmt":"2026-03-30T13:35:30","slug":"gucci-flora-gorgeous-magnolia-edp-30ml","status":"publish","type":"product","link":"https:\/\/stylingagenten.com\/da\/produkt\/gucci-flora-gorgeous-magnolia-edp-30ml\/","title":{"rendered":"Gucci Flora Gorgeous Magnolia Edp 30ml"},"content":{"rendered":"<p>Gucci Flora Gorgeous Magnolia Eau de Parfum til kvinder er den tredje Gucci-duft i #FloraFantasy-kollektionen og en invitation til at give slip p\u00e5 dine fantasier med selvtillid. De bl\u00f8de og sensuelle noter af Magnolia-essens, Dugkirseb\u00e6r-akkord og Patchouli-essens f\u00f8rer dig til en verden af str\u00e5lende blomsterkraft og skaber en Eau de Parfum til selvsikre kvinder.<\/p>\n<p>Flasken, dekoreret med et fortryllende blomsterm\u00f8nster og en f\u00e6ngslende lilla nuance, symboliserer det gr\u00e6nsel\u00f8se potentiale, der findes i dig. Denne dejlige duft er en urokkelig allieret for Flora-kvinden, der \u00f8nsker at udforske alle muligheder \u2013 en unik buket fuld af gl\u00e6delig blomsterkraft, som minder dig om at stole p\u00e5 dig selv og frig\u00f8re din fantasi.<\/p>\n<p>Topnoter: Dugkirseb\u00e6r og Kokos<br \/>\n<br \/>Hjertenoter: Magnolia, Jasmin Sambac og Muskat Salvie<br \/>\n<br \/>Basenoter: Musk, Patchouli og Lyst Tr\u00e6<\/p>\n<p>30ml<\/p>\n","protected":false},"excerpt":{"rendered":"<p>Gucci Flora Gorgeous Magnolia Eau de Parfum til kvinder er den tredje Gucci-duft i #FloraFantasy-kollektionen og en invitation til at give slip p\u00e5 dine fantasier med selvtillid. De bl\u00f8de og sensuelle noter af Magnolia-essens, Dugkirseb\u00e6r-akkord og Patchouli-essens f\u00f8rer dig til en verden af str\u00e5lende blomsterkraft og skaber en Eau de Parfum til selvsikre kvinder. Flasken, [&hellip;]<\/p>\n","protected":false},"featured_media":110443,"comment_status":"open","ping_status":"closed","template":"","meta":{"_trash_the_other_posts":false},"product_brand":[],"product_cat":[706],"product_tag":[2940],"berocket_brand":[1329],"class_list":{"0":"post-110453","1":"product","2":"type-product","3":"status-publish","4":"has-post-thumbnail","6":"product_cat-eau-de-parfum-dame","7":"product_tag-gucci-flora-gorgeous-magnolia-edp","8":"pa_brand-gucci","9":"pa_variant-30ml","10":"berocket_brand-gucci","12":"first","13":"instock","14":"sale","15":"taxable","16":"shipping-taxable","17":"purchasable","18":"product-type-simple"},"_links":{"self":[{"href":"https:\/\/stylingagenten.com\/da\/wp-json\/wp\/v2\/product\/110453","targetHints":{"allow":["GET"]}}],"collection":[{"href":"https:\/\/stylingagenten.com\/da\/wp-json\/wp\/v2\/product"}],"about":[{"href":"https:\/\/stylingagenten.com\/da\/wp-json\/wp\/v2\/types\/product"}],"replies":[{"embeddable":true,"href":"https:\/\/stylingagenten.com\/da\/wp-json\/wp\/v2\/comments?post=110453"}],"version-history":[{"count":0,"href":"https:\/\/stylingagenten.com\/da\/wp-json\/wp\/v2\/product\/110453\/revisions"}],"wp:featuredmedia":[{"embeddable":true,"href":"https:\/\/stylingagenten.com\/da\/wp-json\/wp\/v2\/media\/110443"}],"wp:attachment":[{"href":"https:\/\/stylingagenten.com\/da\/wp-json\/wp\/v2\/media?parent=110453"}],"wp:term":[{"taxonomy":"product_brand","embeddable":true,"href":"https:\/\/stylingagenten.com\/da\/wp-json\/wp\/v2\/product_brand?post=110453"},{"taxonomy":"product_cat","embeddable":true,"href":"https:\/\/stylingagenten.com\/da\/wp-json\/wp\/v2\/product_cat?post=110453"},{"taxonomy":"product_tag","embeddable":true,"href":"https:\/\/stylingagenten.com\/da\/wp-json\/wp\/v2\/product_tag?post=110453"},{"taxonomy":"berocket_brand","embeddable":true,"href":"https:\/\/stylingagenten.com\/da\/wp-json\/wp\/v2\/berocket_brand?post=110453"}],"curies":[{"name":"wp","href":"https:\/\/api.w.org\/{rel}","templated":true}]}}