{"id":110447,"date":"2025-05-18T20:52:51","date_gmt":"2025-05-18T20:52:51","guid":{"rendered":"https:\/\/staging2.stylingagenten.com\/da\/produkt\/calvin-klein-beauty-edp-100ml\/"},"modified":"2026-04-12T10:48:31","modified_gmt":"2026-04-12T10:48:31","slug":"calvin-klein-beauty-edp-100ml","status":"publish","type":"product","link":"https:\/\/stylingagenten.com\/da\/produkt\/calvin-klein-beauty-edp-100ml\/","title":{"rendered":"Calvin Klein Beauty Edp 100ml"},"content":{"rendered":"<p>Calvin Klein Beauty er en duft, der afsl\u00f8rer din indre sk\u00f8nhed og efterlader et mindev\u00e6rdigt indtryk. Duften er skabt af Sophie Labbe og udtrykker glamour og selvtillid.<\/p>\n<p><strong>Duftnoter:<\/strong> lily, ambrette fr&ouml;, jasmin &amp; cedertr\u00e6&auml;.<\/p>\n","protected":false},"excerpt":{"rendered":"<p>Calvin Klein Beauty er en duft, der afsl\u00f8rer din indre sk\u00f8nhed og efterlader et mindev\u00e6rdigt indtryk. Duften er skabt af Sophie Labbe og udtrykker glamour og selvtillid. Duftnoter: lily, ambrette fr&ouml;, jasmin &amp; cedertr\u00e6&auml;.<\/p>\n","protected":false},"featured_media":110445,"comment_status":"open","ping_status":"closed","template":"","meta":{"_trash_the_other_posts":false},"product_brand":[],"product_cat":[1003,788,706],"product_tag":[2631],"berocket_brand":[1014],"class_list":{"0":"post-110447","1":"product","2":"type-product","3":"status-publish","4":"has-post-thumbnail","6":"product_cat-bestsellere","7":"product_cat-calvin-klein-beauty","8":"product_cat-eau-de-parfum-dame","9":"product_tag-calvin-klein-beauty-edp","10":"pa_brand-calvin-klein","11":"pa_variant-100ml","12":"berocket_brand-calvin-klein","14":"first","15":"instock","16":"sale","17":"taxable","18":"shipping-taxable","19":"purchasable","20":"product-type-simple"},"_links":{"self":[{"href":"https:\/\/stylingagenten.com\/da\/wp-json\/wp\/v2\/product\/110447","targetHints":{"allow":["GET"]}}],"collection":[{"href":"https:\/\/stylingagenten.com\/da\/wp-json\/wp\/v2\/product"}],"about":[{"href":"https:\/\/stylingagenten.com\/da\/wp-json\/wp\/v2\/types\/product"}],"replies":[{"embeddable":true,"href":"https:\/\/stylingagenten.com\/da\/wp-json\/wp\/v2\/comments?post=110447"}],"version-history":[{"count":0,"href":"https:\/\/stylingagenten.com\/da\/wp-json\/wp\/v2\/product\/110447\/revisions"}],"wp:featuredmedia":[{"embeddable":true,"href":"https:\/\/stylingagenten.com\/da\/wp-json\/wp\/v2\/media\/110445"}],"wp:attachment":[{"href":"https:\/\/stylingagenten.com\/da\/wp-json\/wp\/v2\/media?parent=110447"}],"wp:term":[{"taxonomy":"product_brand","embeddable":true,"href":"https:\/\/stylingagenten.com\/da\/wp-json\/wp\/v2\/product_brand?post=110447"},{"taxonomy":"product_cat","embeddable":true,"href":"https:\/\/stylingagenten.com\/da\/wp-json\/wp\/v2\/product_cat?post=110447"},{"taxonomy":"product_tag","embeddable":true,"href":"https:\/\/stylingagenten.com\/da\/wp-json\/wp\/v2\/product_tag?post=110447"},{"taxonomy":"berocket_brand","embeddable":true,"href":"https:\/\/stylingagenten.com\/da\/wp-json\/wp\/v2\/berocket_brand?post=110447"}],"curies":[{"name":"wp","href":"https:\/\/api.w.org\/{rel}","templated":true}]}}