{"id":110439,"date":"2025-05-18T20:52:48","date_gmt":"2025-05-18T20:52:48","guid":{"rendered":"https:\/\/staging2.stylingagenten.com\/da\/produkt\/replay-green-on-me-woman-edp-100ml\/"},"modified":"2026-02-24T22:46:33","modified_gmt":"2026-02-24T22:46:33","slug":"replay-green-on-me-woman-edp-100ml","status":"publish","type":"product","link":"https:\/\/stylingagenten.com\/da\/produkt\/replay-green-on-me-woman-edp-100ml\/","title":{"rendered":"Replay Green On Me Woman Edp 100ml"},"content":{"rendered":"<p>Replay Green On Me Woman EdP skal v\u00e6kke f\u00f8lelsen af et drivhus tidligt om morgenen. Solens str\u00e5ler begynder at tr\u00e6nge ind gennem vinduerne, som stadig er duggede fra eftermiddagens varme. Blomsterne, stadig v\u00e5de af dug, begynder at springe ud og afsl\u00f8rer forsigtigt deres klare farver, mens de spreder naturens forf\u00f8rende duft.<\/p>\n<p>Topnoter: bergamot, gul mandarin, efeu<br \/>\n<br \/>Hjertenoter: heliotrop, appelsinblomst, gr\u00f8nt \u00e6ble<br \/>\n<br \/>Basnoter: vanilje, sandeltr\u00e6, patchouliblade<\/p>\n<p>100ml<br \/><\/p>\n","protected":false},"excerpt":{"rendered":"<p>Replay Green On Me Woman EdP skal v\u00e6kke f\u00f8lelsen af et drivhus tidligt om morgenen. Solens str\u00e5ler begynder at tr\u00e6nge ind gennem vinduerne, som stadig er duggede fra eftermiddagens varme. Blomsterne, stadig v\u00e5de af dug, begynder at springe ud og afsl\u00f8rer forsigtigt deres klare farver, mens de spreder naturens forf\u00f8rende duft. Topnoter: bergamot, gul mandarin, [&hellip;]<\/p>\n","protected":false},"featured_media":110423,"comment_status":"open","ping_status":"closed","template":"","meta":{"_trash_the_other_posts":false},"product_brand":[],"product_cat":[706,735,999],"product_tag":[3898],"berocket_brand":[1120],"class_list":{"0":"post-110439","1":"product","2":"type-product","3":"status-publish","4":"has-post-thumbnail","6":"product_cat-eau-de-parfum-dame","7":"product_cat-kampagne","8":"product_cat-kampagnetilbud-til-hende","9":"product_tag-replay-green-on-me-woman-edp","10":"pa_brand-replay","11":"pa_variant-100ml","12":"berocket_brand-replay","14":"first","15":"instock","16":"sale","17":"taxable","18":"shipping-taxable","19":"purchasable","20":"product-type-simple"},"_links":{"self":[{"href":"https:\/\/stylingagenten.com\/da\/wp-json\/wp\/v2\/product\/110439","targetHints":{"allow":["GET"]}}],"collection":[{"href":"https:\/\/stylingagenten.com\/da\/wp-json\/wp\/v2\/product"}],"about":[{"href":"https:\/\/stylingagenten.com\/da\/wp-json\/wp\/v2\/types\/product"}],"replies":[{"embeddable":true,"href":"https:\/\/stylingagenten.com\/da\/wp-json\/wp\/v2\/comments?post=110439"}],"version-history":[{"count":0,"href":"https:\/\/stylingagenten.com\/da\/wp-json\/wp\/v2\/product\/110439\/revisions"}],"wp:featuredmedia":[{"embeddable":true,"href":"https:\/\/stylingagenten.com\/da\/wp-json\/wp\/v2\/media\/110423"}],"wp:attachment":[{"href":"https:\/\/stylingagenten.com\/da\/wp-json\/wp\/v2\/media?parent=110439"}],"wp:term":[{"taxonomy":"product_brand","embeddable":true,"href":"https:\/\/stylingagenten.com\/da\/wp-json\/wp\/v2\/product_brand?post=110439"},{"taxonomy":"product_cat","embeddable":true,"href":"https:\/\/stylingagenten.com\/da\/wp-json\/wp\/v2\/product_cat?post=110439"},{"taxonomy":"product_tag","embeddable":true,"href":"https:\/\/stylingagenten.com\/da\/wp-json\/wp\/v2\/product_tag?post=110439"},{"taxonomy":"berocket_brand","embeddable":true,"href":"https:\/\/stylingagenten.com\/da\/wp-json\/wp\/v2\/berocket_brand?post=110439"}],"curies":[{"name":"wp","href":"https:\/\/api.w.org\/{rel}","templated":true}]}}