{"id":110420,"date":"2025-05-18T20:52:46","date_gmt":"2025-05-18T20:52:46","guid":{"rendered":"https:\/\/staging2.stylingagenten.com\/da\/produkt\/hugo-boss-boss-the-scent-magnetic-for-her-edp-30ml\/"},"modified":"2026-04-07T07:08:38","modified_gmt":"2026-04-07T07:08:38","slug":"hugo-boss-boss-the-scent-magnetic-for-her-edp-30ml","status":"publish","type":"product","link":"https:\/\/stylingagenten.com\/da\/produkt\/hugo-boss-boss-the-scent-magnetic-for-her-edp-30ml\/","title":{"rendered":"Hugo Boss Boss The Scent Magnetic for Her Edp 30ml"},"content":{"rendered":"<p>Oplev forf\u00f8relsens kraft med BOSS The Scent Magnetic Eau de Parfum for hende, en intens fortolkning af den originale BOSS The Scent, der fortryller sanserne.<\/p>\n<p>Lokkende topnoter af osmanthus-blomst intensiveres i denne dameparfume for at give duften en kraftfuld sensualitet. Hjertenoten af fl\u00f8jlsbl\u00f8d ambrettfr\u00f8 hypnotiserer sanserne, og sammen med hvid moskus i basen f\u00e5r BOSS The Scent sin helt unikke magnetisme.<\/p>\n<p>30ml<\/p>\n","protected":false},"excerpt":{"rendered":"<p>Oplev forf\u00f8relsens kraft med BOSS The Scent Magnetic Eau de Parfum for hende, en intens fortolkning af den originale BOSS The Scent, der fortryller sanserne. Lokkende topnoter af osmanthus-blomst intensiveres i denne dameparfume for at give duften en kraftfuld sensualitet. Hjertenoten af fl\u00f8jlsbl\u00f8d ambrettfr\u00f8 hypnotiserer sanserne, og sammen med hvid moskus i basen f\u00e5r BOSS [&hellip;]<\/p>\n","protected":false},"featured_media":110406,"comment_status":"open","ping_status":"closed","template":"","meta":{"_trash_the_other_posts":false},"product_brand":[],"product_cat":[706,735,999],"product_tag":[],"berocket_brand":[1339],"class_list":{"0":"post-110420","1":"product","2":"type-product","3":"status-publish","4":"has-post-thumbnail","6":"product_cat-eau-de-parfum-dame","7":"product_cat-kampagne","8":"product_cat-kampagnetilbud-til-hende","9":"pa_brand-hugo-boss","10":"berocket_brand-hugo-boss","12":"first","13":"outofstock","14":"sale","15":"taxable","16":"shipping-taxable","17":"purchasable","18":"product-type-simple"},"_links":{"self":[{"href":"https:\/\/stylingagenten.com\/da\/wp-json\/wp\/v2\/product\/110420","targetHints":{"allow":["GET"]}}],"collection":[{"href":"https:\/\/stylingagenten.com\/da\/wp-json\/wp\/v2\/product"}],"about":[{"href":"https:\/\/stylingagenten.com\/da\/wp-json\/wp\/v2\/types\/product"}],"replies":[{"embeddable":true,"href":"https:\/\/stylingagenten.com\/da\/wp-json\/wp\/v2\/comments?post=110420"}],"version-history":[{"count":0,"href":"https:\/\/stylingagenten.com\/da\/wp-json\/wp\/v2\/product\/110420\/revisions"}],"wp:featuredmedia":[{"embeddable":true,"href":"https:\/\/stylingagenten.com\/da\/wp-json\/wp\/v2\/media\/110406"}],"wp:attachment":[{"href":"https:\/\/stylingagenten.com\/da\/wp-json\/wp\/v2\/media?parent=110420"}],"wp:term":[{"taxonomy":"product_brand","embeddable":true,"href":"https:\/\/stylingagenten.com\/da\/wp-json\/wp\/v2\/product_brand?post=110420"},{"taxonomy":"product_cat","embeddable":true,"href":"https:\/\/stylingagenten.com\/da\/wp-json\/wp\/v2\/product_cat?post=110420"},{"taxonomy":"product_tag","embeddable":true,"href":"https:\/\/stylingagenten.com\/da\/wp-json\/wp\/v2\/product_tag?post=110420"},{"taxonomy":"berocket_brand","embeddable":true,"href":"https:\/\/stylingagenten.com\/da\/wp-json\/wp\/v2\/berocket_brand?post=110420"}],"curies":[{"name":"wp","href":"https:\/\/api.w.org\/{rel}","templated":true}]}}