{"id":110372,"date":"2025-05-18T20:52:38","date_gmt":"2025-05-18T20:52:38","guid":{"rendered":"https:\/\/staging2.stylingagenten.com\/da\/produkt\/creed-spring-flower-edp-75ml\/"},"modified":"2026-04-13T11:48:31","modified_gmt":"2026-04-13T11:48:31","slug":"creed-spring-flower-edp-75ml","status":"publish","type":"product","link":"https:\/\/stylingagenten.com\/da\/produkt\/creed-spring-flower-edp-75ml\/","title":{"rendered":"Creed Spring Flower Edp 75ml"},"content":{"rendered":"<p>Creed Spring Flower Edp er en s\u00f8d blomsterduft med ekstrakt af fersken og frugter, der let blander sig med noter af jasmin og hvide blomster, og tager dig med p\u00e5 en blomsterrejse i en typisk engelsk have p\u00e5 en perfekt for\u00e5rsmorgen. En duft af ambra og moskus f\u00f8lger efter hjertenoterne og tilf\u00f8jer en f\u00f8lelse af dybde og ro, som g\u00f8r det muligt at nyde hver eneste note.<\/p>\n<p>Topnoter: \u00c6ble, Fersken<br \/>\n<br \/>Hjertenoter: Rose, Jasmin<br \/>\n<br \/>Basenoter: Moskus, Ambroxan<\/p>\n<p>75ml<\/p>\n","protected":false},"excerpt":{"rendered":"<p>Creed Spring Flower Edp er en s\u00f8d blomsterduft med ekstrakt af fersken og frugter, der let blander sig med noter af jasmin og hvide blomster, og tager dig med p\u00e5 en blomsterrejse i en typisk engelsk have p\u00e5 en perfekt for\u00e5rsmorgen. En duft af ambra og moskus f\u00f8lger efter hjertenoterne og tilf\u00f8jer en f\u00f8lelse af [&hellip;]<\/p>\n","protected":false},"featured_media":110369,"comment_status":"open","ping_status":"closed","template":"","meta":{"_trash_the_other_posts":false},"product_brand":[],"product_cat":[706,735,999],"product_tag":[],"berocket_brand":[1236],"class_list":{"0":"post-110372","1":"product","2":"type-product","3":"status-publish","4":"has-post-thumbnail","6":"product_cat-eau-de-parfum-dame","7":"product_cat-kampagne","8":"product_cat-kampagnetilbud-til-hende","9":"pa_brand-creed","10":"berocket_brand-creed","12":"first","13":"outofstock","14":"sale","15":"taxable","16":"shipping-taxable","17":"purchasable","18":"product-type-simple"},"_links":{"self":[{"href":"https:\/\/stylingagenten.com\/da\/wp-json\/wp\/v2\/product\/110372","targetHints":{"allow":["GET"]}}],"collection":[{"href":"https:\/\/stylingagenten.com\/da\/wp-json\/wp\/v2\/product"}],"about":[{"href":"https:\/\/stylingagenten.com\/da\/wp-json\/wp\/v2\/types\/product"}],"replies":[{"embeddable":true,"href":"https:\/\/stylingagenten.com\/da\/wp-json\/wp\/v2\/comments?post=110372"}],"version-history":[{"count":0,"href":"https:\/\/stylingagenten.com\/da\/wp-json\/wp\/v2\/product\/110372\/revisions"}],"wp:featuredmedia":[{"embeddable":true,"href":"https:\/\/stylingagenten.com\/da\/wp-json\/wp\/v2\/media\/110369"}],"wp:attachment":[{"href":"https:\/\/stylingagenten.com\/da\/wp-json\/wp\/v2\/media?parent=110372"}],"wp:term":[{"taxonomy":"product_brand","embeddable":true,"href":"https:\/\/stylingagenten.com\/da\/wp-json\/wp\/v2\/product_brand?post=110372"},{"taxonomy":"product_cat","embeddable":true,"href":"https:\/\/stylingagenten.com\/da\/wp-json\/wp\/v2\/product_cat?post=110372"},{"taxonomy":"product_tag","embeddable":true,"href":"https:\/\/stylingagenten.com\/da\/wp-json\/wp\/v2\/product_tag?post=110372"},{"taxonomy":"berocket_brand","embeddable":true,"href":"https:\/\/stylingagenten.com\/da\/wp-json\/wp\/v2\/berocket_brand?post=110372"}],"curies":[{"name":"wp","href":"https:\/\/api.w.org\/{rel}","templated":true}]}}