{"id":110361,"date":"2025-05-18T20:52:34","date_gmt":"2025-05-18T20:52:34","guid":{"rendered":"https:\/\/staging2.stylingagenten.com\/da\/produkt\/escada-santorini-sunrise-edt-10ml\/"},"modified":"2026-04-06T14:58:53","modified_gmt":"2026-04-06T14:58:53","slug":"escada-santorini-sunrise-edt-10ml","status":"publish","type":"product","link":"https:\/\/stylingagenten.com\/da\/produkt\/escada-santorini-sunrise-edt-10ml\/","title":{"rendered":"Escada Santorini Sunrise Edt 10ml"},"content":{"rendered":"<p>Er du klar til en rejse til den smukke gr\u00e6ske \u00f8 Santorini?<\/p>\n<p>Dr\u00f8m dig v\u00e6k til dette hvide og bl\u00e5 paradis med den nye dameparfume Escada Santorini Sunrise Eau de Toilette Limited Edition. Denne duft \u00e5bner med forfriskende noter af saftig mandarin og bergamot-sorbet, fremh\u00e6vet af str\u00e5lende jasmin. En farverig eksplosion af ros\u00e9peber g\u00f8r denne friske parfume ekstra str\u00e5lende og indbydende.<\/p>\n<p>Escada Santorini Sunrise er en direkte billet til juvelen blandt de gr\u00e6ske \u00f8er, Santorini, hvor havets dybe b\u00f8lger og de feminine bougainvillea-blomster har inspireret den smukke flakon. Emballagen er inspireret af autentisk gr\u00e6sk arkitektur i solopgangens sk\u00e6r.<\/p>\n<p>Denne limited edition Escada-duft er designet af parfumerne Myl\u00e8ne Alran og Benoist Lapouza som en hyldest til Gr\u00e6kenlands naturlige sk\u00f8nhed. Myl\u00e8ne Alran udforskede dybe noter med en jordn\u00e6r finish, mens Benoist Lapouza anvendte ingredienser, der bragte ham t\u00e6ttere p\u00e5 naturen. Escada Santorini Sunrise er en helt vegansk parfume, der vil blive din mest mindev\u00e6rdige duft denne sommer og samtidig tage hensyn til naturen.<\/p>\n<p>Rollerball flaske \u2013 10ml<\/p>\n","protected":false},"excerpt":{"rendered":"<p>Er du klar til en rejse til den smukke gr\u00e6ske \u00f8 Santorini? Dr\u00f8m dig v\u00e6k til dette hvide og bl\u00e5 paradis med den nye dameparfume Escada Santorini Sunrise Eau de Toilette Limited Edition. Denne duft \u00e5bner med forfriskende noter af saftig mandarin og bergamot-sorbet, fremh\u00e6vet af str\u00e5lende jasmin. En farverig eksplosion af ros\u00e9peber g\u00f8r denne [&hellip;]<\/p>\n","protected":false},"featured_media":110354,"comment_status":"open","ping_status":"closed","template":"","meta":{"_trash_the_other_posts":false},"product_brand":[],"product_cat":[707,735,999],"product_tag":[2893],"berocket_brand":[1306],"class_list":{"0":"post-110361","1":"product","2":"type-product","3":"status-publish","4":"has-post-thumbnail","6":"product_cat-eau-de-toilette-dame","7":"product_cat-kampagne","8":"product_cat-kampagnetilbud-til-hende","9":"product_tag-escada-santorini-sunrise-edt","10":"pa_brand-escada","11":"pa_variant-10ml","12":"berocket_brand-escada","14":"first","15":"instock","16":"sale","17":"taxable","18":"shipping-taxable","19":"purchasable","20":"product-type-simple"},"_links":{"self":[{"href":"https:\/\/stylingagenten.com\/da\/wp-json\/wp\/v2\/product\/110361","targetHints":{"allow":["GET"]}}],"collection":[{"href":"https:\/\/stylingagenten.com\/da\/wp-json\/wp\/v2\/product"}],"about":[{"href":"https:\/\/stylingagenten.com\/da\/wp-json\/wp\/v2\/types\/product"}],"replies":[{"embeddable":true,"href":"https:\/\/stylingagenten.com\/da\/wp-json\/wp\/v2\/comments?post=110361"}],"version-history":[{"count":0,"href":"https:\/\/stylingagenten.com\/da\/wp-json\/wp\/v2\/product\/110361\/revisions"}],"wp:featuredmedia":[{"embeddable":true,"href":"https:\/\/stylingagenten.com\/da\/wp-json\/wp\/v2\/media\/110354"}],"wp:attachment":[{"href":"https:\/\/stylingagenten.com\/da\/wp-json\/wp\/v2\/media?parent=110361"}],"wp:term":[{"taxonomy":"product_brand","embeddable":true,"href":"https:\/\/stylingagenten.com\/da\/wp-json\/wp\/v2\/product_brand?post=110361"},{"taxonomy":"product_cat","embeddable":true,"href":"https:\/\/stylingagenten.com\/da\/wp-json\/wp\/v2\/product_cat?post=110361"},{"taxonomy":"product_tag","embeddable":true,"href":"https:\/\/stylingagenten.com\/da\/wp-json\/wp\/v2\/product_tag?post=110361"},{"taxonomy":"berocket_brand","embeddable":true,"href":"https:\/\/stylingagenten.com\/da\/wp-json\/wp\/v2\/berocket_brand?post=110361"}],"curies":[{"name":"wp","href":"https:\/\/api.w.org\/{rel}","templated":true}]}}