{"id":110340,"date":"2025-05-18T20:52:31","date_gmt":"2025-05-18T20:52:31","guid":{"rendered":"https:\/\/staging2.stylingagenten.com\/da\/produkt\/marc-jacobs-perfect-intense-edp-10ml\/"},"modified":"2026-03-27T13:09:05","modified_gmt":"2026-03-27T13:09:05","slug":"marc-jacobs-perfect-intense-edp-10ml","status":"publish","type":"product","link":"https:\/\/stylingagenten.com\/da\/produkt\/marc-jacobs-perfect-intense-edp-10ml\/","title":{"rendered":"Marc Jacobs Perfect Intense Edp 10ml"},"content":{"rendered":"<p>Fyldig. Gylden. Modig.<\/p>\n<p>Hyld sk\u00f8nheden ved at v\u00e6re autentisk, frygtl\u00f8s og #PerfectAsIAm med den nye duft til kvinder fra Marc Jacobs, Perfect Intense Eau de Parfum.<\/p>\n<p>Ligesom den bedst s\u00e6lgende originalduft Perfect er Perfect Intense inspireret af Marc Jacobs\u2019 personlige mantra &#8220;jeg er perfekt, som jeg er,&#8221; symboliseret af tatoveringen &#8220;perfect&#8221; p\u00e5 hans h\u00e5ndled.<\/p>\n<p>Perfect Intense tilh\u00f8rer den blomstrede duftfamilie og \u00e5bner med str\u00e5lende noter af p\u00e5skelilje og hvid natjasmin. Gyldne ristede mandler m\u00f8der sandeltr\u00e6 og giver parfumen en varm, bl\u00f8d duftoplevelse. En fyldig, legesyg duft, der holder l\u00e6nge p\u00e5 huden og passer til alle kvinder.<\/p>\n<p>Duftfamilie: Comfort floral<br \/>\n<br \/>Topnoter: Ristede mandler, ros\u00e9peber<br \/>\n<br \/>Hjertenoter: Citrus-absolut, jasmin sambac<br \/>\n<br \/>Basnoter: Sesamolie, sandeltr\u00e6, cashmeran<\/p>\n<p>10ml<\/p>\n","protected":false},"excerpt":{"rendered":"<p>Fyldig. Gylden. Modig. Hyld sk\u00f8nheden ved at v\u00e6re autentisk, frygtl\u00f8s og #PerfectAsIAm med den nye duft til kvinder fra Marc Jacobs, Perfect Intense Eau de Parfum. Ligesom den bedst s\u00e6lgende originalduft Perfect er Perfect Intense inspireret af Marc Jacobs\u2019 personlige mantra &#8220;jeg er perfekt, som jeg er,&#8221; symboliseret af tatoveringen &#8220;perfect&#8221; p\u00e5 hans h\u00e5ndled. Perfect [&hellip;]<\/p>\n","protected":false},"featured_media":110329,"comment_status":"open","ping_status":"closed","template":"","meta":{"_trash_the_other_posts":false},"product_brand":[],"product_cat":[706,735,999],"product_tag":[3390],"berocket_brand":[1069],"class_list":{"0":"post-110340","1":"product","2":"type-product","3":"status-publish","4":"has-post-thumbnail","6":"product_cat-eau-de-parfum-dame","7":"product_cat-kampagne","8":"product_cat-kampagnetilbud-til-hende","9":"product_tag-marc-jacobs-perfect-intense-edp","10":"pa_brand-marc-jacobs","11":"pa_variant-10ml","12":"berocket_brand-marc-jacobs","14":"first","15":"instock","16":"sale","17":"taxable","18":"shipping-taxable","19":"purchasable","20":"product-type-simple"},"_links":{"self":[{"href":"https:\/\/stylingagenten.com\/da\/wp-json\/wp\/v2\/product\/110340","targetHints":{"allow":["GET"]}}],"collection":[{"href":"https:\/\/stylingagenten.com\/da\/wp-json\/wp\/v2\/product"}],"about":[{"href":"https:\/\/stylingagenten.com\/da\/wp-json\/wp\/v2\/types\/product"}],"replies":[{"embeddable":true,"href":"https:\/\/stylingagenten.com\/da\/wp-json\/wp\/v2\/comments?post=110340"}],"version-history":[{"count":0,"href":"https:\/\/stylingagenten.com\/da\/wp-json\/wp\/v2\/product\/110340\/revisions"}],"wp:featuredmedia":[{"embeddable":true,"href":"https:\/\/stylingagenten.com\/da\/wp-json\/wp\/v2\/media\/110329"}],"wp:attachment":[{"href":"https:\/\/stylingagenten.com\/da\/wp-json\/wp\/v2\/media?parent=110340"}],"wp:term":[{"taxonomy":"product_brand","embeddable":true,"href":"https:\/\/stylingagenten.com\/da\/wp-json\/wp\/v2\/product_brand?post=110340"},{"taxonomy":"product_cat","embeddable":true,"href":"https:\/\/stylingagenten.com\/da\/wp-json\/wp\/v2\/product_cat?post=110340"},{"taxonomy":"product_tag","embeddable":true,"href":"https:\/\/stylingagenten.com\/da\/wp-json\/wp\/v2\/product_tag?post=110340"},{"taxonomy":"berocket_brand","embeddable":true,"href":"https:\/\/stylingagenten.com\/da\/wp-json\/wp\/v2\/berocket_brand?post=110340"}],"curies":[{"name":"wp","href":"https:\/\/api.w.org\/{rel}","templated":true}]}}