{"id":110339,"date":"2025-05-18T20:52:30","date_gmt":"2025-05-18T20:52:30","guid":{"rendered":"https:\/\/staging2.stylingagenten.com\/da\/produkt\/dolce-gabbana-q-by-dolcegabbana-edp-100ml\/"},"modified":"2026-04-13T05:48:31","modified_gmt":"2026-04-13T05:48:31","slug":"dolce-gabbana-q-by-dolcegabbana-edp-100ml","status":"publish","type":"product","link":"https:\/\/stylingagenten.com\/da\/produkt\/dolce-gabbana-q-by-dolcegabbana-edp-100ml\/","title":{"rendered":"Dolce &amp; Gabbana Q by Dolce&amp;Gabbana Edp 100ml"},"content":{"rendered":"<p>Q by Dolce &amp; Gabbana er en duft med frugtige og blomstrede noter, beriget med en st\u00e6rk, tr\u00e6agtig base. Den friske smag af sicilianske citroner kombineret med den kontrasterende s\u00f8d-syrlige smag af kirseb\u00e6r giver parfumen en raffineret, men dristig duft.<\/p>\n<p>L\u00e5get er designet som en kongelig guldkrone, fremh\u00e6vet af en kirseb\u00e6rr\u00f8d tone. Passion, k\u00e6rlighed og energi inspirerede duftens design. Duften er opbevaret i en kraftig glasflakon med en delikat lyser\u00f8d farve.<\/p>\n<p>Dolce &amp; Gabbana Q Eau de Parfum: en magnetisk og passioneret komposition til kvinder.<\/p>\n<p>Duften \u00e5bner med glitrende citrusnoter af siciliansk citron og blodappelsin, kombineret med delikate jasminblade. I hjertet af Dolce &amp; Gabbana Q Eau de Parfum ligger den s\u00f8de og spr\u00f8de note af kirseb\u00e6r, forf\u00f8rt af cremet heliotrop. Noter af cedertr\u00e6, krystalmusk og bl\u00f8d musk giver buketten et intenst kraftfuldt touch.<\/p>\n<p>100ml<\/p>\n","protected":false},"excerpt":{"rendered":"<p>Q by Dolce &amp; Gabbana er en duft med frugtige og blomstrede noter, beriget med en st\u00e6rk, tr\u00e6agtig base. Den friske smag af sicilianske citroner kombineret med den kontrasterende s\u00f8d-syrlige smag af kirseb\u00e6r giver parfumen en raffineret, men dristig duft. L\u00e5get er designet som en kongelig guldkrone, fremh\u00e6vet af en kirseb\u00e6rr\u00f8d tone. Passion, k\u00e6rlighed og [&hellip;]<\/p>\n","protected":false},"featured_media":110327,"comment_status":"open","ping_status":"closed","template":"","meta":{"_trash_the_other_posts":false},"product_brand":[],"product_cat":[706,735,999],"product_tag":[2837],"berocket_brand":[1292],"class_list":{"0":"post-110339","1":"product","2":"type-product","3":"status-publish","4":"has-post-thumbnail","6":"product_cat-eau-de-parfum-dame","7":"product_cat-kampagne","8":"product_cat-kampagnetilbud-til-hende","9":"product_tag-dolce-gabbana-q-by-dolcegabbana-edp","10":"pa_brand-dolce-gabbana","11":"pa_variant-100ml","12":"berocket_brand-dolce-gabbana","14":"first","15":"instock","16":"sale","17":"taxable","18":"shipping-taxable","19":"purchasable","20":"product-type-simple"},"_links":{"self":[{"href":"https:\/\/stylingagenten.com\/da\/wp-json\/wp\/v2\/product\/110339","targetHints":{"allow":["GET"]}}],"collection":[{"href":"https:\/\/stylingagenten.com\/da\/wp-json\/wp\/v2\/product"}],"about":[{"href":"https:\/\/stylingagenten.com\/da\/wp-json\/wp\/v2\/types\/product"}],"replies":[{"embeddable":true,"href":"https:\/\/stylingagenten.com\/da\/wp-json\/wp\/v2\/comments?post=110339"}],"version-history":[{"count":0,"href":"https:\/\/stylingagenten.com\/da\/wp-json\/wp\/v2\/product\/110339\/revisions"}],"wp:featuredmedia":[{"embeddable":true,"href":"https:\/\/stylingagenten.com\/da\/wp-json\/wp\/v2\/media\/110327"}],"wp:attachment":[{"href":"https:\/\/stylingagenten.com\/da\/wp-json\/wp\/v2\/media?parent=110339"}],"wp:term":[{"taxonomy":"product_brand","embeddable":true,"href":"https:\/\/stylingagenten.com\/da\/wp-json\/wp\/v2\/product_brand?post=110339"},{"taxonomy":"product_cat","embeddable":true,"href":"https:\/\/stylingagenten.com\/da\/wp-json\/wp\/v2\/product_cat?post=110339"},{"taxonomy":"product_tag","embeddable":true,"href":"https:\/\/stylingagenten.com\/da\/wp-json\/wp\/v2\/product_tag?post=110339"},{"taxonomy":"berocket_brand","embeddable":true,"href":"https:\/\/stylingagenten.com\/da\/wp-json\/wp\/v2\/berocket_brand?post=110339"}],"curies":[{"name":"wp","href":"https:\/\/api.w.org\/{rel}","templated":true}]}}