{"id":110308,"date":"2025-05-18T20:52:26","date_gmt":"2025-05-18T20:52:26","guid":{"rendered":"https:\/\/staging2.stylingagenten.com\/da\/produkt\/marc-jacobs-daisy-ever-so-fresh-edp-125ml\/"},"modified":"2026-04-09T07:18:42","modified_gmt":"2026-04-09T07:18:42","slug":"marc-jacobs-daisy-ever-so-fresh-edp-125ml","status":"publish","type":"product","link":"https:\/\/stylingagenten.com\/da\/produkt\/marc-jacobs-daisy-ever-so-fresh-edp-125ml\/","title":{"rendered":"Marc Jacobs Daisy Ever So Fresh Edp 125ml"},"content":{"rendered":"<p>Gnistrende. Livlig. Energigivende. Vi pr\u00e6senterer Daisy Ever So Fresh, den nyeste duft i den ikoniske Daisy-kollektion fra Marc Jacobs. Daisy Ever So Fresh er en langvarig duft med et solrigt bouquet af saftige citrusnoter, som sammen med gnistrende rosenvand f\u00f8les som en brise af blomsterduft. Kashmirtr\u00e6 tilf\u00f8jer duften en luftig, men energisk varme. De harmoniske noter skaber et fortryllende indtryk og en duft, der varer l\u00e6nge. Dens ungdommelige charme inspirerer b\u00e6reren til at turde v\u00e6re spontan.<\/p>\n<p>125ml<\/p>\n","protected":false},"excerpt":{"rendered":"<p>Gnistrende. Livlig. Energigivende. Vi pr\u00e6senterer Daisy Ever So Fresh, den nyeste duft i den ikoniske Daisy-kollektion fra Marc Jacobs. Daisy Ever So Fresh er en langvarig duft med et solrigt bouquet af saftige citrusnoter, som sammen med gnistrende rosenvand f\u00f8les som en brise af blomsterduft. Kashmirtr\u00e6 tilf\u00f8jer duften en luftig, men energisk varme. De harmoniske [&hellip;]<\/p>\n","protected":false},"featured_media":110290,"comment_status":"open","ping_status":"closed","template":"","meta":{"_trash_the_other_posts":false},"product_brand":[],"product_cat":[706,735,999],"product_tag":[3383],"berocket_brand":[1069],"class_list":{"0":"post-110308","1":"product","2":"type-product","3":"status-publish","4":"has-post-thumbnail","6":"product_cat-eau-de-parfum-dame","7":"product_cat-kampagne","8":"product_cat-kampagnetilbud-til-hende","9":"product_tag-marc-jacobs-daisy-ever-so-fresh-edp","10":"pa_brand-marc-jacobs","11":"pa_variant-125ml","12":"berocket_brand-marc-jacobs","14":"first","15":"instock","16":"sale","17":"taxable","18":"shipping-taxable","19":"purchasable","20":"product-type-simple"},"_links":{"self":[{"href":"https:\/\/stylingagenten.com\/da\/wp-json\/wp\/v2\/product\/110308","targetHints":{"allow":["GET"]}}],"collection":[{"href":"https:\/\/stylingagenten.com\/da\/wp-json\/wp\/v2\/product"}],"about":[{"href":"https:\/\/stylingagenten.com\/da\/wp-json\/wp\/v2\/types\/product"}],"replies":[{"embeddable":true,"href":"https:\/\/stylingagenten.com\/da\/wp-json\/wp\/v2\/comments?post=110308"}],"version-history":[{"count":0,"href":"https:\/\/stylingagenten.com\/da\/wp-json\/wp\/v2\/product\/110308\/revisions"}],"wp:featuredmedia":[{"embeddable":true,"href":"https:\/\/stylingagenten.com\/da\/wp-json\/wp\/v2\/media\/110290"}],"wp:attachment":[{"href":"https:\/\/stylingagenten.com\/da\/wp-json\/wp\/v2\/media?parent=110308"}],"wp:term":[{"taxonomy":"product_brand","embeddable":true,"href":"https:\/\/stylingagenten.com\/da\/wp-json\/wp\/v2\/product_brand?post=110308"},{"taxonomy":"product_cat","embeddable":true,"href":"https:\/\/stylingagenten.com\/da\/wp-json\/wp\/v2\/product_cat?post=110308"},{"taxonomy":"product_tag","embeddable":true,"href":"https:\/\/stylingagenten.com\/da\/wp-json\/wp\/v2\/product_tag?post=110308"},{"taxonomy":"berocket_brand","embeddable":true,"href":"https:\/\/stylingagenten.com\/da\/wp-json\/wp\/v2\/berocket_brand?post=110308"}],"curies":[{"name":"wp","href":"https:\/\/api.w.org\/{rel}","templated":true}]}}