{"id":110287,"date":"2025-05-18T20:52:21","date_gmt":"2025-05-18T20:52:21","guid":{"rendered":"https:\/\/staging2.stylingagenten.com\/da\/produkt\/chloe-signature-edp-75ml\/"},"modified":"2026-04-13T18:46:32","modified_gmt":"2026-04-13T18:46:32","slug":"chloe-signature-edp-75ml","status":"publish","type":"product","link":"https:\/\/stylingagenten.com\/da\/produkt\/chloe-signature-edp-75ml\/","title":{"rendered":"Chlo\u00e9 Signature Edp 75ml"},"content":{"rendered":"<p>Denne parfume fanger den kreative, selvsikre individualisme hos en sikker, uafh\u00e6ngig kvinde med en medf\u00f8dt f\u00f8lelse af chik og naturlig sensualitet. Chloe Eau de Parfum \u00e6ndrer begrebet femininitet ved at tage en klassisk, smuk rose og transformere den moderne til en vibrerende, pudret og blomsteragtig EdP. Det er en varm, forf\u00f8rende og fuldst\u00e6ndig vanedannende duft.<\/p>\n<p>Friske, gr\u00f8nne, luftige noter vokser sig st\u00e6rkere og mere sensuelle og afsl\u00f8rer den fl\u00f8jlsbl\u00f8de indre af rosen. Basen best\u00e5r af varm amber, honning og elegant cedertr\u00e6 for at skabe en bl\u00f8d, beroligende afslutning.<\/p>\n<p>75 ml<\/p>\n","protected":false},"excerpt":{"rendered":"<p>Denne parfume fanger den kreative, selvsikre individualisme hos en sikker, uafh\u00e6ngig kvinde med en medf\u00f8dt f\u00f8lelse af chik og naturlig sensualitet. Chloe Eau de Parfum \u00e6ndrer begrebet femininitet ved at tage en klassisk, smuk rose og transformere den moderne til en vibrerende, pudret og blomsteragtig EdP. Det er en varm, forf\u00f8rende og fuldst\u00e6ndig vanedannende duft. [&hellip;]<\/p>\n","protected":false},"featured_media":110276,"comment_status":"open","ping_status":"closed","template":"","meta":{"_trash_the_other_posts":false},"product_brand":[],"product_cat":[706,735,999],"product_tag":[],"berocket_brand":[1101],"class_list":{"0":"post-110287","1":"product","2":"type-product","3":"status-publish","4":"has-post-thumbnail","6":"product_cat-eau-de-parfum-dame","7":"product_cat-kampagne","8":"product_cat-kampagnetilbud-til-hende","9":"pa_brand-chloe","10":"berocket_brand-chloe","12":"first","13":"outofstock","14":"sale","15":"taxable","16":"shipping-taxable","17":"purchasable","18":"product-type-simple"},"_links":{"self":[{"href":"https:\/\/stylingagenten.com\/da\/wp-json\/wp\/v2\/product\/110287","targetHints":{"allow":["GET"]}}],"collection":[{"href":"https:\/\/stylingagenten.com\/da\/wp-json\/wp\/v2\/product"}],"about":[{"href":"https:\/\/stylingagenten.com\/da\/wp-json\/wp\/v2\/types\/product"}],"replies":[{"embeddable":true,"href":"https:\/\/stylingagenten.com\/da\/wp-json\/wp\/v2\/comments?post=110287"}],"version-history":[{"count":0,"href":"https:\/\/stylingagenten.com\/da\/wp-json\/wp\/v2\/product\/110287\/revisions"}],"wp:featuredmedia":[{"embeddable":true,"href":"https:\/\/stylingagenten.com\/da\/wp-json\/wp\/v2\/media\/110276"}],"wp:attachment":[{"href":"https:\/\/stylingagenten.com\/da\/wp-json\/wp\/v2\/media?parent=110287"}],"wp:term":[{"taxonomy":"product_brand","embeddable":true,"href":"https:\/\/stylingagenten.com\/da\/wp-json\/wp\/v2\/product_brand?post=110287"},{"taxonomy":"product_cat","embeddable":true,"href":"https:\/\/stylingagenten.com\/da\/wp-json\/wp\/v2\/product_cat?post=110287"},{"taxonomy":"product_tag","embeddable":true,"href":"https:\/\/stylingagenten.com\/da\/wp-json\/wp\/v2\/product_tag?post=110287"},{"taxonomy":"berocket_brand","embeddable":true,"href":"https:\/\/stylingagenten.com\/da\/wp-json\/wp\/v2\/berocket_brand?post=110287"}],"curies":[{"name":"wp","href":"https:\/\/api.w.org\/{rel}","templated":true}]}}