{"id":110204,"date":"2025-05-18T20:52:04","date_gmt":"2025-05-18T20:52:04","guid":{"rendered":"https:\/\/staging2.stylingagenten.com\/da\/produkt\/gucci-guilty-pour-femme-intense-edp-50ml\/"},"modified":"2026-03-11T22:06:26","modified_gmt":"2026-03-11T22:06:26","slug":"gucci-guilty-pour-femme-intense-edp-50ml","status":"publish","type":"product","link":"https:\/\/stylingagenten.com\/da\/produkt\/gucci-guilty-pour-femme-intense-edp-50ml\/","title":{"rendered":"Gucci Guilty Pour Femme Intense Edp 50ml"},"content":{"rendered":"<p>#ForeverGuilty-universet forts\u00e6tter jagten p\u00e5 den frie passion med Gucci Guilty Pour Femme Eau de Parfum Intense for Women. Denne Gucci-parfume er en nyfortolkning af den klassiske Gucci Guilty For Her, og denne nye duft har en endnu mere intens tiltr\u00e6kningskraft.<\/p>\n<p>Denne dameparfume symboliserer b\u00e5ndet mellem alle mennesker, der \u00f8nsker at udtrykke deres k\u00e6rlighed frit, uden samfundets regler og definitioner. En fantastisk ny tilf\u00f8jelse til Gucci Guilty-familien inden for dameparfumer.<\/p>\n<p>Guccis nye Eau de Parfum Intense For Her er en varm blomsterduft med tr\u00e6noter \u2013 en smuk fortolkning af selve essensen i Gucci Guilty For Her. Den friske duft af mandora-citrus og saftig litchi smelter sammen med viol og skaber en moderne topnote. Hjertenotens smukke buket af ylang-ylang og tuberose fremh\u00e6ves af sensuel og m\u00f8rk blomme. De kraftige tr\u00e6noter af patchouli og vetiver i basen blander sig med vanilje og skaber en dristig og feminin signatur, der holder l\u00e6nge.<\/p>\n<p>50 ml<\/p>\n","protected":false},"excerpt":{"rendered":"<p>#ForeverGuilty-universet forts\u00e6tter jagten p\u00e5 den frie passion med Gucci Guilty Pour Femme Eau de Parfum Intense for Women. Denne Gucci-parfume er en nyfortolkning af den klassiske Gucci Guilty For Her, og denne nye duft har en endnu mere intens tiltr\u00e6kningskraft. Denne dameparfume symboliserer b\u00e5ndet mellem alle mennesker, der \u00f8nsker at udtrykke deres k\u00e6rlighed frit, uden [&hellip;]<\/p>\n","protected":false},"featured_media":110186,"comment_status":"open","ping_status":"closed","template":"","meta":{"_trash_the_other_posts":false},"product_brand":[],"product_cat":[706,735,999],"product_tag":[],"berocket_brand":[1329],"class_list":{"0":"post-110204","1":"product","2":"type-product","3":"status-publish","4":"has-post-thumbnail","6":"product_cat-eau-de-parfum-dame","7":"product_cat-kampagne","8":"product_cat-kampagnetilbud-til-hende","9":"pa_brand-gucci","10":"berocket_brand-gucci","12":"first","13":"instock","14":"sale","15":"taxable","16":"shipping-taxable","17":"purchasable","18":"product-type-simple"},"_links":{"self":[{"href":"https:\/\/stylingagenten.com\/da\/wp-json\/wp\/v2\/product\/110204","targetHints":{"allow":["GET"]}}],"collection":[{"href":"https:\/\/stylingagenten.com\/da\/wp-json\/wp\/v2\/product"}],"about":[{"href":"https:\/\/stylingagenten.com\/da\/wp-json\/wp\/v2\/types\/product"}],"replies":[{"embeddable":true,"href":"https:\/\/stylingagenten.com\/da\/wp-json\/wp\/v2\/comments?post=110204"}],"version-history":[{"count":0,"href":"https:\/\/stylingagenten.com\/da\/wp-json\/wp\/v2\/product\/110204\/revisions"}],"wp:featuredmedia":[{"embeddable":true,"href":"https:\/\/stylingagenten.com\/da\/wp-json\/wp\/v2\/media\/110186"}],"wp:attachment":[{"href":"https:\/\/stylingagenten.com\/da\/wp-json\/wp\/v2\/media?parent=110204"}],"wp:term":[{"taxonomy":"product_brand","embeddable":true,"href":"https:\/\/stylingagenten.com\/da\/wp-json\/wp\/v2\/product_brand?post=110204"},{"taxonomy":"product_cat","embeddable":true,"href":"https:\/\/stylingagenten.com\/da\/wp-json\/wp\/v2\/product_cat?post=110204"},{"taxonomy":"product_tag","embeddable":true,"href":"https:\/\/stylingagenten.com\/da\/wp-json\/wp\/v2\/product_tag?post=110204"},{"taxonomy":"berocket_brand","embeddable":true,"href":"https:\/\/stylingagenten.com\/da\/wp-json\/wp\/v2\/berocket_brand?post=110204"}],"curies":[{"name":"wp","href":"https:\/\/api.w.org\/{rel}","templated":true}]}}