{"id":110179,"date":"2025-05-18T20:51:59","date_gmt":"2025-05-18T20:51:59","guid":{"rendered":"https:\/\/staging2.stylingagenten.com\/da\/produkt\/gucci-flora-gorgeous-gardenia-edp-50ml\/"},"modified":"2026-03-30T13:36:57","modified_gmt":"2026-03-30T13:36:57","slug":"gucci-flora-gorgeous-gardenia-edp-50ml","status":"publish","type":"product","link":"https:\/\/stylingagenten.com\/da\/produkt\/gucci-flora-gorgeous-gardenia-edp-50ml\/","title":{"rendered":"Gucci Flora Gorgeous Gardenia Edp 50ml"},"content":{"rendered":"<p>Oplev en sprudlende fantasiverden med Gucci Flora, som nu er udviklet til en vidunderlig Eau de Parfum. Blomstret og s\u00f8d, Gucci Flora Gorgeous Gardenia relanceres i en ny kampagne inspireret af japansk anime. En ny signaturduft til kvinder, fyldt med positiv energi.<\/p>\n<p>Parfumen er bygget op omkring Gardenia, en ikonisk blomst, der siges at blive brugt i eliksirer og magiske drikke. Inspireret af denne legende og id\u00e9en om blomsternes mystiske kraft tilf\u00f8jer Gucci Jasmine absolute og sprudlende p\u00e6reblomst. Et strejf af brun farin afrunder duften og giver den en l\u00e6kker s\u00f8dme.<\/p>\n<p>Med denne relancering f\u00e5r Gucci Flora Gorgeous Gardenia et nyt flaskedesign, hvor glasset er lakeret i rosa med en gylden flaskehals. Guccis ikoniske Flora-m\u00f8nster, et maleri af farverige blomster skabt af kunstneren Vittorio Accornero for Gucci i 1966, er nu genskabt efter Alessandro Micheles vision og pryder flaskens midte.<\/p>\n<p>Topnoter: P\u00e6reblomst<br \/>Hjertenoter: Hvid Gardenia, Jasmine absolute<br \/>Basenoter: Brun farin<\/p>\n<p>50ml<\/p>\n","protected":false},"excerpt":{"rendered":"<p>Oplev en sprudlende fantasiverden med Gucci Flora, som nu er udviklet til en vidunderlig Eau de Parfum. Blomstret og s\u00f8d, Gucci Flora Gorgeous Gardenia relanceres i en ny kampagne inspireret af japansk anime. En ny signaturduft til kvinder, fyldt med positiv energi. Parfumen er bygget op omkring Gardenia, en ikonisk blomst, der siges at blive [&hellip;]<\/p>\n","protected":false},"featured_media":110164,"comment_status":"open","ping_status":"closed","template":"","meta":{"_trash_the_other_posts":false},"product_brand":[],"product_cat":[706],"product_tag":[2938],"berocket_brand":[1329],"class_list":{"0":"post-110179","1":"product","2":"type-product","3":"status-publish","4":"has-post-thumbnail","6":"product_cat-eau-de-parfum-dame","7":"product_tag-gucci-flora-gorgeous-gardenia-edp","8":"pa_brand-gucci","9":"pa_variant-50ml","10":"berocket_brand-gucci","12":"first","13":"instock","14":"sale","15":"taxable","16":"shipping-taxable","17":"purchasable","18":"product-type-simple"},"_links":{"self":[{"href":"https:\/\/stylingagenten.com\/da\/wp-json\/wp\/v2\/product\/110179","targetHints":{"allow":["GET"]}}],"collection":[{"href":"https:\/\/stylingagenten.com\/da\/wp-json\/wp\/v2\/product"}],"about":[{"href":"https:\/\/stylingagenten.com\/da\/wp-json\/wp\/v2\/types\/product"}],"replies":[{"embeddable":true,"href":"https:\/\/stylingagenten.com\/da\/wp-json\/wp\/v2\/comments?post=110179"}],"version-history":[{"count":0,"href":"https:\/\/stylingagenten.com\/da\/wp-json\/wp\/v2\/product\/110179\/revisions"}],"wp:featuredmedia":[{"embeddable":true,"href":"https:\/\/stylingagenten.com\/da\/wp-json\/wp\/v2\/media\/110164"}],"wp:attachment":[{"href":"https:\/\/stylingagenten.com\/da\/wp-json\/wp\/v2\/media?parent=110179"}],"wp:term":[{"taxonomy":"product_brand","embeddable":true,"href":"https:\/\/stylingagenten.com\/da\/wp-json\/wp\/v2\/product_brand?post=110179"},{"taxonomy":"product_cat","embeddable":true,"href":"https:\/\/stylingagenten.com\/da\/wp-json\/wp\/v2\/product_cat?post=110179"},{"taxonomy":"product_tag","embeddable":true,"href":"https:\/\/stylingagenten.com\/da\/wp-json\/wp\/v2\/product_tag?post=110179"},{"taxonomy":"berocket_brand","embeddable":true,"href":"https:\/\/stylingagenten.com\/da\/wp-json\/wp\/v2\/berocket_brand?post=110179"}],"curies":[{"name":"wp","href":"https:\/\/api.w.org\/{rel}","templated":true}]}}