{"id":110176,"date":"2025-05-18T20:51:59","date_gmt":"2025-05-18T20:51:59","guid":{"rendered":"https:\/\/staging2.stylingagenten.com\/da\/produkt\/gucci-bloom-edt-50ml\/"},"modified":"2026-03-11T22:06:01","modified_gmt":"2026-03-11T22:06:01","slug":"gucci-bloom-edt-50ml","status":"publish","type":"product","link":"https:\/\/stylingagenten.com\/da\/produkt\/gucci-bloom-edt-50ml\/","title":{"rendered":"Gucci Bloom Edt 50ml"},"content":{"rendered":"<p>Blomstr og vis dit sande jeg med den nye Gucci Bloom Eau de Toilette. Denne blomsterduft ligger t\u00e6t p\u00e5 den originale Bloom-signatur og er en inspirerende rejse mod selvindsigt, baseret p\u00e5 styrken i venskab p\u00e5 trods af forskelle.<\/p>\n<p>Den nyeste tilf\u00f8jelse til Bloom-duftene er en lettere og mere str\u00e5lende fortolkning af Bloom-signaturen, som opmuntrer kvinder til at blomstre og blive den bedste version af sig selv.<\/p>\n<p>Den karakteristiske trio af jasmin, tuberose og Rangoon creeper f\u00e5r nu en lettere aura med en s\u00f8d neroli-akkord. Ligesom duftens navn blomstrer Gucci Bloom-kvinden naturligt, udtryksfuldt og individuelt, uden at lade sig begr\u00e6nse af regler og konventioner. Duften pr\u00e6senteres i en lyser\u00f8d, mat firkantet glasflaske, som symboliserer duftens friskhed og vitalitet.<\/p>\n<p>Gucci Bloom Eau de Toilette for Women er en hyldest til vitaliteten og alsidigheden hos dem, der identificerer sig med Guccis moderne filosofi.<\/p>\n<p>50ml<\/p>\n","protected":false},"excerpt":{"rendered":"<p>Blomstr og vis dit sande jeg med den nye Gucci Bloom Eau de Toilette. Denne blomsterduft ligger t\u00e6t p\u00e5 den originale Bloom-signatur og er en inspirerende rejse mod selvindsigt, baseret p\u00e5 styrken i venskab p\u00e5 trods af forskelle. Den nyeste tilf\u00f8jelse til Bloom-duftene er en lettere og mere str\u00e5lende fortolkning af Bloom-signaturen, som opmuntrer kvinder [&hellip;]<\/p>\n","protected":false},"featured_media":110161,"comment_status":"open","ping_status":"closed","template":"","meta":{"_trash_the_other_posts":false},"product_brand":[],"product_cat":[707,735,999],"product_tag":[2936],"berocket_brand":[1329],"class_list":{"0":"post-110176","1":"product","2":"type-product","3":"status-publish","4":"has-post-thumbnail","6":"product_cat-eau-de-toilette-dame","7":"product_cat-kampagne","8":"product_cat-kampagnetilbud-til-hende","9":"product_tag-gucci-bloom-edt","10":"pa_brand-gucci","11":"pa_variant-50ml","12":"berocket_brand-gucci","14":"first","15":"instock","16":"sale","17":"taxable","18":"shipping-taxable","19":"purchasable","20":"product-type-simple"},"_links":{"self":[{"href":"https:\/\/stylingagenten.com\/da\/wp-json\/wp\/v2\/product\/110176","targetHints":{"allow":["GET"]}}],"collection":[{"href":"https:\/\/stylingagenten.com\/da\/wp-json\/wp\/v2\/product"}],"about":[{"href":"https:\/\/stylingagenten.com\/da\/wp-json\/wp\/v2\/types\/product"}],"replies":[{"embeddable":true,"href":"https:\/\/stylingagenten.com\/da\/wp-json\/wp\/v2\/comments?post=110176"}],"version-history":[{"count":0,"href":"https:\/\/stylingagenten.com\/da\/wp-json\/wp\/v2\/product\/110176\/revisions"}],"wp:featuredmedia":[{"embeddable":true,"href":"https:\/\/stylingagenten.com\/da\/wp-json\/wp\/v2\/media\/110161"}],"wp:attachment":[{"href":"https:\/\/stylingagenten.com\/da\/wp-json\/wp\/v2\/media?parent=110176"}],"wp:term":[{"taxonomy":"product_brand","embeddable":true,"href":"https:\/\/stylingagenten.com\/da\/wp-json\/wp\/v2\/product_brand?post=110176"},{"taxonomy":"product_cat","embeddable":true,"href":"https:\/\/stylingagenten.com\/da\/wp-json\/wp\/v2\/product_cat?post=110176"},{"taxonomy":"product_tag","embeddable":true,"href":"https:\/\/stylingagenten.com\/da\/wp-json\/wp\/v2\/product_tag?post=110176"},{"taxonomy":"berocket_brand","embeddable":true,"href":"https:\/\/stylingagenten.com\/da\/wp-json\/wp\/v2\/berocket_brand?post=110176"}],"curies":[{"name":"wp","href":"https:\/\/api.w.org\/{rel}","templated":true}]}}