{"id":110169,"date":"2025-05-18T20:51:58","date_gmt":"2025-05-18T20:51:58","guid":{"rendered":"https:\/\/staging2.stylingagenten.com\/da\/produkt\/gucci-flora-gorgeous-jasmine-edp-100ml\/"},"modified":"2026-04-06T12:48:43","modified_gmt":"2026-04-06T12:48:43","slug":"gucci-flora-gorgeous-jasmine-edp-100ml","status":"publish","type":"product","link":"https:\/\/stylingagenten.com\/da\/produkt\/gucci-flora-gorgeous-jasmine-edp-100ml\/","title":{"rendered":"Gucci Flora Gorgeous Jasmine Edp 100ml"},"content":{"rendered":"<p>Tr\u00e6d ind i en ny dimension af ubegr\u00e6nset frihed med Gucci Flora Gorgeous Jasmine Eau de Parfum. Efter den succesfulde lancering af Flora Gorgeous Gardenia EdP pr\u00e6senterer Gucci nu den anden duft i sin sprudlende verden af #FloraFantasy. I denne duft er det den sensuelle Jasmine Grandiflorum, der f\u00e5r duften til at str\u00e5le. Den legesyge og positive energi forst\u00e6rkes yderligere af den elegante turkise flaske og Guccis karakteristiske Flora by Gucci-m\u00f8nster, som tilf\u00f8jer en fortryllende detalje.<\/p>\n<p>Topnoter: Mandarin, Magnolia<br \/>Hjertenote: Jasmine Grandiflorum<br \/>Basenoter: Sandeltr\u00e6, Benzoin<\/p>\n<p>100ml<\/p>\n","protected":false},"excerpt":{"rendered":"<p>Tr\u00e6d ind i en ny dimension af ubegr\u00e6nset frihed med Gucci Flora Gorgeous Jasmine Eau de Parfum. Efter den succesfulde lancering af Flora Gorgeous Gardenia EdP pr\u00e6senterer Gucci nu den anden duft i sin sprudlende verden af #FloraFantasy. I denne duft er det den sensuelle Jasmine Grandiflorum, der f\u00e5r duften til at str\u00e5le. Den legesyge [&hellip;]<\/p>\n","protected":false},"featured_media":110157,"comment_status":"open","ping_status":"closed","template":"","meta":{"_trash_the_other_posts":false},"product_brand":[],"product_cat":[706,735,999],"product_tag":[2939],"berocket_brand":[1329],"class_list":{"0":"post-110169","1":"product","2":"type-product","3":"status-publish","4":"has-post-thumbnail","6":"product_cat-eau-de-parfum-dame","7":"product_cat-kampagne","8":"product_cat-kampagnetilbud-til-hende","9":"product_tag-gucci-flora-gorgeous-jasmine-edp","10":"pa_brand-gucci","11":"pa_variant-100ml","12":"berocket_brand-gucci","14":"first","15":"instock","16":"sale","17":"taxable","18":"shipping-taxable","19":"purchasable","20":"product-type-simple"},"_links":{"self":[{"href":"https:\/\/stylingagenten.com\/da\/wp-json\/wp\/v2\/product\/110169","targetHints":{"allow":["GET"]}}],"collection":[{"href":"https:\/\/stylingagenten.com\/da\/wp-json\/wp\/v2\/product"}],"about":[{"href":"https:\/\/stylingagenten.com\/da\/wp-json\/wp\/v2\/types\/product"}],"replies":[{"embeddable":true,"href":"https:\/\/stylingagenten.com\/da\/wp-json\/wp\/v2\/comments?post=110169"}],"version-history":[{"count":0,"href":"https:\/\/stylingagenten.com\/da\/wp-json\/wp\/v2\/product\/110169\/revisions"}],"wp:featuredmedia":[{"embeddable":true,"href":"https:\/\/stylingagenten.com\/da\/wp-json\/wp\/v2\/media\/110157"}],"wp:attachment":[{"href":"https:\/\/stylingagenten.com\/da\/wp-json\/wp\/v2\/media?parent=110169"}],"wp:term":[{"taxonomy":"product_brand","embeddable":true,"href":"https:\/\/stylingagenten.com\/da\/wp-json\/wp\/v2\/product_brand?post=110169"},{"taxonomy":"product_cat","embeddable":true,"href":"https:\/\/stylingagenten.com\/da\/wp-json\/wp\/v2\/product_cat?post=110169"},{"taxonomy":"product_tag","embeddable":true,"href":"https:\/\/stylingagenten.com\/da\/wp-json\/wp\/v2\/product_tag?post=110169"},{"taxonomy":"berocket_brand","embeddable":true,"href":"https:\/\/stylingagenten.com\/da\/wp-json\/wp\/v2\/berocket_brand?post=110169"}],"curies":[{"name":"wp","href":"https:\/\/api.w.org\/{rel}","templated":true}]}}