{"id":110148,"date":"2025-05-18T20:51:54","date_gmt":"2025-05-18T20:51:54","guid":{"rendered":"https:\/\/staging2.stylingagenten.com\/da\/produkt\/liu-jo-lovely-me-edp-30ml\/"},"modified":"2026-04-08T15:30:44","modified_gmt":"2026-04-08T15:30:44","slug":"liu-jo-lovely-me-edp-30ml","status":"publish","type":"product","link":"https:\/\/stylingagenten.com\/da\/produkt\/liu-jo-lovely-me-edp-30ml\/","title":{"rendered":"Liu Jo Lovely Me Edp 30ml"},"content":{"rendered":"<p>Liu Jo Lovely Me For Women Eau De Parfum er en f\u00e6ngslende duft skabt til at fremh\u00e6ve enhver kvindes naturlige charme. Denne uds\u00f8gte parfume er den perfekte ledsager for dem, der v\u00e6rds\u00e6tter en f\u00f8lelse af elegance. Med sine subtile, men alligevel kraftfulde noter omslutter den sin b\u00e6rer i en fortryllende aura og giver en f\u00f8lelse af selvtillid og stil.<\/p>\n<p>Topnoter: Bergamot, \u00c6ble, Hindb\u00e6r<br \/>Hjertenoter: Jasmin, Appelsinblomst, Tuberose<br \/>Basenoter: Popcorn, Cedertr\u00e6, Ambroxan<\/p>\n<p>30ml<\/p>\n","protected":false},"excerpt":{"rendered":"<p>Liu Jo Lovely Me For Women Eau De Parfum er en f\u00e6ngslende duft skabt til at fremh\u00e6ve enhver kvindes naturlige charme. Denne uds\u00f8gte parfume er den perfekte ledsager for dem, der v\u00e6rds\u00e6tter en f\u00f8lelse af elegance. Med sine subtile, men alligevel kraftfulde noter omslutter den sin b\u00e6rer i en fortryllende aura og giver en f\u00f8lelse [&hellip;]<\/p>\n","protected":false},"featured_media":110141,"comment_status":"open","ping_status":"closed","template":"","meta":{"_trash_the_other_posts":false},"product_brand":[],"product_cat":[706,735,999],"product_tag":[3220],"berocket_brand":[1377],"class_list":{"0":"post-110148","1":"product","2":"type-product","3":"status-publish","4":"has-post-thumbnail","6":"product_cat-eau-de-parfum-dame","7":"product_cat-kampagne","8":"product_cat-kampagnetilbud-til-hende","9":"product_tag-liu-jo-lovely-me-edp","10":"pa_brand-liu-jo","11":"pa_variant-30ml","12":"berocket_brand-liu-jo","14":"first","15":"instock","16":"sale","17":"taxable","18":"shipping-taxable","19":"purchasable","20":"product-type-simple"},"_links":{"self":[{"href":"https:\/\/stylingagenten.com\/da\/wp-json\/wp\/v2\/product\/110148","targetHints":{"allow":["GET"]}}],"collection":[{"href":"https:\/\/stylingagenten.com\/da\/wp-json\/wp\/v2\/product"}],"about":[{"href":"https:\/\/stylingagenten.com\/da\/wp-json\/wp\/v2\/types\/product"}],"replies":[{"embeddable":true,"href":"https:\/\/stylingagenten.com\/da\/wp-json\/wp\/v2\/comments?post=110148"}],"version-history":[{"count":0,"href":"https:\/\/stylingagenten.com\/da\/wp-json\/wp\/v2\/product\/110148\/revisions"}],"wp:featuredmedia":[{"embeddable":true,"href":"https:\/\/stylingagenten.com\/da\/wp-json\/wp\/v2\/media\/110141"}],"wp:attachment":[{"href":"https:\/\/stylingagenten.com\/da\/wp-json\/wp\/v2\/media?parent=110148"}],"wp:term":[{"taxonomy":"product_brand","embeddable":true,"href":"https:\/\/stylingagenten.com\/da\/wp-json\/wp\/v2\/product_brand?post=110148"},{"taxonomy":"product_cat","embeddable":true,"href":"https:\/\/stylingagenten.com\/da\/wp-json\/wp\/v2\/product_cat?post=110148"},{"taxonomy":"product_tag","embeddable":true,"href":"https:\/\/stylingagenten.com\/da\/wp-json\/wp\/v2\/product_tag?post=110148"},{"taxonomy":"berocket_brand","embeddable":true,"href":"https:\/\/stylingagenten.com\/da\/wp-json\/wp\/v2\/berocket_brand?post=110148"}],"curies":[{"name":"wp","href":"https:\/\/api.w.org\/{rel}","templated":true}]}}