{"id":110145,"date":"2025-05-18T20:51:54","date_gmt":"2025-05-18T20:51:54","guid":{"rendered":"https:\/\/staging2.stylingagenten.com\/da\/produkt\/liu-jo-lovely-u-edp-50ml\/"},"modified":"2026-04-08T15:30:40","modified_gmt":"2026-04-08T15:30:40","slug":"liu-jo-lovely-u-edp-50ml","status":"publish","type":"product","link":"https:\/\/stylingagenten.com\/da\/produkt\/liu-jo-lovely-u-edp-50ml\/","title":{"rendered":"Liu Jo Lovely U Edp 50ml"},"content":{"rendered":"<p>Liu Jo Lovely U EdP har en pikant syrlighed af saftige r\u00f8de ribs, den modne honnings lethed af nektarin og den jordb\u00e6rlignende sk\u00f8nhed i physalis\u2014komponenterne i den indledende akkord, som glidende erstattes af lyden af en fyldig trio repr\u00e6senteret af luksuri\u00f8se blomsterlige toner, solrige mandarinaccenter og tr\u00e6agtigt-k\u00f8lige overtoner af hvid fresia. Den s\u00f8de, pudrede og raffinerede sl\u00f8r af hvid moskus komplementeres af samspillet med balsamisk patchouli og skaber en harmonisk slutakkord, hvis hoveddekoration er den seje og v\u00e6vede karameleftersmag af toffee.<\/p>\n<p>Topnoter: Nektarin, R\u00f8de ribs, Physalis<br \/>Hjertenoter: Fresia, Mandarinblomst, Vildrose<br \/>Basenoter: Toffee, Patchouli, Hvid moskus<\/p>\n<p>50ml<\/p>\n","protected":false},"excerpt":{"rendered":"<p>Liu Jo Lovely U EdP har en pikant syrlighed af saftige r\u00f8de ribs, den modne honnings lethed af nektarin og den jordb\u00e6rlignende sk\u00f8nhed i physalis\u2014komponenterne i den indledende akkord, som glidende erstattes af lyden af en fyldig trio repr\u00e6senteret af luksuri\u00f8se blomsterlige toner, solrige mandarinaccenter og tr\u00e6agtigt-k\u00f8lige overtoner af hvid fresia. Den s\u00f8de, pudrede og [&hellip;]<\/p>\n","protected":false},"featured_media":110139,"comment_status":"open","ping_status":"closed","template":"","meta":{"_trash_the_other_posts":false},"product_brand":[],"product_cat":[706,735,999],"product_tag":[3221],"berocket_brand":[1377],"class_list":{"0":"post-110145","1":"product","2":"type-product","3":"status-publish","4":"has-post-thumbnail","6":"product_cat-eau-de-parfum-dame","7":"product_cat-kampagne","8":"product_cat-kampagnetilbud-til-hende","9":"product_tag-liu-jo-lovely-u-edp","10":"pa_brand-liu-jo","11":"pa_variant-50ml","12":"berocket_brand-liu-jo","14":"first","15":"instock","16":"sale","17":"taxable","18":"shipping-taxable","19":"purchasable","20":"product-type-simple"},"_links":{"self":[{"href":"https:\/\/stylingagenten.com\/da\/wp-json\/wp\/v2\/product\/110145","targetHints":{"allow":["GET"]}}],"collection":[{"href":"https:\/\/stylingagenten.com\/da\/wp-json\/wp\/v2\/product"}],"about":[{"href":"https:\/\/stylingagenten.com\/da\/wp-json\/wp\/v2\/types\/product"}],"replies":[{"embeddable":true,"href":"https:\/\/stylingagenten.com\/da\/wp-json\/wp\/v2\/comments?post=110145"}],"version-history":[{"count":0,"href":"https:\/\/stylingagenten.com\/da\/wp-json\/wp\/v2\/product\/110145\/revisions"}],"wp:featuredmedia":[{"embeddable":true,"href":"https:\/\/stylingagenten.com\/da\/wp-json\/wp\/v2\/media\/110139"}],"wp:attachment":[{"href":"https:\/\/stylingagenten.com\/da\/wp-json\/wp\/v2\/media?parent=110145"}],"wp:term":[{"taxonomy":"product_brand","embeddable":true,"href":"https:\/\/stylingagenten.com\/da\/wp-json\/wp\/v2\/product_brand?post=110145"},{"taxonomy":"product_cat","embeddable":true,"href":"https:\/\/stylingagenten.com\/da\/wp-json\/wp\/v2\/product_cat?post=110145"},{"taxonomy":"product_tag","embeddable":true,"href":"https:\/\/stylingagenten.com\/da\/wp-json\/wp\/v2\/product_tag?post=110145"},{"taxonomy":"berocket_brand","embeddable":true,"href":"https:\/\/stylingagenten.com\/da\/wp-json\/wp\/v2\/berocket_brand?post=110145"}],"curies":[{"name":"wp","href":"https:\/\/api.w.org\/{rel}","templated":true}]}}