{"id":110106,"date":"2025-05-18T20:51:45","date_gmt":"2025-05-18T20:51:45","guid":{"rendered":"https:\/\/staging2.stylingagenten.com\/da\/produkt\/salvador-dali-dali-woman-edp-30ml\/"},"modified":"2026-04-07T04:38:48","modified_gmt":"2026-04-07T04:38:48","slug":"salvador-dali-dali-woman-edp-30ml","status":"publish","type":"product","link":"https:\/\/stylingagenten.com\/da\/produkt\/salvador-dali-dali-woman-edp-30ml\/","title":{"rendered":"Salvador Dali Dali Woman Edp 30ml"},"content":{"rendered":"<p>G\u00e5 aldrig glip af chancen for at blive aftenens dronning med Salvador Dali Dali EdP \u2013 en Eau de Parfum, der p\u00e5 f\u00e5 sekunder forvandler dig til en str\u00e5lende skabning, hvis charme fortryller alle omkring dig.<\/p>\n<p>Topnoter: Aldehyder, Basilikum, Bergamot, Mandarin, Gr\u00f8nne noter, R\u00f8de frugter<br \/>Hjertenoter: Appelsinblomst, Jasmin, Lilje, Narsis, Iris, Rose, Tuberose, Liljekonval<br \/>Basenoter: Rav, Benzoin, Sandeltr\u00e6, Cedertr\u00e6, Musk, Myrte, Vanilje<\/p>\n<p>30ml<\/p>\n","protected":false},"excerpt":{"rendered":"<p>G\u00e5 aldrig glip af chancen for at blive aftenens dronning med Salvador Dali Dali EdP \u2013 en Eau de Parfum, der p\u00e5 f\u00e5 sekunder forvandler dig til en str\u00e5lende skabning, hvis charme fortryller alle omkring dig. Topnoter: Aldehyder, Basilikum, Bergamot, Mandarin, Gr\u00f8nne noter, R\u00f8de frugterHjertenoter: Appelsinblomst, Jasmin, Lilje, Narsis, Iris, Rose, Tuberose, LiljekonvalBasenoter: Rav, Benzoin, [&hellip;]<\/p>\n","protected":false},"featured_media":110103,"comment_status":"open","ping_status":"closed","template":"","meta":{"_trash_the_other_posts":false},"product_brand":[],"product_cat":[706,735,999],"product_tag":[3967],"berocket_brand":[1192],"class_list":{"0":"post-110106","1":"product","2":"type-product","3":"status-publish","4":"has-post-thumbnail","6":"product_cat-eau-de-parfum-dame","7":"product_cat-kampagne","8":"product_cat-kampagnetilbud-til-hende","9":"product_tag-salvador-dali-dali-woman-edp","10":"pa_brand-salvador-dali","11":"pa_variant-30ml","12":"berocket_brand-salvador-dali","14":"first","15":"instock","16":"sale","17":"taxable","18":"shipping-taxable","19":"purchasable","20":"product-type-simple"},"_links":{"self":[{"href":"https:\/\/stylingagenten.com\/da\/wp-json\/wp\/v2\/product\/110106","targetHints":{"allow":["GET"]}}],"collection":[{"href":"https:\/\/stylingagenten.com\/da\/wp-json\/wp\/v2\/product"}],"about":[{"href":"https:\/\/stylingagenten.com\/da\/wp-json\/wp\/v2\/types\/product"}],"replies":[{"embeddable":true,"href":"https:\/\/stylingagenten.com\/da\/wp-json\/wp\/v2\/comments?post=110106"}],"version-history":[{"count":0,"href":"https:\/\/stylingagenten.com\/da\/wp-json\/wp\/v2\/product\/110106\/revisions"}],"wp:featuredmedia":[{"embeddable":true,"href":"https:\/\/stylingagenten.com\/da\/wp-json\/wp\/v2\/media\/110103"}],"wp:attachment":[{"href":"https:\/\/stylingagenten.com\/da\/wp-json\/wp\/v2\/media?parent=110106"}],"wp:term":[{"taxonomy":"product_brand","embeddable":true,"href":"https:\/\/stylingagenten.com\/da\/wp-json\/wp\/v2\/product_brand?post=110106"},{"taxonomy":"product_cat","embeddable":true,"href":"https:\/\/stylingagenten.com\/da\/wp-json\/wp\/v2\/product_cat?post=110106"},{"taxonomy":"product_tag","embeddable":true,"href":"https:\/\/stylingagenten.com\/da\/wp-json\/wp\/v2\/product_tag?post=110106"},{"taxonomy":"berocket_brand","embeddable":true,"href":"https:\/\/stylingagenten.com\/da\/wp-json\/wp\/v2\/berocket_brand?post=110106"}],"curies":[{"name":"wp","href":"https:\/\/api.w.org\/{rel}","templated":true}]}}