{"id":110099,"date":"2025-05-18T20:51:44","date_gmt":"2025-05-18T20:51:44","guid":{"rendered":"https:\/\/staging2.stylingagenten.com\/da\/produkt\/liu-jo-glam-edp-30ml\/"},"modified":"2026-04-08T15:30:49","modified_gmt":"2026-04-08T15:30:49","slug":"liu-jo-glam-edp-30ml","status":"publish","type":"product","link":"https:\/\/stylingagenten.com\/da\/produkt\/liu-jo-glam-edp-30ml\/","title":{"rendered":"Liu Jo Glam Edp 30ml"},"content":{"rendered":"<p>Liu Jo Glam-duften \u00e5bner med en frisk kombination af grapefrugt og solb\u00e6r, komplimenteret af krydret ingef\u00e6r. I hjertet af parfumen afsl\u00f8res en delikat blomsterbuket, best\u00e5ende af noter af p\u00e6on, jasmin og fresia. Basen forener de sensuelle og intense noter af amber, vetiver og moskus.<\/p>\n<p>Topnoter: Grapefrugt, Ingef\u00e6r, Ribs<br \/>Hjertenoter: P\u00e6on, Fresia, Jasmin<br \/>Basenoter: Rav, Vetiver, Moskus<\/p>\n<p>30ml<\/p>\n","protected":false},"excerpt":{"rendered":"<p>Liu Jo Glam-duften \u00e5bner med en frisk kombination af grapefrugt og solb\u00e6r, komplimenteret af krydret ingef\u00e6r. I hjertet af parfumen afsl\u00f8res en delikat blomsterbuket, best\u00e5ende af noter af p\u00e6on, jasmin og fresia. Basen forener de sensuelle og intense noter af amber, vetiver og moskus. Topnoter: Grapefrugt, Ingef\u00e6r, RibsHjertenoter: P\u00e6on, Fresia, JasminBasenoter: Rav, Vetiver, Moskus 30ml<\/p>\n","protected":false},"featured_media":110093,"comment_status":"open","ping_status":"closed","template":"","meta":{"_trash_the_other_posts":false},"product_brand":[],"product_cat":[706,735,999],"product_tag":[3219],"berocket_brand":[1377],"class_list":{"0":"post-110099","1":"product","2":"type-product","3":"status-publish","4":"has-post-thumbnail","6":"product_cat-eau-de-parfum-dame","7":"product_cat-kampagne","8":"product_cat-kampagnetilbud-til-hende","9":"product_tag-liu-jo-glam-edp","10":"pa_brand-liu-jo","11":"pa_variant-30ml","12":"berocket_brand-liu-jo","14":"first","15":"instock","16":"sale","17":"taxable","18":"shipping-taxable","19":"purchasable","20":"product-type-simple"},"_links":{"self":[{"href":"https:\/\/stylingagenten.com\/da\/wp-json\/wp\/v2\/product\/110099","targetHints":{"allow":["GET"]}}],"collection":[{"href":"https:\/\/stylingagenten.com\/da\/wp-json\/wp\/v2\/product"}],"about":[{"href":"https:\/\/stylingagenten.com\/da\/wp-json\/wp\/v2\/types\/product"}],"replies":[{"embeddable":true,"href":"https:\/\/stylingagenten.com\/da\/wp-json\/wp\/v2\/comments?post=110099"}],"version-history":[{"count":0,"href":"https:\/\/stylingagenten.com\/da\/wp-json\/wp\/v2\/product\/110099\/revisions"}],"wp:featuredmedia":[{"embeddable":true,"href":"https:\/\/stylingagenten.com\/da\/wp-json\/wp\/v2\/media\/110093"}],"wp:attachment":[{"href":"https:\/\/stylingagenten.com\/da\/wp-json\/wp\/v2\/media?parent=110099"}],"wp:term":[{"taxonomy":"product_brand","embeddable":true,"href":"https:\/\/stylingagenten.com\/da\/wp-json\/wp\/v2\/product_brand?post=110099"},{"taxonomy":"product_cat","embeddable":true,"href":"https:\/\/stylingagenten.com\/da\/wp-json\/wp\/v2\/product_cat?post=110099"},{"taxonomy":"product_tag","embeddable":true,"href":"https:\/\/stylingagenten.com\/da\/wp-json\/wp\/v2\/product_tag?post=110099"},{"taxonomy":"berocket_brand","embeddable":true,"href":"https:\/\/stylingagenten.com\/da\/wp-json\/wp\/v2\/berocket_brand?post=110099"}],"curies":[{"name":"wp","href":"https:\/\/api.w.org\/{rel}","templated":true}]}}