{"id":110088,"date":"2025-05-18T20:51:40","date_gmt":"2025-05-18T20:51:40","guid":{"rendered":"https:\/\/staging2.stylingagenten.com\/da\/produkt\/wella-blondor-multi-blonde-800g\/"},"modified":"2025-11-19T11:37:06","modified_gmt":"2025-11-19T11:37:06","slug":"wella-blondor-multi-blonde-800g","status":"publish","type":"product","link":"https:\/\/stylingagenten.com\/da\/produkt\/wella-blondor-multi-blonde-800g\/","title":{"rendered":"Wella Blondor Multi Blonde 800g"},"content":{"rendered":"<p>F&aring; til den perfekte blonde nuance med Wella Professionals Blondor Multi Blonde blegepulver, som g\u00f8r h\u00e5ret op til syv nuancer lysere med et p\u00e5lideligt resultat.<\/p>\n<p>Pudderet kan bruges b\u00e5de p\u00e5; farvet og ufarvet h\u00e5r og derfor et perfekt tilbeh\u00f8r til alle h\u00e5rblegningsteknikker. Den specielle Tri-Lightening-teknologi beskytter ogs\u00e5 mod u\u00f8nskede gule og orange pigmenter.<\/p>\n<p>Blondor har flere gange vundet prisen for det bedste blegemiddel i den internationale andenplads &rdquo;The Stylist Choice Award&amp;rdquo ;. 10% vol &#8211; (langsom proces, blidere) 20% vol &#8211; til normal blegning 30% vol &#8211; for maksimal l\u00f8ft.<\/p>\n<p><strong>Egenskaber:<\/strong><\/p>\n<ul type=\"disc\">\n<li>g\u00f8r h\u00e5ret op til syv nuancer lysere<\/li>\n<li>giver h\u00e5ret en klar og skinnende farve<\/li>\n<li>fjerner u\u00f8nskede gule og orange pigmenter<\/li>\n<p> li&gt;<\/p>\n<li>kan bruges p\u00e5; bragt farvet og ufarvet her<\/li>\n<\/ul>\n<p><strong>Samling:<\/strong><\/p>\n<ul type=\"disc\">\n<li> Tri-Lightening &ndash; reducerer gule og orange toner under blegning<\/li>\n<\/ul>\n<p><strong>Kun til professionel brug i fris\u00f8rsaloner.<\/strong><\/p>\n","protected":false},"excerpt":{"rendered":"<p>F&aring; til den perfekte blonde nuance med Wella Professionals Blondor Multi Blonde blegepulver, som g\u00f8r h\u00e5ret op til syv nuancer lysere med et p\u00e5lideligt resultat. Pudderet kan bruges b\u00e5de p\u00e5; farvet og ufarvet h\u00e5r og derfor et perfekt tilbeh\u00f8r til alle h\u00e5rblegningsteknikker. Den specielle Tri-Lightening-teknologi beskytter ogs\u00e5 mod u\u00f8nskede gule og orange pigmenter. Blondor har [&hellip;]<\/p>\n","protected":false},"featured_media":110087,"comment_status":"open","ping_status":"closed","template":"","meta":{"_trash_the_other_posts":false},"product_brand":[],"product_cat":[735,999],"product_tag":[],"berocket_brand":[1030],"class_list":{"0":"post-110088","1":"product","2":"type-product","3":"status-publish","4":"has-post-thumbnail","6":"product_cat-kampagne","7":"product_cat-kampagnetilbud-til-hende","8":"pa_brand-wella","9":"berocket_brand-wella","11":"first","12":"outofstock","13":"sale","14":"taxable","15":"shipping-taxable","16":"purchasable","17":"product-type-simple"},"_links":{"self":[{"href":"https:\/\/stylingagenten.com\/da\/wp-json\/wp\/v2\/product\/110088","targetHints":{"allow":["GET"]}}],"collection":[{"href":"https:\/\/stylingagenten.com\/da\/wp-json\/wp\/v2\/product"}],"about":[{"href":"https:\/\/stylingagenten.com\/da\/wp-json\/wp\/v2\/types\/product"}],"replies":[{"embeddable":true,"href":"https:\/\/stylingagenten.com\/da\/wp-json\/wp\/v2\/comments?post=110088"}],"version-history":[{"count":0,"href":"https:\/\/stylingagenten.com\/da\/wp-json\/wp\/v2\/product\/110088\/revisions"}],"wp:featuredmedia":[{"embeddable":true,"href":"https:\/\/stylingagenten.com\/da\/wp-json\/wp\/v2\/media\/110087"}],"wp:attachment":[{"href":"https:\/\/stylingagenten.com\/da\/wp-json\/wp\/v2\/media?parent=110088"}],"wp:term":[{"taxonomy":"product_brand","embeddable":true,"href":"https:\/\/stylingagenten.com\/da\/wp-json\/wp\/v2\/product_brand?post=110088"},{"taxonomy":"product_cat","embeddable":true,"href":"https:\/\/stylingagenten.com\/da\/wp-json\/wp\/v2\/product_cat?post=110088"},{"taxonomy":"product_tag","embeddable":true,"href":"https:\/\/stylingagenten.com\/da\/wp-json\/wp\/v2\/product_tag?post=110088"},{"taxonomy":"berocket_brand","embeddable":true,"href":"https:\/\/stylingagenten.com\/da\/wp-json\/wp\/v2\/berocket_brand?post=110088"}],"curies":[{"name":"wp","href":"https:\/\/api.w.org\/{rel}","templated":true}]}}