{"id":110063,"date":"2025-05-18T20:51:33","date_gmt":"2025-05-18T20:51:33","guid":{"rendered":"https:\/\/staging2.stylingagenten.com\/da\/produkt\/giftset-marc-jacobs-perfect-edp-50ml-body-lotion-75ml\/"},"modified":"2026-03-11T22:06:29","modified_gmt":"2026-03-11T22:06:29","slug":"giftset-marc-jacobs-perfect-edp-50ml-body-lotion-75ml","status":"publish","type":"product","link":"https:\/\/stylingagenten.com\/da\/produkt\/giftset-marc-jacobs-perfect-edp-50ml-body-lotion-75ml\/","title":{"rendered":"Giftset Marc Jacobs Perfect Edp 50ml + Body Lotion 75ml"},"content":{"rendered":"<p>Indeholder: Marc Jacobs Perfect Edp 50ml + Body Lotion 75ml<\/p>\n<p>Moderne, let og feminin. Oplev Marc Jacobs&#8217; nye Perfect Eau de Parfum, en legende og vanedannende blomsterduft skabt af parfum\u00f8ren Domitille Michalon-Bertier. Perfekt er en hyldest til dig selv, til selvaccept og originalitet. Ligesom tatoveringen p\u00e5 Marc Jacobs&#8217; h\u00e5ndled &#8220;perfekt&#8221;, fortaler duften &#8211; du er perfekt, lige som du er.<br \/>&#8211;<br \/>Perfect Eau de Parfum er en uventet og samtidig harmonisk parfume, hvor friske blomster m\u00f8des harmonisk , bl\u00f8de duft akkorder. Duften \u00e5bner med noter af saftige rabarber og p\u00e5skeliljer, og i hjertet finder vi cremet mandelm\u00e6lk. Perfekt er intet, du forventer, men alt, hvad du skal v\u00e6re.<br \/>&#8211;<br \/>Top: Rabarber, p\u00e5skelilje<br \/>Hjerte: Mandelm\u00e6lk<br \/>Base: Cedertr\u00e6, Cashmeran<\/p>\n","protected":false},"excerpt":{"rendered":"<p>Indeholder: Marc Jacobs Perfect Edp 50ml + Body Lotion 75ml Moderne, let og feminin. Oplev Marc Jacobs&#8217; nye Perfect Eau de Parfum, en legende og vanedannende blomsterduft skabt af parfum\u00f8ren Domitille Michalon-Bertier. Perfekt er en hyldest til dig selv, til selvaccept og originalitet. Ligesom tatoveringen p\u00e5 Marc Jacobs&#8217; h\u00e5ndled &#8220;perfekt&#8221;, fortaler duften &#8211; du er [&hellip;]<\/p>\n","protected":false},"featured_media":110062,"comment_status":"open","ping_status":"closed","template":"","meta":{"_trash_the_other_posts":false},"product_brand":[],"product_cat":[544,735,999,1005],"product_tag":[],"berocket_brand":[1069],"class_list":{"0":"post-110063","1":"product","2":"type-product","3":"status-publish","4":"has-post-thumbnail","6":"product_cat-gavesaet-parfume-damer","7":"product_cat-kampagne","8":"product_cat-kampagnetilbud-til-hende","9":"product_cat-outlet","10":"pa_brand-marc-jacobs","11":"berocket_brand-marc-jacobs","13":"first","14":"instock","15":"sale","16":"taxable","17":"shipping-taxable","18":"purchasable","19":"product-type-simple"},"_links":{"self":[{"href":"https:\/\/stylingagenten.com\/da\/wp-json\/wp\/v2\/product\/110063","targetHints":{"allow":["GET"]}}],"collection":[{"href":"https:\/\/stylingagenten.com\/da\/wp-json\/wp\/v2\/product"}],"about":[{"href":"https:\/\/stylingagenten.com\/da\/wp-json\/wp\/v2\/types\/product"}],"replies":[{"embeddable":true,"href":"https:\/\/stylingagenten.com\/da\/wp-json\/wp\/v2\/comments?post=110063"}],"version-history":[{"count":0,"href":"https:\/\/stylingagenten.com\/da\/wp-json\/wp\/v2\/product\/110063\/revisions"}],"wp:featuredmedia":[{"embeddable":true,"href":"https:\/\/stylingagenten.com\/da\/wp-json\/wp\/v2\/media\/110062"}],"wp:attachment":[{"href":"https:\/\/stylingagenten.com\/da\/wp-json\/wp\/v2\/media?parent=110063"}],"wp:term":[{"taxonomy":"product_brand","embeddable":true,"href":"https:\/\/stylingagenten.com\/da\/wp-json\/wp\/v2\/product_brand?post=110063"},{"taxonomy":"product_cat","embeddable":true,"href":"https:\/\/stylingagenten.com\/da\/wp-json\/wp\/v2\/product_cat?post=110063"},{"taxonomy":"product_tag","embeddable":true,"href":"https:\/\/stylingagenten.com\/da\/wp-json\/wp\/v2\/product_tag?post=110063"},{"taxonomy":"berocket_brand","embeddable":true,"href":"https:\/\/stylingagenten.com\/da\/wp-json\/wp\/v2\/berocket_brand?post=110063"}],"curies":[{"name":"wp","href":"https:\/\/api.w.org\/{rel}","templated":true}]}}